{"id":828,"date":"2015-10-02T18:00:21","date_gmt":"2015-10-02T18:00:21","guid":{"rendered":"http:\/\/gradocau.umh.es\/?page_id=828"},"modified":"2020-07-07T07:32:25","modified_gmt":"2020-07-07T07:32:25","slug":"cicap","status":"publish","type":"page","link":"https:\/\/gradocau.umh.es\/en\/estudiantado\/cicap\/","title":{"rendered":"Congresos y Seminarios"},"content":{"rendered":"<p><a title=\"CICAP 2015\" href=\"http:\/\/gradocau.umh.es\/category\/cicap-2015\/\" target=\"_blank\"><strong>CONGRESO INTERNACIONAL DE COMUNICACI\u00d3N AUDIOVISUAL Y PUBLICIDAD, CICAP<\/strong><\/a><\/p>\n<p class=\"p1\">El <strong>Congreso Internacional de Comunicaci\u00f3n Audiovisual y Publicidad, CICAP<\/strong>, es un espacio de encuentro para fomentar la divulgaci\u00f3n, el debate y la investigaci\u00f3n sobre la cultura e industria audiovisual en su m\u00e1s amplio sentido. Re\u00fane los \u00e1mbitos acad\u00e9mico y profesional para ofrecer una mirada multidisciplinar y, al mismo tiempo, capaz de aportar perspectivas de futuro para los j\u00f3venes estudiantes y futuros profesionales.<\/p>\n<p>Este evento se ha venido celebrando peri\u00f3dicamente desde el a\u00f1o 2009 en la Universidad Miguel Hern\u00e1ndez de Elche. Tuvo su origen en 2009 con las I Jornadas de Comunicaci\u00f3n Audiovisual y Publicidad que tuvieron como\u00a0t\u00edtulo\u00a0<em>Las Fuerzas Armadas del Estado y los Medios de Comunicaci\u00f3n<\/em>;\u00a0para convertirse posteriormente en el Congreso Internacional de Comunicaci\u00f3n Audiovisual y Publicidad, CICAP, que en sus dos primeras ediciones abord\u00f3 las tem\u00e1ticas <em>Internet y la informaci\u00f3n<\/em> (2010) y <em>Dise\u00f1o, creatividad e informaci\u00f3n<\/em> (2011).<span class=\"Apple-converted-space\">\u00a0<\/span><\/p>\n<p>En su tercera edici\u00f3n, CICAP se convierte en evento fundamental para la Titulaci\u00f3n de Comunicaci\u00f3n Audiovisual y Publicidad, acercando a todos sus estudiantes el universo creativo y profesional de su elecci\u00f3n educativa.<\/p>\n<p>CICAP 2015 centra su tem\u00e1tica en Las series de ficci\u00f3n en Televisi\u00f3n e\u00a0Internet.<\/p>\n<p>En su cuarta edici\u00f3n, CICAP 2016 focaliza su atenci\u00f3n acerca del futuro y la promoci\u00f3n del cortometraje, convirti\u00e9ndose en uno de los principales foros para debatir con profesionales y expertos sobre estas cuestiones.<\/p>\n<p>Web del congreso:\u00a0<a href=\"http:\/\/cicapumh.net\/\" target=\"_blank\">http:\/\/cicapumh.net\/<\/a><\/p>\n<hr \/>\n<p>&nbsp;<\/p>\n<p><a title=\"Seminario de Posproducci\u00f3n y Arte Digital 2016\" href=\"http:\/\/gradocau.umh.es\/cicap\/seminario-de-posproduccion-y-arte-digital-2016\/\" target=\"_blank\"><strong>SEMINARIO INTERNACIONAL DE POSPRODUCCI\u00d3N Y ARTE DIGITAL<\/strong><\/a><\/p>\n<p>El Seminario Internacional de Postproducci\u00f3n y Arte Digital pretende acercar el fascinante mundo de la posproducci\u00f3n audiovisual para cine y publicidad a trav\u00e9s de las ponencias y charlas de algunos de los mejores profesionales y expertos del sector, junto a la realizaci\u00f3n de workshops y talleres, en los que el alumnado pueda poner en pr\u00e1ctica y experimentar con los distintos programas y t\u00e9cnicas de edici\u00f3n avanzada de v\u00eddeo, efectos visuales, motion graphics, retoque de color, animaci\u00f3n o modelado 3d, entre otros muchos.<\/p>\n<p>Web del Seminario:\u00a0<a href=\"http:\/\/posproduccionyartedigital.edu.umh.es\/\" target=\"_blank\">http:\/\/posproduccionyartedigital.edu.umh.es\/<\/a><\/p>\n<p>&nbsp;<\/p>\n<h3 class=\"block-title\"><\/h3>\n","protected":false},"excerpt":{"rendered":"<p>CONGRESO INTERNACIONAL DE COMUNICACI\u00d3N AUDIOVISUAL Y PUBLICIDAD, CICAP El Congreso Internacional de Comunicaci\u00f3n Audiovisual y Publicidad, CICAP, es un espacio de encuentro para fomentar la divulgaci\u00f3n, el debate y la investigaci\u00f3n sobre la cultura e industria audiovisual en su m\u00e1s amplio sentido. Re\u00fane los \u00e1mbitos acad\u00e9mico y profesional para ofrecer una mirada multidisciplinar y, al [&hellip;]<\/p>\n","protected":false},"author":790,"featured_media":0,"parent":281,"menu_order":55,"comment_status":"closed","ping_status":"closed","template":"","meta":{"_links_to":"","_links_to_target":""},"_links":{"self":[{"href":"https:\/\/gradocau.umh.es\/en\/wp-json\/wp\/v2\/pages\/828"}],"collection":[{"href":"https:\/\/gradocau.umh.es\/en\/wp-json\/wp\/v2\/pages"}],"about":[{"href":"https:\/\/gradocau.umh.es\/en\/wp-json\/wp\/v2\/types\/page"}],"author":[{"embeddable":true,"href":"https:\/\/gradocau.umh.es\/en\/wp-json\/wp\/v2\/users\/790"}],"replies":[{"embeddable":true,"href":"https:\/\/gradocau.umh.es\/en\/wp-json\/wp\/v2\/comments?post=828"}],"version-history":[{"count":0,"href":"https:\/\/gradocau.umh.es\/en\/wp-json\/wp\/v2\/pages\/828\/revisions"}],"up":[{"embeddable":true,"href":"https:\/\/gradocau.umh.es\/en\/wp-json\/wp\/v2\/pages\/281"}],"wp:attachment":[{"href":"https:\/\/gradocau.umh.es\/en\/wp-json\/wp\/v2\/media?parent=828"}],"curies":[{"name":"wp","href":"https:\/\/api.w.org\/{rel}","templated":true}]}}