{"id":8007,"date":"2022-03-25T13:22:32","date_gmt":"2022-03-25T13:22:32","guid":{"rendered":"http:\/\/gradocau.umh.es\/?page_id=8007"},"modified":"2022-03-25T14:58:39","modified_gmt":"2022-03-25T14:58:39","slug":"procedimiento-preparacion-learning-agreement-acuerdo-academico","status":"publish","type":"page","link":"https:\/\/gradocau.umh.es\/en\/estudiantado\/movilidad\/procedimiento-preparacion-learning-agreement-acuerdo-academico\/","title":{"rendered":"PROCEDIMIENTO PREPARACI\u00d3N ACUERDO ACAD\u00c9MICO"},"content":{"rendered":"<p>El primer paso tras la asignaci\u00f3n definitiva de plazas tanto para el programa de movilidad ERASMUS+ como para el programa de movilidad SICUE es preparar el borrador del acuerdo acad\u00e9mico. Este borrador deb\u00e9is prepararlo seg\u00fan las siguientes indicaciones. Una vez el borrador ha sido supervisado por los coordinadores acad\u00e9micos de las titulaciones y se ha obtenido su visto bueno deb\u00e9is formalizarlo a trav\u00e9s del aplicativo online de la ORI. Importante, la informaci\u00f3n aqu\u00ed presente versa \u00fanicamente sobre la preparaci\u00f3n del borrador del acuerdo acad\u00e9mico. Para m\u00e1s informaci\u00f3n respecto al aplicativo online pod\u00e9is consultar con la Oficina de Relaciones Internacionales (ORI): <a href=\"https:\/\/internacional.umh.es\/\" target=\"_blank\">https:\/\/internacional.umh.es\/<\/a><\/p>\n<p>&nbsp;<\/p>\n<p><strong>PREPARACI\u00d3N LEARNING AGREEMENT PARA LAS TITULACIONES DE PERIODISMO, COMUNICACI\u00d3N AUDIOVISUAL Y DOBLE GRADO EN COMUNICACI\u00d3N AUDIOVISUAL Y PERIODISMO.<\/strong><\/p>\n<p>1\u00ba) <strong>Descargar el documento plantilla<\/strong>: <a href=\"https:\/\/docs.google.com\/spreadsheets\/d\/1iHGZjtU5f1ulKspM7Df4KbhIB3kOpb1G\/edit?usp=sharing&amp;ouid=115027932350937033808&amp;rtpof=true&amp;sd=true\" target=\"_blank\">PLANTILLA\u00a0ACUERDO ACAD\u00c9MICO PARA ERASMUS+ Y SICUE<\/a>\u00a0<strong>(para descargarlo debes haberte logeado previamente con tu usuario y contrase\u00f1a UMH)<\/strong><\/p>\n<p>2\u00ba) <strong>Cumplimentar el documento plantilla<\/strong> con la informaci\u00f3n que recopil\u00e9is de la web de la universidad de destino.<\/p>\n<p>En este paso<strong> deb\u00e9is establecer la propuesta de convalidaci\u00f3n entre dos asignaturas (UMH y Universidad de destino):<\/strong> estas deben tener un m\u00ednimo del 70% de similitud en cuanto a sus contenidos y cr\u00e9ditos. Por tanto deb\u00e9is revisar los programas, unidades de contenido y did\u00e1cticas, competencias, etc. de las asignaturas. La similitud debe estar en\u00a0la materia y contenido de la asignatura, y no necesariamente en el nombre de la misma.<\/p>\n<p><strong>Instrucciones para cumplimentar la plantilla de propuesta de acuerdo acad\u00e9mico:\u00a0<\/strong> Hay un bloque a la izquierda para introducir la informaci\u00f3n de las asignaturas UMH (nombre, enlace y cr\u00e9ditos) y otro bloque a la derecha para cumplimentar la informaci\u00f3n de las asignaturas\u00a0de la universidad de destino (nombre, enlace y cr\u00e9ditos). En la casilla del enlace web de cada asignatura deb\u00e9is pegar el enlace a la web del programa (gu\u00eda docente) de cada una de las asignaturas. Si la universidad de destino ofrece esta informaci\u00f3n en documentos pdf deb\u00e9is subir estos documentos a vuestro Google Drive y pegar el enlace al documento compartido desde vuestro Drive en la casilla correspondiente del excel.<\/p>\n<p>El documento excel debe guardarse con el siguiente formato de nombre de fichero: APELLIDO1_APELLIDO2_NOMBRE_TITULACI\u00d3N (en titulaci\u00f3n debe indicarse: CAU, CAUP o PER). Ejemplo: GARCIA_GARCIA_ANTONIO_CAUP.xls<\/p>\n<p>3\u00ba) <strong>Instrucciones para la revisi\u00f3n de la propuesta de acuerdo acad\u00e9mico (ESTUDIANTE- VICEDECANO\/A)<\/strong>: Una vez cumplimentado el documento en su primera versi\u00f3n, deb\u00e9is escribir al coordinador\/a acad\u00e9mica despu\u00e9s de subirlo al siguiente enlace de Google Drive:\u00a0<a href=\"https:\/\/drive.google.com\/drive\/folders\/1jsKZTRkAECY6q_neDH_a2voV69_ojUcL?usp=sharing\">https:\/\/drive.google.com\/drive\/folders\/1jsKZTRkAECY6q_neDH_a2voV69_ojUcL?usp=sharing<\/a><\/p>\n<p>Tras la revisi\u00f3n de la propuesta por parte del coordinador acad\u00e9mico correspondiente, se os enviar\u00e1 un email con el enlace al documento online y se os comunicar\u00e1n las modificaciones y\/o cambios que deb\u00e9is realizar. Deb\u00e9is trabajar en todo momento en este documento online, que ser\u00e1 el documento en el que se llevar\u00e1 a cabo el seguimiento y revisi\u00f3n hasta su versi\u00f3n definitiva. NO DESCARGARLO ni volverlo a subir al paso anterior.<\/p>\n<p>4\u00ba) <strong>Formalizaci\u00f3n del acuerdo acad\u00e9mico<\/strong><\/p>\n<p>Una vez que cuentes con el visto bueno del vicedecano o de la vicedecana, deber\u00e1s cumplimentar el modelo oficial y tramitarlo directamente con la ORI a trav\u00e9s del su aplicativo online. Esta fase se explicar\u00e1 en la sesi\u00f3n informativa que organiza anualmente la ORI tras la publicaci\u00f3n de la asignaci\u00f3n definitiva. Si ten\u00e9is dudas acerca de esta fase de formalizaci\u00f3n del acuerdo acad\u00e9mico pod\u00e9is consultar directamente con la ORI:\u00a0<a href=\"https:\/\/internacional.umh.es\/\" target=\"_blank\">https:\/\/internacional.umh.es\/<\/a><\/p>\n","protected":false},"excerpt":{"rendered":"<p>El primer paso tras la asignaci\u00f3n definitiva de plazas tanto para el programa de movilidad ERASMUS+ como para el programa de movilidad SICUE es preparar el borrador del acuerdo acad\u00e9mico. Este borrador deb\u00e9is prepararlo seg\u00fan las siguientes indicaciones. Una vez el borrador ha sido supervisado por los coordinadores acad\u00e9micos de las titulaciones y se ha [&hellip;]<\/p>\n","protected":false},"author":2745,"featured_media":0,"parent":747,"menu_order":0,"comment_status":"closed","ping_status":"open","template":"","meta":{"_links_to":"","_links_to_target":""},"_links":{"self":[{"href":"https:\/\/gradocau.umh.es\/en\/wp-json\/wp\/v2\/pages\/8007"}],"collection":[{"href":"https:\/\/gradocau.umh.es\/en\/wp-json\/wp\/v2\/pages"}],"about":[{"href":"https:\/\/gradocau.umh.es\/en\/wp-json\/wp\/v2\/types\/page"}],"author":[{"embeddable":true,"href":"https:\/\/gradocau.umh.es\/en\/wp-json\/wp\/v2\/users\/2745"}],"replies":[{"embeddable":true,"href":"https:\/\/gradocau.umh.es\/en\/wp-json\/wp\/v2\/comments?post=8007"}],"version-history":[{"count":0,"href":"https:\/\/gradocau.umh.es\/en\/wp-json\/wp\/v2\/pages\/8007\/revisions"}],"up":[{"embeddable":true,"href":"https:\/\/gradocau.umh.es\/en\/wp-json\/wp\/v2\/pages\/747"}],"wp:attachment":[{"href":"https:\/\/gradocau.umh.es\/en\/wp-json\/wp\/v2\/media?parent=8007"}],"curies":[{"name":"wp","href":"https:\/\/api.w.org\/{rel}","templated":true}]}}