{"id":7914,"date":"2022-03-23T12:28:41","date_gmt":"2022-03-23T12:28:41","guid":{"rendered":"http:\/\/gradocau.umh.es\/?page_id=7914"},"modified":"2022-03-23T12:34:38","modified_gmt":"2022-03-23T12:34:38","slug":"experiencia-outgoing-plymouth","status":"publish","type":"page","link":"https:\/\/gradocau.umh.es\/en\/estudiantado\/movilidad\/experiencias-outgoing\/experiencia-outgoing-plymouth\/","title":{"rendered":"EXPERIENCIA OUTGOING PLYMOUTH"},"content":{"rendered":"<section class=\"banner_main\">\n<div class=\"container-fluid\">\n<div class=\"row d_flex \">\n<div class=\"col-xl-4 col-lg-4 col-md-12\">\n<div class=\"banner_main_text\">\n<h1>PLYMOUTH<\/h1>\n<div class=\"titlepage\">\n<h2>EXPERIENCIAS ERASMUS<\/h2>\n<p>\u00a1Es el momento de ampliar tu formaci\u00f3n y viajar a otras ciudades para aprender nuevos idiomas, visitar otros horizontes y conocer formas de aprendizaje diferetes!<\/p>\n<p>Conoce la <a href=\"https:\/\/www.plymouthart.ac.uk\/\"><span style=\"text-decoration: underline;\"> Universidad de Plymouth<\/span> <\/a> accede a <a href=\"https:\/\/www.plymouthart.ac.uk\/courses\/undergraduate\/ba-hons-film-screen-arts\"> <span style=\"text-decoration: underline;\">su plan de estudios<\/span> <\/a> y lo que ofrece a los <a href=\"https:\/\/www.plymouthart.ac.uk\/international\"><span style=\"text-decoration: underline;\"> estudiantes de movilidad <\/span> <\/a>.<\/p>\n<\/div>\n<\/div>\n<\/div>\n<div class=\"col-xl-8 col-lg-8 col-md-12 padding_right\">\n<div class=\"banner_main_img\">\n<figure><img src=\"http:\/\/gradocau.umh.es\/files\/2022\/03\/CIUDAD_BIEN.jpg\" alt=\"#\" \/><\/figure>\n<\/div>\n<\/div>\n<\/div>\n<\/div>\n<\/section>\n<p><!-- end banner --><br \/>\n<!-- about --><\/p>\n<div id=\"about\" class=\"about\">\n<div class=\"container-fluid\">\n<div class=\"row d_flex\">\n<div class=\"col-xl-7 col-lg-7 col-md-12 padding_lert\">\n<div class=\"about_video\"><iframe loading=\"lazy\" title=\"YouTube video player\" src=\"https:\/\/www.youtube.com\/embed\/78ncm5I-X9Y\" width=\"574\" height=\"300\" frameborder=\"0\" allowfullscreen=\"allowfullscreen\"><\/iframe><\/div>\n<\/div>\n<div class=\"col-xl-5 col-lg-5 col-md-12\">\n<div class=\"about_text\">\n<div class=\"titlepage\">\n<h2>Informaci\u00f3n acad\u00e9mica de la Universidad de Plymouth<\/h2>\n<p>\u00bfTienes dudas sobre c\u00f3mo ser\u00e1n las clases en la Universidad de Plymouth?; \u00bfte da miedo la convalidaci\u00f3n de asignaturas?; \u00bfno sabes qu\u00e9 nivel de idiomas necesitas y c\u00f3mo obtenerlo?<\/p>\n<p>\u00a1Haz click al v\u00eddeo para que Paula te lo cuente de primera mano!<\/p>\n<\/div>\n<\/div>\n<\/div>\n<\/div>\n<\/div>\n<\/div>\n<p><!-- end about --><br \/>\n<!-- our --><\/p>\n<div id=\"our\" class=\"our\">\n<div class=\"container-fluid\">\n<div class=\"row d_flex\">\n<div class=\"col-xl-5 col-lg-5 col-md-12 order_2\">\n<div class=\"our_text\">\n<div class=\"titlepage\">\n<h2>\u00a1Sobrevivir de Erasmus en Plymouth!<\/h2>\n<p>El mar es uno de los lugares favoritos de Paula. Y en Plymouth goza de unas vistas privilegiadas. Dice que la ciudad &#8220;es una mezcla entre lo antiguo y lo moderno&#8221;. Y que por ello est\u00e1 &#8220;encantad\u00edsima de vivir all\u00ed&#8221;. Pero, \u00bfc\u00f3mo han conseguido alojamiento?; y la universidad, \u00bfc\u00f3mo fue su incorporaci\u00f3n?<\/p>\n<p>\u00a1Haz click al v\u00eddeo y conoce la experiencia de Paula !<\/p>\n<\/div>\n<\/div>\n<\/div>\n<div class=\"col-xl-7 col-lg-7 col-md-12 padding_right order_1\">\n<div class=\"our_video\"><iframe loading=\"lazy\" title=\"YouTube video player\" src=\"https:\/\/www.youtube.com\/embed\/mmc_BTtoz2A\" width=\"574\" height=\"300\" frameborder=\"0\" allowfullscreen=\"allowfullscreen\"><\/iframe><\/div>\n<\/div>\n<\/div>\n<\/div>\n<\/div>\n<p><!-- end our --><br \/>\n<!-- our_fruit --><\/p>\n<div id=\"our_fruit\" class=\"our_fruit\">\n<div class=\"container-fluid\">\n<div class=\"row d_flex\">\n<div class=\"col-xl-7 col-lg-7 col-md-12 padding_lert\">\n<div class=\"row\">\n<div class=\"col-md-6 padd_lrri\">\n<div class=\"our_fruit_img\">\n<figure><img src=\"http:\/\/gradocau.umh.es\/files\/2022\/03\/FARO.jpg\" alt=\"#\" \/><\/figure>\n<\/div>\n<\/div>\n<div class=\"col-md-6 padd_lrri\">\n<div class=\"our_fruit_img\">\n<figure><img src=\"http:\/\/gradocau.umh.es\/files\/2022\/03\/PLYMOUTH.jpg\" alt=\"#\" \/><\/figure>\n<\/div>\n<\/div>\n<div class=\"col-md-6 padd_lrri\">\n<div class=\"our_fruit_img\">\n<figure><img src=\"http:\/\/gradocau.umh.es\/files\/2022\/03\/UNI.jpg\" alt=\"#\" \/><\/figure>\n<\/div>\n<\/div>\n<div class=\"col-md-6 padd_lrri\">\n<div class=\"our_fruit_img\">\n<figure><img src=\"http:\/\/gradocau.umh.es\/files\/2022\/03\/CIUDAD.jpg\" alt=\"#\" \/><\/figure>\n<\/div>\n<\/div>\n<\/div>\n<\/div>\n<div class=\"col-xl-5 col-lg-5 col-md-12\">\n<div class=\"our_fruit_text\">\n<div class=\"titlepage\">\n<h2>Fotograf\u00edas estudiantes<\/h2>\n<p>La Torre Smeaton, la ciudad de Plymouth, el exterior de la Universidad y una de sus aulas &#8211;<br \/>\n<i> Fotos enviadas por Paula<\/i><\/p>\n<\/div>\n<h2>Requisitos:<\/h2>\n<p><strong>IDIOMAS<\/strong><\/p>\n<div class=\"\">\n<p>En el momento de la inscripci\u00f3n en la Universidad de<br \/>\ndestino el estudiante deber\u00e1 tener como m\u00ednimo<br \/>\nconocimientos de Ingl\u00e9s nivel B2. <a href=\"https:\/\/www.idiomasumh.es\/es\/test-de-nivel\/erasmus\">Enlace al Centro de Idiomas UMH (informaci\u00f3n pruebas de nivel, matr\u00edcula y fechas)<\/a><\/p>\n<div>\n<strong>****INFORMACI\u00d3N IMPORTANTE****<\/strong><br \/>\nEste destino no se encuentra actualmente dentro de la oferta de destinos Erasmus+ debido a las circunstancias actuales en relaci\u00f3n al Brexit.\n<\/div>\n<\/div>\n<\/div>\n<\/div>\n<\/div>\n<\/div>\n<\/div>\n<p><!-- end testimonial --><br \/>\n<!--  footer --><\/p>\n<footer>\n<div class=\"footer\"><\/div>\n<\/footer>\n","protected":false},"excerpt":{"rendered":"<p>PLYMOUTH EXPERIENCIAS ERASMUS \u00a1Es el momento de ampliar tu formaci\u00f3n y viajar a otras ciudades para aprender nuevos idiomas, visitar otros horizontes y conocer formas de aprendizaje diferetes! Conoce la Universidad de Plymouth accede a su plan de estudios y lo que ofrece a los estudiantes de movilidad . Informaci\u00f3n acad\u00e9mica de la Universidad de [&hellip;]<\/p>\n","protected":false},"author":2745,"featured_media":0,"parent":6163,"menu_order":0,"comment_status":"closed","ping_status":"open","template":"","meta":{"_links_to":"","_links_to_target":""},"_links":{"self":[{"href":"https:\/\/gradocau.umh.es\/en\/wp-json\/wp\/v2\/pages\/7914"}],"collection":[{"href":"https:\/\/gradocau.umh.es\/en\/wp-json\/wp\/v2\/pages"}],"about":[{"href":"https:\/\/gradocau.umh.es\/en\/wp-json\/wp\/v2\/types\/page"}],"author":[{"embeddable":true,"href":"https:\/\/gradocau.umh.es\/en\/wp-json\/wp\/v2\/users\/2745"}],"replies":[{"embeddable":true,"href":"https:\/\/gradocau.umh.es\/en\/wp-json\/wp\/v2\/comments?post=7914"}],"version-history":[{"count":0,"href":"https:\/\/gradocau.umh.es\/en\/wp-json\/wp\/v2\/pages\/7914\/revisions"}],"up":[{"embeddable":true,"href":"https:\/\/gradocau.umh.es\/en\/wp-json\/wp\/v2\/pages\/6163"}],"wp:attachment":[{"href":"https:\/\/gradocau.umh.es\/en\/wp-json\/wp\/v2\/media?parent=7914"}],"curies":[{"name":"wp","href":"https:\/\/api.w.org\/{rel}","templated":true}]}}