{"id":6163,"date":"2021-06-15T08:55:52","date_gmt":"2021-06-15T08:55:52","guid":{"rendered":"http:\/\/gradocau.umh.es\/?page_id=6163"},"modified":"2022-04-29T15:53:46","modified_gmt":"2022-04-29T15:53:46","slug":"experiencias-outgoing","status":"publish","type":"page","link":"https:\/\/gradocau.umh.es\/en\/estudiantado\/movilidad\/experiencias-outgoing\/","title":{"rendered":"EXPERIENCIAS OUTGOING"},"content":{"rendered":"<p><a href=\"http:\/\/gradocau.umh.es\/files\/2020\/12\/erasmus.jpg\"><img loading=\"lazy\" class=\"alignnone size-medium wp-image-5792\" src=\"http:\/\/gradocau.umh.es\/files\/2020\/12\/erasmus-300x253.jpg\" alt=\"erasmus\" width=\"300\" height=\"253\" srcset=\"https:\/\/gradocau.umh.es\/files\/2020\/12\/erasmus-300x253.jpg 300w, https:\/\/gradocau.umh.es\/files\/2020\/12\/erasmus.jpg 500w\" sizes=\"(max-width: 300px) 100vw, 300px\" \/><\/a><a href=\"http:\/\/gradocau.umh.es\/files\/2021\/05\/SICUE.jpeg\"><img loading=\"lazy\" class=\"alignnone size-medium wp-image-6081\" src=\"http:\/\/gradocau.umh.es\/files\/2021\/05\/SICUE-300x215.jpeg\" alt=\"SICUE\" width=\"300\" height=\"215\" srcset=\"https:\/\/gradocau.umh.es\/files\/2021\/05\/SICUE-300x215.jpeg 300w, https:\/\/gradocau.umh.es\/files\/2021\/05\/SICUE.jpeg 640w\" sizes=\"(max-width: 300px) 100vw, 300px\" \/><\/a><br \/>\n<!--\nEn esta secci\u00f3n se publicar\u00e1n\u00a0los v\u00eddeos y testimonios del estudiantado OUTGOING ERASMUS Y SICUE\n\n<strong>I SEMINARIO MOVILIDAD ERASMUS - SICUE 2020<\/strong>\n\n<a href=\"https:\/\/drive.google.com\/file\/d\/1s4nep-lTNANfJz2Cv27p7WfzO0zn2xMh\/view?usp=sharing\">https:\/\/drive.google.com\/file\/d\/1s4nep-lTNANfJz2Cv27p7WfzO0zn2xMh\/view?usp=sharing<\/a>\n\n&nbsp;\n--><br \/>\n<strong>Experiencias OUTGOING por destinos<\/strong><\/p>\n<p>En esta secci\u00f3n se ir\u00e1n publicando de forma continua los v\u00eddeos y testimonios del estudiantado OUTGOING ERASMUS Y SICUE por destinos. Haz click en el destino que te interese descubrir para acceder a toda la informaci\u00f3n!!<\/p>\n<p><strong>CURSO 2021-2022<\/strong><\/p>\n<p><strong><a href=\"http:\/\/gradocau.umh.es\/movilidad\/experiencias-outgoing\/experiencia-outgoing-plymouth\/\">Plymouth College of Art en PLYMOUTH, Reino Unido<\/a> (este destino est\u00e1 temporalmente fuera de la oferta de destinos Erasmus+)<\/strong><\/p>\n<p>&nbsp;<\/p>\n<p><strong>I SEMINARIO MOVILIDAD ERASMUS &#8211; SICUE 2020<\/strong><\/p>\n<p><a href=\"https:\/\/drive.google.com\/file\/d\/1s4nep-lTNANfJz2Cv27p7WfzO0zn2xMh\/view?usp=sharing\">https:\/\/drive.google.com\/file\/d\/1s4nep-lTNANfJz2Cv27p7WfzO0zn2xMh\/view?usp=sharing<\/a><\/p>\n","protected":false},"excerpt":{"rendered":"<p>Experiencias OUTGOING por destinos En esta secci\u00f3n se ir\u00e1n publicando de forma continua los v\u00eddeos y testimonios del estudiantado OUTGOING ERASMUS Y SICUE por destinos. Haz click en el destino que te interese descubrir para acceder a toda la informaci\u00f3n!! CURSO 2021-2022 Plymouth College of Art en PLYMOUTH, Reino Unido (este destino est\u00e1 temporalmente fuera [&hellip;]<\/p>\n","protected":false},"author":2745,"featured_media":0,"parent":747,"menu_order":0,"comment_status":"closed","ping_status":"open","template":"","meta":{"_links_to":"","_links_to_target":""},"_links":{"self":[{"href":"https:\/\/gradocau.umh.es\/en\/wp-json\/wp\/v2\/pages\/6163"}],"collection":[{"href":"https:\/\/gradocau.umh.es\/en\/wp-json\/wp\/v2\/pages"}],"about":[{"href":"https:\/\/gradocau.umh.es\/en\/wp-json\/wp\/v2\/types\/page"}],"author":[{"embeddable":true,"href":"https:\/\/gradocau.umh.es\/en\/wp-json\/wp\/v2\/users\/2745"}],"replies":[{"embeddable":true,"href":"https:\/\/gradocau.umh.es\/en\/wp-json\/wp\/v2\/comments?post=6163"}],"version-history":[{"count":0,"href":"https:\/\/gradocau.umh.es\/en\/wp-json\/wp\/v2\/pages\/6163\/revisions"}],"up":[{"embeddable":true,"href":"https:\/\/gradocau.umh.es\/en\/wp-json\/wp\/v2\/pages\/747"}],"wp:attachment":[{"href":"https:\/\/gradocau.umh.es\/en\/wp-json\/wp\/v2\/media?parent=6163"}],"curies":[{"name":"wp","href":"https:\/\/api.w.org\/{rel}","templated":true}]}}