{"id":5458,"date":"2020-10-21T16:00:49","date_gmt":"2020-10-21T16:00:49","guid":{"rendered":"http:\/\/gradocau.umh.es\/?page_id=5458"},"modified":"2023-09-26T11:39:18","modified_gmt":"2023-09-26T11:39:18","slug":"gestion-tfg","status":"publish","type":"page","link":"https:\/\/gradocau.umh.es\/en\/tfg-2\/gestion-tfg\/","title":{"rendered":"Gesti\u00f3n del TFG"},"content":{"rendered":"<p><\/p>\n<h2 style=\"text-align: justify\"><strong>Procedimiento para gestionar tu TFG<\/strong><\/h2>\n<p>Este procedimiento comprende\u00a0tres\u00a0fases:<\/p>\n<h5><strong>1\u00ba FASE: ELECCI\u00d3N O ASIGNACI\u00d3N DE TUTOR O TUTORA<\/strong><\/h5>\n<h5><strong>2\u00ba FASE: MATRICULACI\u00d3N y CONVOCATORIAS<\/strong><\/h5>\n<h5><strong>3\u00aa FASE: DEFENSA<\/strong><\/h5>\n<p>&nbsp;<\/p>\n<h5><strong>1\u00ba FASE: ELECCI\u00d3N O ASIGNACI\u00d3N DE TUTOR O TUTORA<\/strong><\/h5>\n<p style=\"text-align: justify\">Para empezar, debes tener un tutor o\u00a0una tutora que te pueda guiar en el proceso. Hay dos formas de asignar tutor o tutora: <a title=\"GU\u00cdA-DE-AYUDA-PARA-UTILIZAR-LA-APLICACI\u00d3N-TFG Estudiante Fase I\" href=\"http:\/\/gradocau.umh.es\/files\/2013\/07\/GU%C3%8DA-DE-AYUDA-PARA-UTILIZAR-LA-APLICACI%C3%93N-TFG_Estudiante-Fase-I.pdf\" target=\"_blank\" rel=\"noopener\">GU\u00cdA-DE-AYUDA-PARA-UTILIZAR-LA-APLICACI\u00d3N-TFG_Estudiante Fase I<\/a><br \/>\n<strong><br \/>\nMODELO A.\u00a0Haciendo acuerdo con un tutor o tutora <\/strong> y estableciendo un trabajo concreto, fuera de las l\u00edneas que se ofrecen. El modelo A est\u00e1 abierto todo el a\u00f1o y se puede solicitar durante todo el curso excepto cuando est\u00e9 abierto\u00a0el periodo de solicitud de defensa en cada convocatoria.<br \/>\n<a title=\"GU\u00edA APLICACI\u00d3N TFG_ ESTUDIANTE-MODELO A\" href=\"https:\/\/fcsjelche.umh.es\/files\/2019\/04\/GU%C3%8DA-APLICACI%C3%93N-TFG_Estudiante-MODELO-A.pdf\" target=\"_blank\" rel=\"noopener\">GU\u00cdA-APLICACI\u00d3N-TFG_Estudiante-MODELO-A<\/a><\/p>\n<ul>\n<li>El\u00a0estudiantado elegir\u00e1 un\u00a0tutor o tutora y pactar\u00e1 un trabajo concreto en dicho acuerdo.<\/li>\n<li>El\u00a0estudiantado\u00a0solicitar\u00e1 la elecci\u00f3n de ese\u00a0tutor o tutora en el aplicativo inform\u00e1tico.<\/li>\n<li>El tutor o la tutora\u00a0y la\u00a0Vicedecana han de validar esta solicitud.<\/li>\n<li>El\u00a0estudiantado\u00a0trabajar\u00e1 a partir de ese momento con su\u00a0tutor o tutora.<\/li>\n<\/ul>\n<p style=\"text-align: justify\"><strong>MODELO B.\u00a0Eligiendo una\u00a0l\u00ednea de trabajo\u00a0<\/strong>de las que se ofrecen en el periodo fijado oficialmente en cada curso acad\u00e9mico y siguiendo el proceso de asignaci\u00f3n l\u00ednea-tutor o tutora (al inicio de curso). Es importante que ve\u00e1is las fechas de cada tr\u00e1mite en el calendario de las convocatorias.\u00a0<a title=\"GU\u00edA APLICACI\u00d3N TFG_ ESTUDIANTE-MODELO B\" href=\"https:\/\/fcsjelche.umh.es\/files\/2019\/04\/GU%C3%8DA-APLICACI%C3%93N-TFG_Estudiante-MODELO-B.pdf\" target=\"_blank\" rel=\"noopener\">GU\u00cdA-APLICACI\u00d3N-TFG_Estudiante-MODELO-B<\/a><\/p>\n<ul>\n<li style=\"text-align: justify\">El estudiantado solicitar\u00e1 la asignaci\u00f3n de la l\u00ednea de trabajo siguiendo el calendario de fechas se\u00f1aladas.<\/li>\n<li style=\"text-align: justify\">El estudiantado solicitar\u00e1 las preferencias de temas disponibles.<\/li>\n<li style=\"text-align: justify\">Posteriormente se asignar\u00e1 un tutor o tutora por orden de expediente y orden de preferencias.<\/li>\n<li style=\"text-align: justify\">Cuando se ha asignado el tutor o\u00a0tutora,\u00a0el\u00a0estudiantado contactar\u00e1 con \u00e9l o ella para comenzar a trabajar.<\/li>\n<\/ul>\n<h5><strong>2\u00ba FASE: MATRICULACI\u00d3N<\/strong><\/h5>\n<p style=\"text-align: justify\">Para matricularte del TFG tienes\u00a0<strong>cuatro fechas.<\/strong>\u00a0Si tienes el 75% de los cr\u00e9ditos superados (180 cr\u00e9ditos de asignaturas b\u00e1sicas y obligatorias y 1\u00ba y 2\u00ba curso), te has de matricular de la asignatura TFG en el CEGECA.<br \/>\nTen en cuenta que en las\u00a0<strong>convocatorias de Fin de Estudios, Diciembre y Febrero<\/strong>\u00a0deber\u00e1s\u00a0<strong>solicitar \u201cConvocatoria especial de examen por ser extraordinarias<\/strong>\u201d desde tu acceso identificado o\u00a0en el CEGECA.\u00a0<strong>\u00a0<\/strong>\u00a0Cuando se haya cerrado el plazo de la solicitud especial en el CEGECA, tendr\u00e1s que solicitar esta convocatoria especial en el aplicativo inform\u00e1tico. Es importante que consultes las fechas en el calendario acad\u00e9mico\u00a0de cada curso.<br \/>\nLa matr\u00edcula se ha de tramitar en el CEGECA y da derecho a dos convocatorias ordinarias de defensa en el mismo curso acad\u00e9mico (junio y septiembre).<\/p>\n<h5><strong>3\u00ba FASE: DEFENSA<\/strong><\/h5>\n<p style=\"text-align: justify\"><strong>Para defender tu trabajo<\/strong>\u00a0tendr\u00e1s\u00a0<strong>cuatro convocatorias de las cuales se podr\u00e1n elegir solo dos<\/strong>: \u201cconvocatoria extraordinaria de diciembre\u201d y\/o \u201cconvocatoria de fin de estudios\u201d; convocatoria especial de TFG (febrero-marzo); convocatoria de 2\u00ba semestre (junio-julio) y; convocatoria extraordinaria de septiembre (septiembre). Es importante que consultes las fechas en el\u00a0calendario acad\u00e9mico de cada curso. El\u00a0estudiantado podr\u00e1 seguir los pasos descritos en la\u00a0<a title=\"GU\u00cdA SOLICITUD DEFENSA TFG Estudiante\" href=\"https:\/\/fcsjelche.umh.es\/files\/2019\/04\/GU%C3%8DA-SOLICITUD-EVALUACI%C3%93N-TFG_Estudiante.pdf\" target=\"_blank\" rel=\"noopener\">GU\u00cdA DE SOLICITUD DE DEFENSA DEL TFG Estudiante\u00a0<\/a>y consultar el\u00a0<a title=\"VIDEO TUTORIAL SOLICITUD DEFENSA TFG\" href=\"http:\/\/fcsjelche.umh.es\/files\/2015\/12\/VideoTutorial-SolicitudDefensaTFG.zip\" target=\"_blank\" rel=\"noopener\">Video Tutorial Solicitud Defensa TFG.<\/a><br \/>\nLos\u00a0pasos para acceder a la aplicaci\u00f3n\u00a0de\u00a0Gesti\u00f3n del TFG son:<\/p>\n<ul>\n<li>Acceso identificado de la UMH:\u00a0<a title=\"ACCESO IDENTIFICADO UMH\" href=\"http:\/\/universite.umh.es\/\" target=\"_blank\" rel=\"noopener\">http:\/\/universite.umh.es<\/a><\/li>\n<li>Acceso\u00a0a la secci\u00f3n de Informaci\u00f3n Acad\u00e9mica. Desde el bot\u00f3n Aplicaciones, se debe seleccionar: Estudios &gt; Informaci\u00f3n Acad\u00e9mica.<\/li>\n<li>Una vez en la secci\u00f3n Informaci\u00f3n Acad\u00e9mica, la aplicaci\u00f3n se encuentra en el primer bloque de aplicaciones \u201c<strong>Mi expediente acad\u00e9mico<\/strong>\u201d.<\/li>\n<\/ul>\n<p>En el\u00a0aplicativo\u00a0deber\u00e1s<strong>\u00a0<\/strong><strong>solicitar la evaluaci\u00f3n y subir tu trabajo,<\/strong>\u00a0adicionalmente deber\u00e1s\u00a0incluir el resumen y las palabras clave\u00a0de tu TFG.<strong>\u00a0<\/strong>Avisa a tu tutor o tutora<strong>\u00a0<\/strong>cuando lo hayas subido a la plataforma.<br \/>\nAl mismo tiempo para\u00a0<strong>terminar de formalizar la solicitud\u00a0<\/strong>de evaluaci\u00f3n deber\u00e1s<strong>\u00a0<\/strong>presentar en la Sede electr\u00f3nica o en Registro (se encuentra en el CEGECA), dirigido a la Facultad de Ciencias Sociales y Jur\u00eddicas de Elche la siguiente documentaci\u00f3n<strong>:<br \/>\n<\/strong><\/p>\n<ul>\n<li>Captura de pantalla de la solicitud\u00a0cursada a trav\u00e9s del aplicativo web.<\/li>\n<li>Documento\u00a0<a title=\"ANEXO IV_SOLICITUD-DEFENSA-TFG\" href=\"https:\/\/fcsjelche.umh.es\/files\/2019\/04\/ANEXO-IV-SOLICITUD-DEFENSA-TFG.pdf\" target=\"_blank\" rel=\"noopener\">ANEXO IV<\/a>.<\/li>\n<li>Documento<a title=\"DOCUMENTO CESI\u00d3N DERECHOS\" href=\"https:\/\/fcsjelche.umh.es\/files\/2019\/04\/BIBLIOTECA-MODELO-DE-AUTORIZACI%C3%93N-PARA-EL-DEP%C3%93SITO-DE-TRABAJOS-ACAD%C3%89MICOS-UMH.pdf\" target=\"_blank\" rel=\"noopener\">\u00a0Cesi\u00f3n de derechos<\/a>.<\/li>\n<\/ul>\n<p style=\"text-align: justify\">A continuaci\u00f3n deber\u00e1s\u00a0<strong>acordar <\/strong><strong>\u00a0la fecha de defensa final\u00a0<\/strong>con tu\u00a0tutor o tutora\u00a0dentro del calendario establecido en cada convocatoria. Tras esta defensa final,<strong>\u00a0el tutor o tutora\u00a0validar\u00e1 en la aplicaci\u00f3n\u00a0<\/strong><strong>tu solicitud y entregar\u00e1 el\u00a0<\/strong><a title=\"ACTA INDIVIDUAL DE LA SESI\u00d3N EVALUATIVA FINAL DEL TFG\" href=\"http:\/\/fcsjelche.umh.es\/files\/2019\/04\/ANEXO_ACTA-INDIVIDUAL-TUTOR-SESI%C3%93N-EVALUATIVA-FINAL-DEL-TFG.pdf\" target=\"_blank\" rel=\"noopener\">ACTA INDIVIDUAL DE LA SESI\u00d3N EVALUATIVA FINAL\u00a0 DEL TRABAJO DE FIN DE GRADO,\u00a0<\/a>en la que se incluye la\u00a0nota final, a la Facultad de Ciencias Sociales y Jur\u00eddicas de Elche. El\u00a0tutor o la tutora, al terminar el acto de defensa,<strong> deber\u00e1 comunicar por email la nota final del trabajo a vicedec.cau@umh.es y a fcsje3@umh.es<\/strong><strong>,<\/strong>\u00a0para poder\u00a0publicar el listado de notas provisionales\u00a0antes de la entrega del acta. La Vicedecana procede al <b>cierre de actas<\/b>.<\/p>\n<p><\/p>","protected":false},"excerpt":{"rendered":"<p>Procedimiento para gestionar tu TFG Este procedimiento comprende\u00a0tres\u00a0fases: 1\u00ba FASE: ELECCI\u00d3N O ASIGNACI\u00d3N DE TUTOR O TUTORA 2\u00ba FASE: MATRICULACI\u00d3N y CONVOCATORIAS 3\u00aa FASE: DEFENSA &nbsp; 1\u00ba FASE: ELECCI\u00d3N O ASIGNACI\u00d3N DE TUTOR O TUTORA Para empezar, debes tener un tutor o\u00a0una tutora que te pueda guiar en el proceso. Hay dos formas de asignar [&hellip;]<\/p>\n","protected":false},"author":1578,"featured_media":0,"parent":5447,"menu_order":1,"comment_status":"closed","ping_status":"open","template":"","meta":{"_links_to":"","_links_to_target":""},"_links":{"self":[{"href":"https:\/\/gradocau.umh.es\/en\/wp-json\/wp\/v2\/pages\/5458"}],"collection":[{"href":"https:\/\/gradocau.umh.es\/en\/wp-json\/wp\/v2\/pages"}],"about":[{"href":"https:\/\/gradocau.umh.es\/en\/wp-json\/wp\/v2\/types\/page"}],"author":[{"embeddable":true,"href":"https:\/\/gradocau.umh.es\/en\/wp-json\/wp\/v2\/users\/1578"}],"replies":[{"embeddable":true,"href":"https:\/\/gradocau.umh.es\/en\/wp-json\/wp\/v2\/comments?post=5458"}],"version-history":[{"count":0,"href":"https:\/\/gradocau.umh.es\/en\/wp-json\/wp\/v2\/pages\/5458\/revisions"}],"up":[{"embeddable":true,"href":"https:\/\/gradocau.umh.es\/en\/wp-json\/wp\/v2\/pages\/5447"}],"wp:attachment":[{"href":"https:\/\/gradocau.umh.es\/en\/wp-json\/wp\/v2\/media?parent=5458"}],"curies":[{"name":"wp","href":"https:\/\/api.w.org\/{rel}","templated":true}]}}