{"id":4894,"date":"2020-03-24T10:22:10","date_gmt":"2020-03-24T10:22:10","guid":{"rendered":"http:\/\/gradocau.umh.es\/?page_id=4894"},"modified":"2020-09-18T06:18:18","modified_gmt":"2020-09-18T06:18:18","slug":"programa-atenea","status":"publish","type":"page","link":"https:\/\/gradocau.umh.es\/en\/estudiantado\/actividades-y-proyectos-cau\/programa-atenea\/","title":{"rendered":"Programa Atenea"},"content":{"rendered":"<div class=\"col-lg-12\">\n<p><strong>El PROGRAMA ATENEA se propone promover el talento de j\u00f3venes directoras (AMAZONAS) en la fase final de su carrera universitaria o reci\u00e9n graduadas, a trav\u00e9s de una serie de tutor\u00edas personalizadas con expertas del sector (ATENEAS), con el fin de orientar, aconsejar y potenciar la viabilidad de sus proyectos.<\/strong><\/p>\n<\/div>\n<h4 class=\"col-lg-12\"><\/h4>\n<div class=\"col-lg-12\">\n<p>En colaboraci\u00f3n con 4 universidades de la Comunidad Valenciana\u00a0 (UV, UPV, UJI y Miguel Hern\u00e1ndez), y la Escola d\u2019Art i Superior de Disseny de Val\u00e8ncia \u2013 EASD\u00a0 se seleccionar\u00e1n 5 proyectos en fase de desarrollo (2 ficci\u00f3n, 2 documental, 1 animaci\u00f3n). A cada proyecto ser\u00e1n asignadas unas tutoras (ATENEAS), expertas en diferentes \u00e1reas del sector audiovisual (gui\u00f3n, direcci\u00f3n, producci\u00f3n, financiaci\u00f3n\u2026).<\/p>\n<\/div>\n<p>&nbsp;<\/p>\n<h4>Objetivos de la actividad:<\/h4>\n<p>En las carreras relacionadas con el cine, la presencia de mujeres es paritaria y a veces superior que la de los hombres. \u00bfQu\u00e9 pasa entonces cuando las alumnas acaban sus carreras y se enfrentan al sector profesional? La realidad es que disminuye el n\u00famero de mujeres que siguen en rol de direcci\u00f3n, ocup\u00e1ndose m\u00e1s del \u00e1rea de producci\u00f3n. Esto se refleja en la carencia de proyectos dirigidos por mujeres que se presentan a las ayudas estatales y auton\u00f3micas. Y en general en la falta de mujeres directoras en los festivales y en las salas de cine. Ante esta situaci\u00f3n, se ha pensado en el PROGRAMA ATENEA, un proyecto promovido por la Asociaci\u00f3n Dona i Cinema y organizado por el Institut Valenci\u00e0 de Cultura.<\/p>\n<p>&nbsp;<\/p>\n<h4>Estructura<\/h4>\n<p>El programa consiste en 3 sesiones de tutor\u00eda y una sesi\u00f3n final de Pitching. (2020 previsto entre octubre y diciembre)<\/p>\n<p><strong>Sesi\u00f3n 1:<\/strong> gui\u00f3n\/direcci\u00f3n, gui\u00f3n t\u00e9cnico. ATENEAS: directoras\/guionistas\/productoras.<\/p>\n<p><strong>Sesi\u00f3n 2 y 3:<\/strong> Elecci\u00f3n\/direcci\u00f3n casting y equipo, localizaciones, financiaci\u00f3n. ATENEAS: productoras ejecutivas.<\/p>\n<p><strong>Sesi\u00f3n Pitching:<\/strong> tutor\u00eda sobre pitching y presentaci\u00f3n de los proyectos para productoras de la CV (productoras lideradas por mujeres).<\/p>\n<p>&nbsp;<\/p>\n<h4><strong>Reconocimiento acad\u00e9mico y curricular:<\/strong><\/h4>\n<p>La estudiante\/s seleccionada contar\u00e1 con una tutora acad\u00e9mica en la universidad y previo acuerdo con la profesora podr\u00e1 optar por desarrollar su TFG con el tema desarrollado en el programa Atenea.<\/p>\n<p>&nbsp;<\/p>\n<h4><strong>Para m\u00e1s informaci\u00f3n:<\/strong><\/h4>\n<p>Si quieres m\u00e1s informaci\u00f3n contacta con Montse Jurado en <a href=\"mailto:mjurado@umh.es\">mjurado@umh.es<\/a><\/p>\n<p><a href=\"https:\/\/donaicinema.es\/category\/programa-atenea\/\" target=\"_blank\">https:\/\/donaicinema.es\/category\/programa-atenea\/<\/a><\/p>\n","protected":false},"excerpt":{"rendered":"<p>El PROGRAMA ATENEA se propone promover el talento de j\u00f3venes directoras (AMAZONAS) en la fase final de su carrera universitaria o reci\u00e9n graduadas, a trav\u00e9s de una serie de tutor\u00edas personalizadas con expertas del sector (ATENEAS), con el fin de orientar, aconsejar y potenciar la viabilidad de sus proyectos. En colaboraci\u00f3n con 4 universidades de [&hellip;]<\/p>\n","protected":false},"author":1724,"featured_media":0,"parent":4112,"menu_order":12,"comment_status":"closed","ping_status":"open","template":"","meta":{"_links_to":"","_links_to_target":""},"_links":{"self":[{"href":"https:\/\/gradocau.umh.es\/en\/wp-json\/wp\/v2\/pages\/4894"}],"collection":[{"href":"https:\/\/gradocau.umh.es\/en\/wp-json\/wp\/v2\/pages"}],"about":[{"href":"https:\/\/gradocau.umh.es\/en\/wp-json\/wp\/v2\/types\/page"}],"author":[{"embeddable":true,"href":"https:\/\/gradocau.umh.es\/en\/wp-json\/wp\/v2\/users\/1724"}],"replies":[{"embeddable":true,"href":"https:\/\/gradocau.umh.es\/en\/wp-json\/wp\/v2\/comments?post=4894"}],"version-history":[{"count":0,"href":"https:\/\/gradocau.umh.es\/en\/wp-json\/wp\/v2\/pages\/4894\/revisions"}],"up":[{"embeddable":true,"href":"https:\/\/gradocau.umh.es\/en\/wp-json\/wp\/v2\/pages\/4112"}],"wp:attachment":[{"href":"https:\/\/gradocau.umh.es\/en\/wp-json\/wp\/v2\/media?parent=4894"}],"curies":[{"name":"wp","href":"https:\/\/api.w.org\/{rel}","templated":true}]}}