{"id":4619,"date":"2020-01-08T16:13:27","date_gmt":"2020-01-08T16:13:27","guid":{"rendered":"http:\/\/gradocau.umh.es\/?page_id=4619"},"modified":"2020-12-07T08:08:12","modified_gmt":"2020-12-07T08:08:12","slug":"idiomas-umh","status":"publish","type":"page","link":"https:\/\/gradocau.umh.es\/en\/estudiantado\/idiomas-umh\/","title":{"rendered":"Idiomas UMH"},"content":{"rendered":"<p>Los programas\u00a0<strong><a href=\"https:\/\/www.idiomasumh.es\/es\/iris\/programa-iris\" target=\"_blank\">IRIS UMH<\/a>\u00a0y\u00a0<a href=\"https:\/\/www.idiomasumh.es\/es\/llumh\/formacion-semipresencial-valencia\/programa-llumh\" target=\"_blank\">LLUMH<\/a><\/strong>\u00a0ofrecen de\u00a0manera <strong>gratuita<\/strong>\u00a0formaci\u00f3n en las<strong> lenguas inglesa y valenciana <\/strong>para toda la <strong>Comunidad UMH<\/strong> (estudiantes de Grado, M\u00e1ster, Doctorado, PDI, PI, PAS, comunidad Alumni y empresas del Parque Cient\u00edfico de la UMH<strong>).<\/strong><\/p>\n<p><strong>IRIS UMH<\/strong> y <strong>LLUMH<\/strong> se basan en un <strong>m\u00e9todo semipresencial<\/strong> que combina <strong>formaci\u00f3n online<\/strong>, a trav\u00e9s de una plataforma interactiva, con <strong>clases presenciales<\/strong> que se imparten en los <strong>cuatro campus de la UMH<\/strong>.<\/p>\n<hr \/>\n<h3><strong><span style=\"text-decoration: underline;\"><span style=\"text-decoration: underline;\">IRIS<\/span><\/span><\/strong><\/h3>\n<p>Con el objetivo de promover e impulsar la formaci\u00f3n en lengua inglesa, la Universidad Miguel Hern\u00e1ndez (UMH), a trav\u00e9s del <strong>Centro de Idiomas<\/strong>, ha impulsado el programa de ense\u00f1anza \u2013 aprendizaje semipresencial <strong>IRIS UMH<\/strong>.<\/p>\n<p>Su finalidad principal es que todos los estudiantes, una vez concluyan sus estudios de Grado, puedan obtener la Certificaci\u00f3n B2 \u2013 FIRST por la Universidad de Cambridge, de la que el Centro de Idiomas de la UMH es Centro Oficial Examinador, o por ACLES. Este programa tambi\u00e9n est\u00e1 dirigido tanto al Personal Docente e Investigador de la Universidad (PDI) y al Personal de Administraci\u00f3n y Servicios (PAS) como a los estudiantes de M\u00e1ster y Doctorado, a la comunidad Alumni UMH y al personal de las empresas del Parque Cient\u00edfico de la UMH.<\/p>\n<p>El programa <strong>IRIS UMH consta de 7 cursos<\/strong>:<\/p>\n<ul>\n<li><strong>A2: <\/strong>Al finalizar, los alumnos podr\u00e1n presentarse al examen oficial A2 de Cambridge English.<\/li>\n<li><strong>B1.1<\/strong> que equivale a primero de B1.<\/li>\n<li><strong>B1.2<\/strong> que equivale a segundo de B1. Al finalizar, los estudiantes tendr\u00e1n la posibilidad de presentarse al examen oficial B1 por Cambridge English (nivel Preliminary) o ACLES.<\/li>\n<li><strong>B2.1<\/strong> que equivale a primero de B2.<\/li>\n<li><strong>B2.2<\/strong> que equivale a segundo de B2. Al finalizar, los estudiantes podr\u00e1n presentarse al examen oficial B2 por Cambridge English (nivel FCE-First) o ACLES. <strong>Por ser alumno\/a IRIS podr\u00e1s beneficiarte de un precio bonificado en las tasas del examen FCE-First de Cambridge English.<\/strong><\/li>\n<li><strong>NUEVO:<\/strong><strong> C1.1 <\/strong>que equivale a primero de C1.<\/li>\n<li><strong>NUEVO:<\/strong><strong> C1.2 <\/strong>que equivale a segundo de C1. Al finalizar los estudiantes podr\u00e1n presentarse al examen oficial C1 por Cambridge English (nivel Advanced) o ACLES.<\/li>\n<\/ul>\n<hr \/>\n<h3><strong><span style=\"text-decoration: underline; color: #000000;\"><span style=\"text-decoration: underline;\">LLUMH<\/span><\/span><\/strong><\/h3>\n<p><strong>\u00bfQu\u00e9 es\u00a0LLUMH?<\/strong><\/p>\n<p>El programa LLUMH busca promover e impulsar la formaci\u00f3n y el uso del valenciano, lengua oficial de la Comunidad Valenciana. La finalidad es que toda la comunidad UMH adquiera los conocimientos necesarios y certifique su nivel en esta lengua a trav\u00e9s de organismos oficiales (CIEACOVA, Junta Qualificadora de Coneixements en Valenci\u00e0 o EOI).<\/p>\n<p><strong>LLUMH es un programa <\/strong>formativo,<strong> semipresencial y gratuito, en valenciano para la comunidad UMH. <\/strong>Esta iniciativa, promovida por la UMH y gestionada por su <strong>Centro de Idiomas<\/strong>, proporciona formaci\u00f3n\u00a0a trav\u00e9s de una plataforma interactiva y una hora de clase presencial a la semana.<\/p>\n<p>El programa LLUMH consta de 4 niveles:<\/p>\n<ul>\n<li><strong>B1<\/strong><\/li>\n<li><strong>B2<\/strong><\/li>\n<li><strong>C1<\/strong><\/li>\n<li><strong>C2<\/strong><\/li>\n<\/ul>\n<p>\u00a1Comienza el aprendizaje!<\/p>\n","protected":false},"excerpt":{"rendered":"<p>Los programas\u00a0IRIS UMH\u00a0y\u00a0LLUMH\u00a0ofrecen de\u00a0manera gratuita\u00a0formaci\u00f3n en las lenguas inglesa y valenciana para toda la Comunidad UMH (estudiantes de Grado, M\u00e1ster, Doctorado, PDI, PI, PAS, comunidad Alumni y empresas del Parque Cient\u00edfico de la UMH). IRIS UMH y LLUMH se basan en un m\u00e9todo semipresencial que combina formaci\u00f3n online, a trav\u00e9s de una plataforma interactiva, con [&hellip;]<\/p>\n","protected":false},"author":1724,"featured_media":0,"parent":281,"menu_order":40,"comment_status":"closed","ping_status":"closed","template":"","meta":{"_links_to":"","_links_to_target":""},"_links":{"self":[{"href":"https:\/\/gradocau.umh.es\/en\/wp-json\/wp\/v2\/pages\/4619"}],"collection":[{"href":"https:\/\/gradocau.umh.es\/en\/wp-json\/wp\/v2\/pages"}],"about":[{"href":"https:\/\/gradocau.umh.es\/en\/wp-json\/wp\/v2\/types\/page"}],"author":[{"embeddable":true,"href":"https:\/\/gradocau.umh.es\/en\/wp-json\/wp\/v2\/users\/1724"}],"replies":[{"embeddable":true,"href":"https:\/\/gradocau.umh.es\/en\/wp-json\/wp\/v2\/comments?post=4619"}],"version-history":[{"count":0,"href":"https:\/\/gradocau.umh.es\/en\/wp-json\/wp\/v2\/pages\/4619\/revisions"}],"up":[{"embeddable":true,"href":"https:\/\/gradocau.umh.es\/en\/wp-json\/wp\/v2\/pages\/281"}],"wp:attachment":[{"href":"https:\/\/gradocau.umh.es\/en\/wp-json\/wp\/v2\/media?parent=4619"}],"curies":[{"name":"wp","href":"https:\/\/api.w.org\/{rel}","templated":true}]}}