{"id":4516,"date":"2019-11-18T09:33:22","date_gmt":"2019-11-18T09:33:22","guid":{"rendered":"http:\/\/gradocau.umh.es\/?page_id=4516"},"modified":"2020-09-18T06:08:34","modified_gmt":"2020-09-18T06:08:34","slug":"creatv","status":"publish","type":"page","link":"https:\/\/gradocau.umh.es\/en\/estudiantado\/actividades-y-proyectos-cau\/creatv\/","title":{"rendered":"CreaTV"},"content":{"rendered":"<div class=\"col-lg-12\">\n<p class=\"no-pad\"><a href=\"http:\/\/gradocau.umh.es\/files\/2019\/11\/logo-creatv.jpg\"><img loading=\"lazy\" class=\"  wp-image-4518  alignnone\" src=\"http:\/\/gradocau.umh.es\/files\/2019\/11\/logo-creatv.jpg\" alt=\"\" width=\"159\" height=\"159\" srcset=\"https:\/\/gradocau.umh.es\/files\/2019\/11\/logo-creatv.jpg 876w, https:\/\/gradocau.umh.es\/files\/2019\/11\/logo-creatv-150x150.jpg 150w, https:\/\/gradocau.umh.es\/files\/2019\/11\/logo-creatv-300x300.jpg 300w\" sizes=\"(max-width: 159px) 100vw, 159px\" \/><\/a><\/p>\n<p>CREA Televisi\u00f3n <strong>es una televisi\u00f3n educativa y cultural dirigida a la comunidad con la finalidad de estrechar lazos entre las diferentes etapas educativas y formativas<\/strong>. Asociaciones de Madres y Padres de Alumnos, estudiantes y profesores est\u00e1n invitados a formar parte en esta iniciativa.<\/p>\n<p><strong>Bajo el seno de la Universidad Miguel Hern\u00e1ndez, CREA Televisi\u00f3n nace como foro de encuentro para investigar, divulgar, compartir y debatir sobre las problem\u00e1ticas e intereses de la comunidad educativa en todos sus niveles.<\/strong><\/p>\n<p>Es un canal de contenidos a la carta (reportajes, informativos, magazines, etc.) cuya tem\u00e1tica gira en torno al \u00e1mbito educativo, formativo y cultural en sus diferentes niveles. Se trata de contar, compartir y debatir aquello que puede ser relevante para profesores, estudiantes y padres y madres de una forma cercana. A la vez, investigar y experimentar estrategias de comunicaci\u00f3n adaptadas al momento de nuestros espectadores.<\/p>\n<p>Adem\u00e1s, pretendemos despertar vocaciones y acercar conocimientos ligados al Periodismo y a la Comunicaci\u00f3n Audiovisual ense\u00f1ando de forma divertida y pr\u00e1ctica las rutinas de trabajo y elaborando contenidos para la televisi\u00f3n universitaria. Esta actividad se realiza en 2\u00ba curso de CAU y CAUP.<\/p>\n<p>&nbsp;<\/p>\n<\/div>\n<h4>Objetivos de la actividad:<\/h4>\n<ul>\n<li>Conectar a los agentes implicados de distintos niveles educativos-formativos para que compartan experiencias y aprendan unos de otros.<\/li>\n<li>Investigar, comunicar, compartir y debatir en educaci\u00f3n en la provincia de Alicante.<\/li>\n<li>Desarrollar habilidades comunicativas en los diferentes niveles.<\/li>\n<li>Desarrollar capacidades como la responsabilidad o el compromiso por parte del equipo de trabajo en el centro educativo en su labor de informar a otros.<\/li>\n<li>Crear y fomentar lazos entre los distintos niveles educativos-formativos.<\/li>\n<li>Estimular la implicaci\u00f3n de estudiantes, educadores, formadores y familiares en el proceso de educar y comunicar.<\/li>\n<li>Fomentar la participaci\u00f3n de los centros en la difusi\u00f3n de los resultados de un modo accesible y abierto a la sociedad en general.<\/li>\n<li>Transmitir ilusi\u00f3n, inter\u00e9s y curiosidad por la vocaci\u00f3n de informar y comunicar.<\/li>\n<li>Obtener experiencia y, adem\u00e1s, experiencias enriquecedoras durante el desarrollo del proyecto por parte de todos los agentes implicados.<\/li>\n<li>Crear y nutrir un repositorio audiovisual de contenidos educativos, formativos y culturales actuales que perdure en el tiempo.<\/li>\n<\/ul>\n<p>&nbsp;<\/p>\n<p><strong>CREA Televisi\u00f3n es una coproducci\u00f3n del Grupo de Investigaci\u00f3n OCAP (Observatorio de Comunicaci\u00f3n Audiovisual y Publicidad)<\/strong> y del <strong>Servicio de Comunicaci\u00f3n de la Universidad Miguel Hern\u00e1ndez<\/strong>, con la colaboraci\u00f3n de estudiantes y alumni del grado en Periodismo, Comunicaci\u00f3n Audiovisual y Doble Grado en Comunicaci\u00f3n Audiovisual y Periodismo.<\/p>\n<p>&nbsp;<\/p>\n<h4>Responsables de la actividad:<\/h4>\n<p>Direcci\u00f3n y producci\u00f3n ejecutiva: Bego\u00f1a Ivars Nicol\u00e1s<br \/>\nDirecci\u00f3n y producci\u00f3n de nuevos formatos: Bego\u00f1a Ivars Nicol\u00e1s y Francisco Mart\u00ednez Cano<br \/>\nDirecci\u00f3n y producci\u00f3n de reportajes: Bego\u00f1a Ivars Nicol\u00e1s y Jaume Quiles Campos<\/p>\n<p>&nbsp;<\/p>\n<h4>Para m\u00e1s informaci\u00f3n:<\/h4>\n<p>P\u00e1gina web:\u00a0<a href=\"http:\/\/createlevision.edu.umh.es\" target=\"_blank\">http:\/\/createlevision.edu.umh.es<\/a><\/p>\n<p>&nbsp;<\/p>\n<p><a href=\"http:\/\/gradocau.umh.es\/files\/2019\/11\/Captura-de-pantalla-2019-11-18-a-las-10.26.31.png\" target=\"_blank\"><img loading=\"lazy\" class=\"alignleft wp-image-4517 \" src=\"http:\/\/gradocau.umh.es\/files\/2019\/11\/Captura-de-pantalla-2019-11-18-a-las-10.26.31-1024x526.png\" alt=\"\" width=\"463\" height=\"238\" srcset=\"https:\/\/gradocau.umh.es\/files\/2019\/11\/Captura-de-pantalla-2019-11-18-a-las-10.26.31-1024x526.png 1024w, https:\/\/gradocau.umh.es\/files\/2019\/11\/Captura-de-pantalla-2019-11-18-a-las-10.26.31-300x154.png 300w\" sizes=\"(max-width: 463px) 100vw, 463px\" \/><\/a><\/p>\n<p><a href=\"http:\/\/gradocau.umh.es\/files\/2019\/11\/Captura-de-pantalla-2019-11-18-a-las-10.28.15.png\" target=\"_blank\"><img loading=\"lazy\" class=\"alignleft wp-image-4519 \" src=\"http:\/\/gradocau.umh.es\/files\/2019\/11\/Captura-de-pantalla-2019-11-18-a-las-10.28.15-1024x528.png\" alt=\"\" width=\"458\" height=\"236\" srcset=\"https:\/\/gradocau.umh.es\/files\/2019\/11\/Captura-de-pantalla-2019-11-18-a-las-10.28.15-1024x528.png 1024w, https:\/\/gradocau.umh.es\/files\/2019\/11\/Captura-de-pantalla-2019-11-18-a-las-10.28.15-300x155.png 300w\" sizes=\"(max-width: 458px) 100vw, 458px\" \/><\/a><\/p>\n<p>&nbsp;<\/p>\n<p>&nbsp;<\/p>\n<p>&nbsp;<\/p>\n<p>&nbsp;<\/p>\n<p>&nbsp;<\/p>\n<p>&nbsp;<\/p>\n<p>&nbsp;<\/p>\n<p>&nbsp;<\/p>\n","protected":false},"excerpt":{"rendered":"<p>CREA Televisi\u00f3n es una televisi\u00f3n educativa y cultural dirigida a la comunidad con la finalidad de estrechar lazos entre las diferentes etapas educativas y formativas. Asociaciones de Madres y Padres de Alumnos, estudiantes y profesores est\u00e1n invitados a formar parte en esta iniciativa. Bajo el seno de la Universidad Miguel Hern\u00e1ndez, CREA Televisi\u00f3n nace como [&hellip;]<\/p>\n","protected":false},"author":1724,"featured_media":0,"parent":4112,"menu_order":3,"comment_status":"closed","ping_status":"closed","template":"","meta":{"_links_to":"","_links_to_target":""},"_links":{"self":[{"href":"https:\/\/gradocau.umh.es\/en\/wp-json\/wp\/v2\/pages\/4516"}],"collection":[{"href":"https:\/\/gradocau.umh.es\/en\/wp-json\/wp\/v2\/pages"}],"about":[{"href":"https:\/\/gradocau.umh.es\/en\/wp-json\/wp\/v2\/types\/page"}],"author":[{"embeddable":true,"href":"https:\/\/gradocau.umh.es\/en\/wp-json\/wp\/v2\/users\/1724"}],"replies":[{"embeddable":true,"href":"https:\/\/gradocau.umh.es\/en\/wp-json\/wp\/v2\/comments?post=4516"}],"version-history":[{"count":0,"href":"https:\/\/gradocau.umh.es\/en\/wp-json\/wp\/v2\/pages\/4516\/revisions"}],"up":[{"embeddable":true,"href":"https:\/\/gradocau.umh.es\/en\/wp-json\/wp\/v2\/pages\/4112"}],"wp:attachment":[{"href":"https:\/\/gradocau.umh.es\/en\/wp-json\/wp\/v2\/media?parent=4516"}],"curies":[{"name":"wp","href":"https:\/\/api.w.org\/{rel}","templated":true}]}}