{"id":4368,"date":"2019-10-24T06:54:27","date_gmt":"2019-10-24T06:54:27","guid":{"rendered":"http:\/\/gradocau.umh.es\/?page_id=4368"},"modified":"2020-09-18T06:09:40","modified_gmt":"2020-09-18T06:09:40","slug":"una-umh-fuera-de-series","status":"publish","type":"page","link":"https:\/\/gradocau.umh.es\/en\/estudiantado\/actividades-y-proyectos-cau\/una-umh-fuera-de-series\/","title":{"rendered":"Una UMH fuera de series"},"content":{"rendered":"<div class=\"col-lg-12\">\n<p class=\"no-pad\"><a href=\"http:\/\/gradocau.umh.es\/files\/2019\/10\/umh-fuera-de-series.png\"><img loading=\"lazy\" class=\"  wp-image-4369 alignnone\" src=\"http:\/\/gradocau.umh.es\/files\/2019\/10\/umh-fuera-de-series.png\" alt=\"umh fuera de series\" width=\"328\" height=\"102\" srcset=\"https:\/\/gradocau.umh.es\/files\/2019\/10\/umh-fuera-de-series.png 986w, https:\/\/gradocau.umh.es\/files\/2019\/10\/umh-fuera-de-series-300x93.png 300w\" sizes=\"(max-width: 328px) 100vw, 328px\" \/><\/a><\/p>\n<p><strong>Una UMH fuera de series<\/strong> es un <strong>proyecto docente que pretende promover la creatividad, innovaci\u00f3n e iniciativa de los estudiantes, aprendiendo directamente durante la creaci\u00f3n de un producto audiovisual real.<\/strong><br \/>\nEn este sentido, pretende promover un enfoque de aprendizaje activo y profundo en todo el colectivo, promoviendo la colaboraci\u00f3n de toda la clase participa en un proyecto conjunto.<\/p>\n<p>El proyecto docente naci\u00f3 como tal en 2018, sin embargo, el inter\u00e9s por las series de TV en el grado de Comunicaci\u00f3n Audiovisual ha estado siempre presente y tuvo como evento destacado la edici\u00f3n del III Congreso Internacional de Comunicaci\u00f3n Audiovisual y Publicidad de 2015, que abord\u00f3 de manera multidisciplinar la series de televisi\u00f3n. Dicho congreso cont\u00f3 con la colaboraci\u00f3n de Carlos Navas, director del proyecto divulgador Fuera de Series, en la difusi\u00f3n y cr\u00edtica de las series televisivas a trav\u00e9s de podcast.<\/p>\n<p>El proyecto educativo se enmarca en el <strong>3\u00ba curso del grado de Comunicaci\u00f3n Audiovisual<\/strong> y coordina las <strong>asignaturas de Narrativa Cinematogr\u00e1fica, Direcci\u00f3n de Producci\u00f3n, Direcci\u00f3n y Realizaci\u00f3n Audiovisual, Animaci\u00f3n I, Publicidad Audiovisual y Postproducci\u00f3n Digital.<\/strong><\/p>\n<\/div>\n<p>&nbsp;<\/p>\n<h4>Objetivos de la actividad:<\/h4>\n<p>Tiene como objetivo principal <strong>cubrir el aprendizaje de la creaci\u00f3n de ficci\u00f3n seriada para TV \/ Internet<\/strong> en el grado de CAU.<\/p>\n<p>Al mismo tiempo, pretende <strong>responder a la necesidad de realizar proyectos que se enmarquen en la producci\u00f3n contempor\u00e1nea<\/strong> que forma parte del consumo audiovisual de los propios estudiantes.<\/p>\n<p>&nbsp;<\/p>\n<h4>Responsable de la actividad:<\/h4>\n<p>Elpidio del Campo Ca\u00f1izares, profesor del \u00c1rea de Comunicaci\u00f3n Audiovisual y Publicidad.<\/p>\n<p>Docentes participantes:\u00a0Francisco Juli\u00e1n Mart\u00ednez Cano, Elpidio del Campo Ca\u00f1izares, Juan Manuel Navarro Puchades, Adri\u00e1n Penalva Soler, Bego\u00f1a Ivars, Dami\u00e1n Jord\u00e1 Bou.<\/p>\n<p>&nbsp;<\/p>\n<h4>Para m\u00e1s informaci\u00f3n:<\/h4>\n<p>Web:\u00a0<a href=\"http:\/\/unaumhfueradeseries.edu.umh.es\/\" target=\"_blank\">http:\/\/unaumhfueradeseries.edu.umh.es\/<\/a><\/p>\n<p>Instagram:\u00a0<a href=\"https:\/\/www.instagram.com\/una_umh_fuera_de_series\/\" target=\"_blank\">https:\/\/www.instagram.com\/una_umh_fuera_de_series\/<\/a><\/p>\n<p>Twitter:\u00a0<a href=\"https:\/\/twitter.com\/UMHSeries\" target=\"_blank\">https:\/\/twitter.com\/UMHSeries<\/a><\/p>\n<p>&nbsp;<\/p>\n<p><a href=\"http:\/\/gradocau.umh.es\/files\/2019\/10\/imagen-2.png\" target=\"_blank\"><img loading=\"lazy\" class=\"alignleft  wp-image-4374\" src=\"http:\/\/gradocau.umh.es\/files\/2019\/10\/imagen-2-1024x997.png\" alt=\"imagen 2\" width=\"287\" height=\"279\" srcset=\"https:\/\/gradocau.umh.es\/files\/2019\/10\/imagen-2-1024x997.png 1024w, https:\/\/gradocau.umh.es\/files\/2019\/10\/imagen-2-300x292.png 300w, https:\/\/gradocau.umh.es\/files\/2019\/10\/imagen-2.png 1206w\" sizes=\"(max-width: 287px) 100vw, 287px\" \/><\/a><\/p>\n<p><a href=\"http:\/\/gradocau.umh.es\/files\/2019\/10\/Ana-Ram\u00f3n-Rubio.png\" target=\"_blank\"><img loading=\"lazy\" class=\"alignleft  wp-image-4375\" src=\"http:\/\/gradocau.umh.es\/files\/2019\/10\/Ana-Ram\u00f3n-Rubio-1024x781.png\" alt=\"Ana Ram\u00f3n Rubio\" width=\"363\" height=\"277\" srcset=\"https:\/\/gradocau.umh.es\/files\/2019\/10\/Ana-Ram\u00f3n-Rubio-1024x781.png 1024w, https:\/\/gradocau.umh.es\/files\/2019\/10\/Ana-Ram\u00f3n-Rubio-300x229.png 300w, https:\/\/gradocau.umh.es\/files\/2019\/10\/Ana-Ram\u00f3n-Rubio.png 1196w\" sizes=\"(max-width: 363px) 100vw, 363px\" \/><\/a><\/p>\n<p>&nbsp;<\/p>\n<p>&nbsp;<\/p>\n<p>&nbsp;<\/p>\n<p>&nbsp;<\/p>\n<p>&nbsp;<\/p>\n<p>&nbsp;<\/p>\n<p>&nbsp;<\/p>\n<p>&nbsp;<\/p>\n<p>&nbsp;<\/p>\n","protected":false},"excerpt":{"rendered":"<p>Una UMH fuera de series es un proyecto docente que pretende promover la creatividad, innovaci\u00f3n e iniciativa de los estudiantes, aprendiendo directamente durante la creaci\u00f3n de un producto audiovisual real. En este sentido, pretende promover un enfoque de aprendizaje activo y profundo en todo el colectivo, promoviendo la colaboraci\u00f3n de toda la clase participa en [&hellip;]<\/p>\n","protected":false},"author":1724,"featured_media":0,"parent":4112,"menu_order":6,"comment_status":"closed","ping_status":"closed","template":"","meta":{"_links_to":"","_links_to_target":""},"_links":{"self":[{"href":"https:\/\/gradocau.umh.es\/en\/wp-json\/wp\/v2\/pages\/4368"}],"collection":[{"href":"https:\/\/gradocau.umh.es\/en\/wp-json\/wp\/v2\/pages"}],"about":[{"href":"https:\/\/gradocau.umh.es\/en\/wp-json\/wp\/v2\/types\/page"}],"author":[{"embeddable":true,"href":"https:\/\/gradocau.umh.es\/en\/wp-json\/wp\/v2\/users\/1724"}],"replies":[{"embeddable":true,"href":"https:\/\/gradocau.umh.es\/en\/wp-json\/wp\/v2\/comments?post=4368"}],"version-history":[{"count":0,"href":"https:\/\/gradocau.umh.es\/en\/wp-json\/wp\/v2\/pages\/4368\/revisions"}],"up":[{"embeddable":true,"href":"https:\/\/gradocau.umh.es\/en\/wp-json\/wp\/v2\/pages\/4112"}],"wp:attachment":[{"href":"https:\/\/gradocau.umh.es\/en\/wp-json\/wp\/v2\/media?parent=4368"}],"curies":[{"name":"wp","href":"https:\/\/api.w.org\/{rel}","templated":true}]}}