{"id":4114,"date":"2019-10-08T05:51:14","date_gmt":"2019-10-08T05:51:14","guid":{"rendered":"http:\/\/gradocau.umh.es\/?page_id=4114"},"modified":"2020-09-18T06:08:12","modified_gmt":"2020-09-18T06:08:12","slug":"ciclo-basicos-de-cine","status":"publish","type":"page","link":"https:\/\/gradocau.umh.es\/en\/estudiantado\/actividades-y-proyectos-cau\/ciclo-basicos-de-cine\/","title":{"rendered":"Ciclo B\u00e1sicos de Cine"},"content":{"rendered":"<p>Este ciclo de cine naci\u00f3 en 2017 en el seno del Grado de Comunicaci\u00f3n Audiovisual y la colaboraci\u00f3n del vicerrectorado de Cultura con el apoyo innegable del estudiantado de ese Grado, cuya colaboraci\u00f3n es imprescindible para el buen desarrollo de las sesiones que se vienen realizando, 5 en cada curso acad\u00e9mico, donde se muestran t\u00edtulos cl\u00e1sicos de diferentes g\u00e9neros bajo un denominador com\u00fan, cine de calidad como punto de partida.<\/p>\n<p>Hasta la fecha se han exhibido t\u00edtulos como \u201cCantando bajo la lluvia\u201d, \u201cBlade Runner\u201d, \u201cEl exorcista\u201d, \u201c12 hombres sin piedad\u201d, el western \u201cPor un pu\u00f1ado de d\u00f3lares\u201d, \u201cTibur\u00f3n\u201d o \u201cGrease\u201d.<\/p>\n<p>Tras el visionado se produce un peque\u00f1o coloquio en el que el estudiantado comparte las experiencias vividas y se hace hincapi\u00e9 en los detalles de gui\u00f3n, montaje, efectos, etc. Este ciclo forma parte del aprendizaje en la escuela del cine.<\/p>\n<p>&nbsp;<\/p>\n<h4>Objetivos de la actividad:<\/h4>\n<p>Con este ciclo se pretende <strong>dar a conocer al estudiantado del grado y a la comunidad universitaria en general la posibilidad de conocer el cine cl\u00e1sico<\/strong>, ese cine que nadie se debe perder porque \u00a0es un cine espectacular, que convierte cualquier experiencia humana en un espect\u00e1culo narrativo audiovisual.<\/p>\n<p>&nbsp;<\/p>\n<h4>Reconocimiento de cr\u00e9ditos:<\/h4>\n<p><strong>La actividad est\u00e1 reconocida con 0,6 cr\u00e9ditos por competencias transversales y profesionales<\/strong> a los estudiantes de t\u00edtulos de Grado tal y como establece la Normativa de reconocimiento de Competencias Transversales y Profesionales en su art\u00edculo 4.8.<\/p>\n<p>&nbsp;<\/p>\n<h4>Para m\u00e1s informaci\u00f3n:<\/h4>\n<p><a href=\"http:\/\/cultura.umh.es\/\" target=\"_blank\">http:\/\/cultura.umh.es<\/a><\/p>\n<p><a href=\"http:\/\/cultura.umh.es\/cinema\/promocion-cinematografica\/cinema-en-valencia\/\" target=\"_blank\">http:\/\/cultura.umh.es\/cinema\/promocion-cinematografica\/cinema-en-valencia\/<\/a><\/p>\n<p>&nbsp;<\/p>\n<p><a href=\"http:\/\/gradocau.umh.es\/files\/2019\/10\/2018-04-CineImprescindibleCASweb.jpg\" target=\"_blank\"><img loading=\"lazy\" class=\"alignleft  wp-image-4131\" src=\"http:\/\/gradocau.umh.es\/files\/2019\/10\/2018-04-CineImprescindibleCASweb-212x300.jpg\" alt=\"2018-04-CineImprescindible(CAS)(web)\" width=\"248\" height=\"351\" srcset=\"https:\/\/gradocau.umh.es\/files\/2019\/10\/2018-04-CineImprescindibleCASweb-212x300.jpg 212w, https:\/\/gradocau.umh.es\/files\/2019\/10\/2018-04-CineImprescindibleCASweb-724x1024.jpg 724w, https:\/\/gradocau.umh.es\/files\/2019\/10\/2018-04-CineImprescindibleCASweb.jpg 1240w\" sizes=\"(max-width: 248px) 100vw, 248px\" \/><\/a><\/p>\n<p><a href=\"http:\/\/gradocau.umh.es\/files\/2019\/10\/2019-03_BasicosDelCine2019CAS.jpg\" target=\"_blank\"><img loading=\"lazy\" class=\"  wp-image-4130 alignnone\" src=\"http:\/\/gradocau.umh.es\/files\/2019\/10\/2019-03_BasicosDelCine2019CAS-212x300.jpg\" alt=\"2019-03_BasicosDelCine2019(CAS)\" width=\"249\" height=\"352\" srcset=\"https:\/\/gradocau.umh.es\/files\/2019\/10\/2019-03_BasicosDelCine2019CAS-212x300.jpg 212w, https:\/\/gradocau.umh.es\/files\/2019\/10\/2019-03_BasicosDelCine2019CAS-724x1024.jpg 724w\" sizes=\"(max-width: 249px) 100vw, 249px\" \/><\/a><\/p>\n","protected":false},"excerpt":{"rendered":"<p>Este ciclo de cine naci\u00f3 en 2017 en el seno del Grado de Comunicaci\u00f3n Audiovisual y la colaboraci\u00f3n del vicerrectorado de Cultura con el apoyo innegable del estudiantado de ese Grado, cuya colaboraci\u00f3n es imprescindible para el buen desarrollo de las sesiones que se vienen realizando, 5 en cada curso acad\u00e9mico, donde se muestran t\u00edtulos [&hellip;]<\/p>\n","protected":false},"author":1724,"featured_media":0,"parent":4112,"menu_order":1,"comment_status":"closed","ping_status":"closed","template":"","meta":{"_links_to":"","_links_to_target":""},"_links":{"self":[{"href":"https:\/\/gradocau.umh.es\/en\/wp-json\/wp\/v2\/pages\/4114"}],"collection":[{"href":"https:\/\/gradocau.umh.es\/en\/wp-json\/wp\/v2\/pages"}],"about":[{"href":"https:\/\/gradocau.umh.es\/en\/wp-json\/wp\/v2\/types\/page"}],"author":[{"embeddable":true,"href":"https:\/\/gradocau.umh.es\/en\/wp-json\/wp\/v2\/users\/1724"}],"replies":[{"embeddable":true,"href":"https:\/\/gradocau.umh.es\/en\/wp-json\/wp\/v2\/comments?post=4114"}],"version-history":[{"count":0,"href":"https:\/\/gradocau.umh.es\/en\/wp-json\/wp\/v2\/pages\/4114\/revisions"}],"up":[{"embeddable":true,"href":"https:\/\/gradocau.umh.es\/en\/wp-json\/wp\/v2\/pages\/4112"}],"wp:attachment":[{"href":"https:\/\/gradocau.umh.es\/en\/wp-json\/wp\/v2\/media?parent=4114"}],"curies":[{"name":"wp","href":"https:\/\/api.w.org\/{rel}","templated":true}]}}