{"id":4112,"date":"2019-10-08T05:46:18","date_gmt":"2019-10-08T05:46:18","guid":{"rendered":"http:\/\/gradocau.umh.es\/?page_id=4112"},"modified":"2023-07-07T11:03:45","modified_gmt":"2023-07-07T11:03:45","slug":"actividades-y-proyectos-cau","status":"publish","type":"page","link":"https:\/\/gradocau.umh.es\/en\/estudiantado\/actividades-y-proyectos-cau\/","title":{"rendered":"Actividades y Proyectos CAU"},"content":{"rendered":"<p>El Grado en Comunicaci\u00f3n Audiovisual\u00a0ofrece una\u00a0gran variedad de actividades y proyectos de innovaci\u00f3n docente de car\u00e1cter transversal, cuyo fin es\u00a0proporcionar al alumnado la mayor cantidad posible de experiencias pr\u00e1cticas y contactos con profesionales, en el \u00e1mbito de la Comunicaci\u00f3n Audiovisual y de la producci\u00f3n cinematogr\u00e1fica.<\/p>\n<ul>\n<li><strong>Jornada de Bienvenida:\u00a0<\/strong>Se celebra en octubre. El programa se publicar\u00e1 la primera semana de clase.<\/li>\n<\/ul>\n<ul>\n<li><a href=\"http:\/\/gradocau.umh.es\/estudiantado\/actividades-y-proyectos-cau\/seminario-5-y-accion\/\"><strong>Curso de perfeccionamiento\u00a05 y Acci\u00f3n<\/strong><\/a>: Taller para la realizaci\u00f3n del primer cortometraje de ficci\u00f3n en primer curso.<\/li>\n<\/ul>\n<ul>\n<li><a href=\"http:\/\/gradocau.umh.es\/estudiantado\/actividades-y-proyectos-cau\/ciclo-basicos-de-cine\/\"><strong>Ciclo\u00a0B\u00e1sicos de Cine<\/strong><\/a>: encuentro de estudiantes en base al formato cine f\u00f3rum.<\/li>\n<\/ul>\n<ul>\n<li><a href=\"http:\/\/gradocau.umh.es\/estudiantado\/actividades-y-proyectos-cau\/jornada-de-empleo-cau\/\"><strong>Jornada de Empleo<\/strong><\/a>: seminario para alumnos con graduados de CAU UMH, profesionales y expertos sobre los perfiles profesionales m\u00e1s demandados en el sector.\u00a0Se celebra en el segundo cuatrimestre.<\/li>\n<\/ul>\n<ul>\n<li><a href=\"http:\/\/gradocau.umh.es\/estudiantado\/actividades-y-proyectos-cau\/creatv\/\"><strong>CreaTV<\/strong><\/a>: Los estudiantes de segundo curso desarrollan pr\u00e1cticas profesionales como parte de sus asignaturas y con instituciones educativas no universitarias.<\/li>\n<\/ul>\n<ul>\n<li><strong><a href=\"http:\/\/gradocau.umh.es\/estudiantado\/actividades-y-proyectos-cau\/proyecto-cortometraje-transversal\/\">Cortometraje Transversal<\/a>:<\/strong>\u00a0proyectos de cortometrajes que se integran de manera transversal en las asignaturas de segundo curso.\u00a0Se desarrolla durante todo el curso. El programa se publicar\u00e1 las primeras semanas de clase.<\/li>\n<\/ul>\n<ul>\n<li><strong><a href=\"http:\/\/gradocau.umh.es\/estudiantado\/actividades-y-proyectos-cau\/4156-2\/\">Seminario de Creatividad y Lenguaje Audiovisual<\/a>:<\/strong>\u00a0ponencias de profesionales de reconocido prestigio en el mundo de la creatividad, el dise\u00f1o y la producci\u00f3n audiovisual, para estudiantes de segundo curso.<\/li>\n<\/ul>\n<ul>\n<li><a href=\"http:\/\/gradocau.umh.es\/estudiantado\/actividades-y-proyectos-cau\/seminario-internacional-de-posproduccion-y-arte-digital\/\"><strong>Seminario Internacional de Posproducci\u00f3n y Arte Digital<\/strong><\/a>: encuentro con profesionales y artistas del mundo de la producci\u00f3n y el Arte Digital.\u00a0El programa se publicar\u00e1 el segundo cuatrimestre.<\/li>\n<\/ul>\n<ul>\n<li><strong><a href=\"http:\/\/gradocau.umh.es\/estudiantado\/actividades-y-proyectos-cau\/una-umh-fuera-de-series\/\">Una UMH fuera de series<\/a>:\u00a0<\/strong>seminario orientado a la producci\u00f3n de webseries que se realiza en el tercer curso.\u00a0El programa se publicar\u00e1 las primeras semanas de clase.<\/li>\n<\/ul>\n<ul>\n<li><strong><a href=\"http:\/\/gradocau.umh.es\/estudiantado\/actividades-y-proyectos-cau\/comunic_a\/\">COMUNIC_A<\/a>:<\/strong>\u00a0realizaci\u00f3n de proyectos en campo audiovisual en colaboraci\u00f3n con la Asociaci\u00f3n de Empresas de Publicidad de la Provincia de Alicante, 361\u00ba y sus asociados.\u00a0Se desarrolla entre\u00a0el primer y\u00a0segundo cuatrimestre.<\/li>\n<\/ul>\n<ul>\n<li><a href=\"http:\/\/gradocau.umh.es\/estudiantado\/actividades-y-proyectos-cau\/escuela-de-cine-umh\/\"><strong>Escuela de Cine UMH<\/strong><\/a>: proyectos audiovisuales en el campo de la ficci\u00f3n, en los que se trabaja mano a mano con docentes del grado y profesionales del medio audiovisual.\u00a0Se celebra entre junio y julio.\u00a0El programa se publicar\u00e1\u00a0el segundo cuatrimestre.<\/li>\n<\/ul>\n<ul>\n<li><a href=\"http:\/\/gradocau.umh.es\/estudiantado\/actividades-y-proyectos-cau\/international-student-film-project-isfp\/\"><strong>International Student Film Project<\/strong><\/a>: proyecto itinerante de coproducci\u00f3n internacional para el rodaje de un cortometraje o documental.\u00a0Se celebra en junio, julio y septiembre.\u00a0El programa se publicar\u00e1 la primera semana del segundo cuatrimestre.<\/li>\n<\/ul>\n<ul>\n<li><a href=\"http:\/\/gradocau.umh.es\/estudiantado\/actividades-y-proyectos-cau\/programa-atenea\/\"><strong>Programa Atenea<\/strong><\/a>: taller de formaci\u00f3n espec\u00edfico para potenciar a la mujer productora y\/o directora.<\/li>\n<\/ul>\n<p>&nbsp;<\/p>","protected":false},"excerpt":{"rendered":"<p>El Grado en Comunicaci\u00f3n Audiovisual\u00a0ofrece una\u00a0gran variedad de actividades y proyectos de innovaci\u00f3n docente de car\u00e1cter transversal, cuyo fin es\u00a0proporcionar al alumnado la mayor cantidad posible de experiencias pr\u00e1cticas y contactos con profesionales, en el \u00e1mbito de la Comunicaci\u00f3n Audiovisual y de la producci\u00f3n cinematogr\u00e1fica. Jornada de Bienvenida:\u00a0Se celebra en octubre. El programa se publicar\u00e1 [&hellip;]<\/p>\n","protected":false},"author":1724,"featured_media":0,"parent":281,"menu_order":10,"comment_status":"closed","ping_status":"closed","template":"","meta":{"_links_to":"","_links_to_target":""},"_links":{"self":[{"href":"https:\/\/gradocau.umh.es\/en\/wp-json\/wp\/v2\/pages\/4112"}],"collection":[{"href":"https:\/\/gradocau.umh.es\/en\/wp-json\/wp\/v2\/pages"}],"about":[{"href":"https:\/\/gradocau.umh.es\/en\/wp-json\/wp\/v2\/types\/page"}],"author":[{"embeddable":true,"href":"https:\/\/gradocau.umh.es\/en\/wp-json\/wp\/v2\/users\/1724"}],"replies":[{"embeddable":true,"href":"https:\/\/gradocau.umh.es\/en\/wp-json\/wp\/v2\/comments?post=4112"}],"version-history":[{"count":0,"href":"https:\/\/gradocau.umh.es\/en\/wp-json\/wp\/v2\/pages\/4112\/revisions"}],"up":[{"embeddable":true,"href":"https:\/\/gradocau.umh.es\/en\/wp-json\/wp\/v2\/pages\/281"}],"wp:attachment":[{"href":"https:\/\/gradocau.umh.es\/en\/wp-json\/wp\/v2\/media?parent=4112"}],"curies":[{"name":"wp","href":"https:\/\/api.w.org\/{rel}","templated":true}]}}