{"id":2989,"date":"2017-10-02T09:20:53","date_gmt":"2017-10-02T09:20:53","guid":{"rendered":"http:\/\/gradocau.umh.es\/?page_id=2989"},"modified":"2020-07-07T07:31:41","modified_gmt":"2020-07-07T07:31:41","slug":"casting-permanente-umh","status":"publish","type":"page","link":"https:\/\/gradocau.umh.es\/en\/estudiantado\/casting-permanente-umh\/","title":{"rendered":"Casting Permanente UMH"},"content":{"rendered":"<p><a href=\"http:\/\/gradocau.umh.es\/files\/2017\/10\/casting.jpg\"><img loading=\"lazy\" class=\"  wp-image-2990 alignright\" src=\"http:\/\/gradocau.umh.es\/files\/2017\/10\/casting-1024x683.jpg\" alt=\"casting\" width=\"286\" height=\"191\" srcset=\"https:\/\/gradocau.umh.es\/files\/2017\/10\/casting-1024x683.jpg 1024w, https:\/\/gradocau.umh.es\/files\/2017\/10\/casting-300x200.jpg 300w\" sizes=\"(max-width: 286px) 100vw, 286px\" \/><\/a>La Universidad Miguel Hern\u00e1ndez de Elche (Espa\u00f1a) (UMH), promovido por el Grado en Comunicaci\u00f3n Audiovisual y el Grado en Periodismo, ofrece a los actores y actrices, profesionales y amateurs, la posibilidad de colaborar con los estudiantes y profesores en las actividades de producci\u00f3n audiovisual propias. El objetivo de esta acci\u00f3n es mejorar la calidad de los trabajos y pr\u00e1cticas que se realizan en la universidad y al mismo tiempo contribuir a la promoci\u00f3n de actores y actrices. <strong>La colaboraci\u00f3n no es retribuida<\/strong>.<\/p>\n<p>La inclusi\u00f3n de datos en este cuestionario da derecho a su gestor a cederlos a terceros ligados directamente a la UMH para acciones formativas y formativas\/profesionales organizadas para actividades de producci\u00f3n audiovisual propuestos y desarrollados por la UMH. La cumplimentaci\u00f3n es libre y la cesi\u00f3n de los datos generosa y sin \u00e1nimo de lucro. La informaci\u00f3n dada no se mostrar\u00e1 de forma p\u00fablica en ning\u00fan soporte -a excepci\u00f3n de previa solicitud a los interesados-.<\/p>\n<p>El <a href=\"https:\/\/docs.google.com\/forms\/d\/e\/1FAIpQLSczI8tzaRmaN3wYtjkLyV3M0KodvLBnSSyRd52lytOIHs0jwQ\/viewform\" target=\"_blank\">formulario<\/a> s\u00f3lo puede ser cumplimentado con la sesi\u00f3n de Google abierta. Introduce tus datos en el enlace directo al <a href=\"https:\/\/docs.google.com\/forms\/d\/e\/1FAIpQLSczI8tzaRmaN3wYtjkLyV3M0KodvLBnSSyRd52lytOIHs0jwQ\/viewform\" target=\"_blank\">formulario<\/a> o haciendo corta y pega en el navegador de: goo.gl\/pwiCRC<\/p>\n<p>Los estudiantes y\/o profesores interesados en el acceso a esta base de datos deber\u00e1n solicitarlo por escrito justificando el uso y describiendo el proyecto a realizar. El contacto para esta solicitud es <a href=\"mailto:castingumh@gmail.com\">castingumh@gmail.com<\/a>.<\/p>\n<p>Si ya se introdujeron los datos y desea hacer alguna modificaci\u00f3n, el interesado puede acceder directamente a sus datos, pero si lo desea, puede volver a cumplimentar el cuestionario y en el \u00faltimo apartado de Observaciones indicar &#8220;Actualizar ficha, borrar anterior&#8221;.<\/p>\n<p>Dudas en <a href=\"mailto:mjurado@umh.es\">mjurado@umh.es<\/a><\/p>\n<p>Gracias por su participaci\u00f3n<\/p>\n<p>&nbsp;<\/p>\n","protected":false},"excerpt":{"rendered":"<p>La Universidad Miguel Hern\u00e1ndez de Elche (Espa\u00f1a) (UMH), promovido por el Grado en Comunicaci\u00f3n Audiovisual y el Grado en Periodismo, ofrece a los actores y actrices, profesionales y amateurs, la posibilidad de colaborar con los estudiantes y profesores en las actividades de producci\u00f3n audiovisual propias. El objetivo de esta acci\u00f3n es mejorar la calidad de [&hellip;]<\/p>\n","protected":false},"author":1406,"featured_media":0,"parent":281,"menu_order":45,"comment_status":"closed","ping_status":"closed","template":"","meta":{"_links_to":"","_links_to_target":""},"_links":{"self":[{"href":"https:\/\/gradocau.umh.es\/en\/wp-json\/wp\/v2\/pages\/2989"}],"collection":[{"href":"https:\/\/gradocau.umh.es\/en\/wp-json\/wp\/v2\/pages"}],"about":[{"href":"https:\/\/gradocau.umh.es\/en\/wp-json\/wp\/v2\/types\/page"}],"author":[{"embeddable":true,"href":"https:\/\/gradocau.umh.es\/en\/wp-json\/wp\/v2\/users\/1406"}],"replies":[{"embeddable":true,"href":"https:\/\/gradocau.umh.es\/en\/wp-json\/wp\/v2\/comments?post=2989"}],"version-history":[{"count":0,"href":"https:\/\/gradocau.umh.es\/en\/wp-json\/wp\/v2\/pages\/2989\/revisions"}],"up":[{"embeddable":true,"href":"https:\/\/gradocau.umh.es\/en\/wp-json\/wp\/v2\/pages\/281"}],"wp:attachment":[{"href":"https:\/\/gradocau.umh.es\/en\/wp-json\/wp\/v2\/media?parent=2989"}],"curies":[{"name":"wp","href":"https:\/\/api.w.org\/{rel}","templated":true}]}}