{"id":2075,"date":"2016-07-04T13:23:41","date_gmt":"2016-07-04T13:23:41","guid":{"rendered":"http:\/\/gradocau.umh.es\/?page_id=2075"},"modified":"2016-07-04T13:39:35","modified_gmt":"2016-07-04T13:39:35","slug":"xix-jornadas-de-empleo-umh-comunicacion-audiovisual","status":"publish","type":"page","link":"https:\/\/gradocau.umh.es\/en\/estudiantado\/observatorio-ocupacional-practicas-en-empresas\/xix-jornadas-de-empleo-umh-comunicacion-audiovisual\/","title":{"rendered":"XIX Jornadas de Empleo UMH &#8211; Comunicaci\u00f3n Audiovisual"},"content":{"rendered":"<p><strong>14 Abril 2016<\/strong><\/p>\n<p><strong>Mesa empresas y titulados<\/strong><\/p>\n<p>XIX Jornadas de Empleo de la titulaci\u00f3n de Comunicaci\u00f3n Audiovisual, organizadas por el Vicerrectorado de Econom\u00eda y Empresa, Facultad de Ciencias Sociales y Observatorio Ocupacional de la Universidad Miguel Hern\u00e1ndez. En este caso los titulados y las empresas hacen una mesa coloquio para contar la forma que tienen de trabajar, las empresas colaboradoras son: <a href=\"http:\/\/www.grupoidex.es\/\" target=\"_blank\">Grupoidex Consultor\u00eda de Comunicaci\u00f3n<\/a>, el <a href=\"http:\/\/www.eldiario.es\/\" target=\"_blank\">Diario.es<\/a> y el <a href=\"http:\/\/comunicacion.umh.es\/\" target=\"_blank\">Servicio de Comunicaci\u00f3n de la UMH<\/a>.<\/p>\n<p><a href=\"http:\/\/gradocau.umh.es\/files\/2016\/07\/26655882835_47708af5b7_z.jpg\"><img loading=\"lazy\" class=\"alignnone wp-image-2082\" src=\"http:\/\/gradocau.umh.es\/files\/2016\/07\/26655882835_47708af5b7_z.jpg\" alt=\"26655882835_47708af5b7_z\" width=\"600\" height=\"401\" srcset=\"https:\/\/gradocau.umh.es\/files\/2016\/07\/26655882835_47708af5b7_z.jpg 640w, https:\/\/gradocau.umh.es\/files\/2016\/07\/26655882835_47708af5b7_z-300x201.jpg 300w\" sizes=\"(max-width: 600px) 100vw, 600px\" \/><\/a><\/p>\n<p>&nbsp;<\/p>\n<p><iframe loading=\"lazy\" src=\"https:\/\/www.youtube.com\/embed\/vWm4_-PukDE\" width=\"600\" height=\"401\" frameborder=\"0\" allowfullscreen=\"allowfullscreen\"><\/iframe><\/p>\n<p>&nbsp;<\/p>\n<p><strong>Taller Nuevos modelos de publicidad social<\/strong><\/p>\n<p>XIX Jornadas de Empleo de la titulaci\u00f3n de Comunicaci\u00f3n Audiovisual, organizadas por el Vicerrectorado de Econom\u00eda y Empresa, Facultad de Ciencias Sociales y Observatorio Ocupacional de la Universidad Miguel Hern\u00e1ndez. Taller: Nuevos modelos de publicidad social. C\u00f3mo construir un storytelling y qu\u00e9 es el branded content, a cargo de Rub\u00e9n Ferr\u00e1ndez, Director <a href=\"http:\/\/www.grupoidex.es\/\" target=\"_blank\">Grupoidex Consultor\u00eda de Comunicaci\u00f3n<\/a>, Madrid.<\/p>\n<p><iframe loading=\"lazy\" src=\"https:\/\/www.youtube.com\/embed\/818cM6Q3VDI\" width=\"600\" height=\"401\" frameborder=\"0\" allowfullscreen=\"allowfullscreen\"><\/iframe><\/p>\n","protected":false},"excerpt":{"rendered":"<p>14 Abril 2016 Mesa empresas y titulados XIX Jornadas de Empleo de la titulaci\u00f3n de Comunicaci\u00f3n Audiovisual, organizadas por el Vicerrectorado de Econom\u00eda y Empresa, Facultad de Ciencias Sociales y Observatorio Ocupacional de la Universidad Miguel Hern\u00e1ndez. En este caso los titulados y las empresas hacen una mesa coloquio para contar la forma que tienen [&hellip;]<\/p>\n","protected":false},"author":790,"featured_media":0,"parent":1779,"menu_order":0,"comment_status":"closed","ping_status":"closed","template":"","meta":{"_links_to":"","_links_to_target":""},"_links":{"self":[{"href":"https:\/\/gradocau.umh.es\/en\/wp-json\/wp\/v2\/pages\/2075"}],"collection":[{"href":"https:\/\/gradocau.umh.es\/en\/wp-json\/wp\/v2\/pages"}],"about":[{"href":"https:\/\/gradocau.umh.es\/en\/wp-json\/wp\/v2\/types\/page"}],"author":[{"embeddable":true,"href":"https:\/\/gradocau.umh.es\/en\/wp-json\/wp\/v2\/users\/790"}],"replies":[{"embeddable":true,"href":"https:\/\/gradocau.umh.es\/en\/wp-json\/wp\/v2\/comments?post=2075"}],"version-history":[{"count":0,"href":"https:\/\/gradocau.umh.es\/en\/wp-json\/wp\/v2\/pages\/2075\/revisions"}],"up":[{"embeddable":true,"href":"https:\/\/gradocau.umh.es\/en\/wp-json\/wp\/v2\/pages\/1779"}],"wp:attachment":[{"href":"https:\/\/gradocau.umh.es\/en\/wp-json\/wp\/v2\/media?parent=2075"}],"curies":[{"name":"wp","href":"https:\/\/api.w.org\/{rel}","templated":true}]}}