{"id":1750,"date":"2016-05-09T08:30:24","date_gmt":"2016-05-09T08:30:24","guid":{"rendered":"http:\/\/gradocau.umh.es\/?page_id=1750"},"modified":"2020-07-07T07:32:14","modified_gmt":"2020-07-07T07:32:14","slug":"videos-umh-sobre-produccion-y-cultura-audiovisual","status":"publish","type":"page","link":"https:\/\/gradocau.umh.es\/en\/estudiantado\/videos-umh-sobre-produccion-y-cultura-audiovisual\/","title":{"rendered":"V\u00eddeos UMH sobre Producci\u00f3n y Cultura Audiovisual"},"content":{"rendered":"<p><strong>CONGRESO CICAP 2015. <em>Las series de ficci\u00f3n en Televisi\u00f3n e Internet.<\/em><\/strong><\/p>\n<p><em>C\u00f3mo presentar un proyecto audiovisual a las productoras<\/em><br \/>\n<strong>Mar\u00eda Cervera<\/strong><br \/>\nDir. Internacional en Plano a Plano.<\/p>\n<p>&nbsp;<\/p>\n<p><iframe loading=\"lazy\" src=\"https:\/\/www.youtube.com\/embed\/npBxTRfvIlE\" width=\"640\" height=\"360\" frameborder=\"0\" allowfullscreen=\"allowfullscreen\"><\/iframe><\/p>\n<p>Enlaces a los v\u00eddeos citados:<br \/>\nV\u00cdDEO 1: <a class=\"yt-uix-sessionlink  \" href=\"https:\/\/www.youtube.com\/watch?v=ZEagNQKhY9s\" target=\"_blank\" rel=\"nofollow\" data-url=\"https:\/\/www.youtube.com\/watch?v=ZEagNQKhY9s\" data-sessionlink=\"ei=L3MwV_CTK5OfWq3kr5gN\">https:\/\/www.youtube.com\/watch?v=ZEagN&#8230;<\/a><br \/>\nV\u00cdDEO 2: <a class=\"yt-uix-sessionlink  \" href=\"https:\/\/www.youtube.com\/watch?v=Y9pkhp_SSr8\" target=\"_blank\" rel=\"nofollow\" data-url=\"https:\/\/www.youtube.com\/watch?v=Y9pkhp_SSr8\" data-sessionlink=\"ei=L3MwV_CTK5OfWq3kr5gN\">https:\/\/www.youtube.com\/watch?v=Y9pkh&#8230;<\/a><\/p>\n<p>&nbsp;<\/p>\n<hr \/>\n<p>&nbsp;<\/p>\n<p><strong>SEMINARIO DE CULTURA AUDIOVISUAL (2015-16) para Alumnos 1\u00ba CAU UMH<\/strong><\/p>\n<p><em>Referentes literarios en el discurso audiovisual audiovisual: mitos, inspiraci\u00f3n y s\u00edmbolos<\/em><br \/>\n<strong>Manuel Garc\u00eda P\u00e9rez<\/strong><br \/>\nDocente en IES Th\u00e1der (Orihuela) e Investigador en Universidad de Murcia.<\/p>\n<p>&nbsp;<\/p>\n<p><iframe loading=\"lazy\" src=\"https:\/\/www.youtube.com\/embed\/FK1Ay3uiiOo\" width=\"640\" height=\"360\" frameborder=\"0\" allowfullscreen=\"allowfullscreen\"><\/iframe><\/p>\n<p>V\u00eddeos referenciados:<\/p>\n<p>11&#8217;09&#8243;01: Alejandro G\u00f3nzalez I\u00f1\u00e1rritu (2002): <a class=\"yt-uix-sessionlink  \" href=\"https:\/\/www.youtube.com\/watch?v=OXttbDyv9Go\" target=\"_blank\" rel=\"nofollow\" data-sessionlink=\"ei=Q0owV6i0FYSTWpjpvcAM\" data-url=\"https:\/\/www.youtube.com\/watch?v=OXttbDyv9Go\">https:\/\/www.youtube.com\/watch?v=OXttb&#8230;<\/a><br \/>\nAmbition, de Tomek Baginski (2014): <a class=\"yt-uix-sessionlink  \" href=\"https:\/\/www.youtube.com\/watch?v=H08tGjXNHO4\" target=\"_blank\" rel=\"nofollow\" data-sessionlink=\"ei=Q0owV6i0FYSTWpjpvcAM\" data-url=\"https:\/\/www.youtube.com\/watch?v=H08tGjXNHO4\">https:\/\/www.youtube.com\/watch?v=H08tG&#8230;<\/a><br \/>\nDestino, de Salvador Dal\u00ed y Walt Disney (1946): <a class=\"yt-uix-sessionlink  \" href=\"https:\/\/www.youtube.com\/watch?v=BO8ffgDbM80\" target=\"_blank\" rel=\"nofollow\" data-sessionlink=\"ei=Q0owV6i0FYSTWpjpvcAM\" data-url=\"https:\/\/www.youtube.com\/watch?v=BO8ffgDbM80\">https:\/\/www.youtube.com\/watch?v=BO8ff&#8230;<\/a><br \/>\nThe black hole, de Phill y Olly (2015): <a class=\"yt-uix-sessionlink  \" href=\"https:\/\/www.youtube.com\/watch?v=P5_Msrdg3Hk\" target=\"_blank\" rel=\"nofollow\" data-sessionlink=\"ei=Q0owV6i0FYSTWpjpvcAM\" data-url=\"https:\/\/www.youtube.com\/watch?v=P5_Msrdg3Hk\">https:\/\/www.youtube.com\/watch?v=P5_Ms&#8230;<\/a><br \/>\nWanderers, de Erik Wernquist (2015): <a class=\"yt-uix-sessionlink  \" href=\"https:\/\/www.youtube.com\/watch?v=YH3c1QZzRK4\" target=\"_blank\" rel=\"nofollow\" data-sessionlink=\"ei=Q0owV6i0FYSTWpjpvcAM\" data-url=\"https:\/\/www.youtube.com\/watch?v=YH3c1QZzRK4\">https:\/\/www.youtube.com\/watch?v=YH3c1&#8230;<\/a><br \/>\nCold feet, de Faisal Hasami (2015): <a class=\"yt-uix-sessionlink  \" href=\"https:\/\/www.youtube.com\/watch?v=qILOcCk_TvI\" target=\"_blank\" rel=\"nofollow\" data-sessionlink=\"ei=Q0owV6i0FYSTWpjpvcAM\" data-url=\"https:\/\/www.youtube.com\/watch?v=qILOcCk_TvI\">https:\/\/www.youtube.com\/watch?v=qILOc&#8230;<\/a><\/p>\n<p>&nbsp;<\/p>\n<hr \/>\n<p>&nbsp;<\/p>\n<p><strong><strong><strong>SEMINARIO DE CULTURA AUDIOVISUAL (2015-16) para Alumnos 1\u00ba CAU UMH<\/strong><\/strong><\/strong><\/p>\n<p><i>Nuevas Formas y Medios Audiovisuales en la Era de la Informaci\u00f3n<\/i><br \/>\n<b>Carlos Ramos<\/b><br \/>\nProfesor de la Universidad Miguel Hern\u00e1ndez<\/p>\n<p><iframe loading=\"lazy\" src=\"https:\/\/www.youtube.com\/embed\/DkyqYtm3mP8\" width=\"640\" height=\"360\" frameborder=\"0\" allowfullscreen=\"allowfullscreen\"><\/iframe><\/p>\n<p>Links a los v\u00eddeos referenciados:<br \/>\nFragmento de Annie Hall 1977 &#8212; <a class=\"yt-uix-sessionlink  \" href=\"https:\/\/youtu.be\/CIJ3EUugFxw\" target=\"_blank\" rel=\"nofollow\" data-url=\"https:\/\/youtu.be\/CIJ3EUugFxw\" data-sessionlink=\"ei=B5A4V-n9AYWTcomzioAH\">https:\/\/youtu.be\/CIJ3EUugFxw<\/a><br \/>\nIntroducing the Lily Camera &#8212; <a class=\"yt-uix-sessionlink  \" href=\"https:\/\/youtu.be\/4vGcH0Bk3hg\" target=\"_blank\" rel=\"nofollow\" data-url=\"https:\/\/youtu.be\/4vGcH0Bk3hg\" data-sessionlink=\"ei=B5A4V-n9AYWTcomzioAH\">https:\/\/youtu.be\/4vGcH0Bk3hg<\/a><br \/>\nS\u00cdNDROME DEL V\u00cdDEO VERTICAL &#8212; <a class=\"yt-uix-sessionlink  \" href=\"https:\/\/youtu.be\/whOO7Jnalfk\" target=\"_blank\" rel=\"nofollow\" data-url=\"https:\/\/youtu.be\/whOO7Jnalfk\" data-sessionlink=\"ei=B5A4V-n9AYWTcomzioAH\">https:\/\/youtu.be\/whOO7Jnalfk<\/a><br \/>\nConvocatoria Smart Films 2016 &#8212; <a class=\"yt-uix-sessionlink  \" href=\"https:\/\/www.youtube.com\/watch?v=3cM-fA_qOlg\" target=\"_blank\" rel=\"nofollow\" data-url=\"https:\/\/www.youtube.com\/watch?v=3cM-fA_qOlg\" data-sessionlink=\"ei=B5A4V-n9AYWTcomzioAH\">https:\/\/www.youtube.com\/watch?v=3cM-f&#8230;<\/a><br \/>\nTangerine &#8211; Red Band Trailer &#8211; YouTube &#8212; <a class=\"yt-uix-sessionlink  \" href=\"https:\/\/www.youtube.com\/watch?v=ALSwWTb88ZU\" target=\"_blank\" rel=\"nofollow\" data-url=\"https:\/\/www.youtube.com\/watch?v=ALSwWTb88ZU\" data-sessionlink=\"ei=B5A4V-n9AYWTcomzioAH\">https:\/\/www.youtube.com\/watch?v=ALSwW&#8230;<\/a><br \/>\nINTRODUCING AEO Men&#8217;s Underwear&#8230; MEET DOUG &#8212; <a class=\"yt-uix-sessionlink  \" href=\"https:\/\/youtu.be\/qS_zP6qeLtc\" target=\"_blank\" rel=\"nofollow\" data-url=\"https:\/\/youtu.be\/qS_zP6qeLtc\" data-sessionlink=\"ei=B5A4V-n9AYWTcomzioAH\">https:\/\/youtu.be\/qS_zP6qeLtc<\/a><\/p>\n<p>Links anexos:<br \/>\nA Short History of Citizen Journalism &#8212;<a class=\"yt-uix-sessionlink  \" href=\"https:\/\/youtu.be\/7f6XSJxbXJU\" target=\"_blank\" rel=\"nofollow\" data-url=\"https:\/\/youtu.be\/7f6XSJxbXJU\" data-sessionlink=\"ei=B5A4V-n9AYWTcomzioAH\">https:\/\/youtu.be\/7f6XSJxbXJU<\/a><br \/>\nAvi\u00f3n colisiona con un puente en Taiw\u00e1n &#8212; <a class=\"yt-uix-sessionlink  \" href=\"http:\/\/www.rtve.es\/drmn\/embed\/video\/2980463\" target=\"_blank\" rel=\"nofollow\" data-url=\"http:\/\/www.rtve.es\/drmn\/embed\/video\/2980463\" data-sessionlink=\"ei=B5A4V-n9AYWTcomzioAH\">http:\/\/www.rtve.es\/drmn\/embed\/video\/2&#8230;<\/a><br \/>\nMike Brown Shooting Witness Video With Enhanced Audio And Video &#8212; <a class=\"yt-uix-sessionlink  \" href=\"https:\/\/www.youtube.com\/watch?v=FyEoNbJYMsE\" target=\"_blank\" rel=\"nofollow\" data-url=\"https:\/\/www.youtube.com\/watch?v=FyEoNbJYMsE\" data-sessionlink=\"ei=B5A4V-n9AYWTcomzioAH\">https:\/\/www.youtube.com\/watch?v=FyEoN&#8230;<\/a><br \/>\nLa primavera \u00e1rabe &#8212; <a class=\"yt-uix-sessionlink  \" href=\"https:\/\/youtu.be\/lnPR90dJ3Gk?t=8m24s\" target=\"_blank\" rel=\"nofollow\" data-url=\"https:\/\/youtu.be\/lnPR90dJ3Gk?t=8m24s\" data-sessionlink=\"ei=B5A4V-n9AYWTcomzioAH\">https:\/\/youtu.be\/lnPR90dJ3Gk?t=8m24s<\/a><br \/>\nTAKSIM GEZI PARK AERIAL \/ Taksim Gezi Park Havadan \u00c7ekim Part 4 &#8212; <a class=\"yt-uix-sessionlink  \" href=\"https:\/\/vimeo.com\/68229603\" target=\"_blank\" rel=\"nofollow\" data-url=\"https:\/\/vimeo.com\/68229603\" data-sessionlink=\"ei=B5A4V-n9AYWTcomzioAH\">https:\/\/vimeo.com\/68229603<\/a><br \/>\nTURKISH POLICE SHOOTING DOWN A CAMERA DRONE &#8212; <a class=\"yt-uix-sessionlink  \" href=\"https:\/\/vimeo.com\/68156381\" target=\"_blank\" rel=\"nofollow\" data-url=\"https:\/\/vimeo.com\/68156381\" data-sessionlink=\"ei=B5A4V-n9AYWTcomzioAH\">https:\/\/vimeo.com\/68156381<\/a><br \/>\nFoodography &#8212; <a class=\"yt-uix-sessionlink  \" href=\"https:\/\/youtu.be\/dvPTG1he2Mo\" target=\"_blank\" rel=\"nofollow\" data-url=\"https:\/\/youtu.be\/dvPTG1he2Mo\" data-sessionlink=\"ei=B5A4V-n9AYWTcomzioAH\">https:\/\/youtu.be\/dvPTG1he2Mo<\/a><br \/>\nJameson notodofilmfest &#8212; <a class=\"yt-uix-sessionlink  \" href=\"http:\/\/www.jamesonnotodofilmfest.com\/premio-lg.html\" target=\"_blank\" rel=\"nofollow\" data-url=\"http:\/\/www.jamesonnotodofilmfest.com\/premio-lg.html\" data-sessionlink=\"ei=B5A4V-n9AYWTcomzioAH\">http:\/\/www.jamesonnotodofilmfest.com\/&#8230;<\/a><br \/>\nEagle Harasses Mule Deer &#8212; <a class=\"yt-uix-sessionlink  \" href=\"https:\/\/www.youtube.com\/watch?v=kYVvM7SlYeE\" target=\"_blank\" rel=\"nofollow\" data-url=\"https:\/\/www.youtube.com\/watch?v=kYVvM7SlYeE\" data-sessionlink=\"ei=B5A4V-n9AYWTcomzioAH\">https:\/\/www.youtube.com\/watch?v=kYVvM&#8230;<\/a><br \/>\nGolden Eagle Snatches Kid &#8212; <a class=\"yt-uix-sessionlink  \" href=\"https:\/\/youtu.be\/CE0Q904gtMI\" target=\"_blank\" rel=\"nofollow\" data-url=\"https:\/\/youtu.be\/CE0Q904gtMI\" data-sessionlink=\"ei=B5A4V-n9AYWTcomzioAH\">https:\/\/youtu.be\/CE0Q904gtMI<\/a><br \/>\nFlying like a bird | part 14\/14 &#8212; <a class=\"yt-uix-sessionlink  \" href=\"https:\/\/youtu.be\/GYW5G2kbrKk\" target=\"_blank\" rel=\"nofollow\" data-url=\"https:\/\/youtu.be\/GYW5G2kbrKk\" data-sessionlink=\"ei=B5A4V-n9AYWTcomzioAH\">https:\/\/youtu.be\/GYW5G2kbrKk<\/a><br \/>\nGoPro STOLEN by a SEAGULL!! &#8211; Unique San Francisco sunset\u2026 &#8212; <a class=\"yt-uix-sessionlink  \" href=\"https:\/\/www.youtube.com\/watch?v=RArofHji8CU\" target=\"_blank\" rel=\"nofollow\" data-url=\"https:\/\/www.youtube.com\/watch?v=RArofHji8CU\" data-sessionlink=\"ei=B5A4V-n9AYWTcomzioAH\">https:\/\/www.youtube.com\/watch?v=RArof&#8230;<\/a><br \/>\nSeagull stole GoPro &#8212; <a class=\"yt-uix-sessionlink  \" href=\"https:\/\/youtu.be\/rIu5B3Fsstg\" target=\"_blank\" rel=\"nofollow\" data-url=\"https:\/\/youtu.be\/rIu5B3Fsstg\" data-sessionlink=\"ei=B5A4V-n9AYWTcomzioAH\">https:\/\/youtu.be\/rIu5B3Fsstg<\/a><br \/>\nThe Blue &#8212; <a class=\"yt-uix-sessionlink  \" href=\"https:\/\/vimeo.com\/47138207#at=15\" target=\"_blank\" rel=\"nofollow\" data-url=\"https:\/\/vimeo.com\/47138207#at=15\" data-sessionlink=\"ei=B5A4V-n9AYWTcomzioAH\">https:\/\/vimeo.com\/47138207#at=15<\/a><br \/>\nOctopus steals my video camera and swims off with it while it&#8217;s Recording &#8212;<a class=\"yt-uix-sessionlink  \" href=\"http:\/\/www.garagestudios.co.nz\/#\/kleptopus\/\" target=\"_blank\" rel=\"nofollow\" data-url=\"http:\/\/www.garagestudios.co.nz\/#\/kleptopus\/\" data-sessionlink=\"ei=B5A4V-n9AYWTcomzioAH\">http:\/\/www.garagestudios.co.nz\/#\/klep&#8230;<\/a><br \/>\nDeclaraciones de Joan Fontcuberta. Exposici\u00f3n Sputnik. Obra Social &#8220;la Caixa&#8221; &#8212;<a class=\"yt-uix-sessionlink  \" href=\"https:\/\/www.youtube.com\/watch?v=VHSdBlhZCnw\" target=\"_blank\" rel=\"nofollow\" data-url=\"https:\/\/www.youtube.com\/watch?v=VHSdBlhZCnw\" data-sessionlink=\"ei=B5A4V-n9AYWTcomzioAH\">https:\/\/www.youtube.com\/watch?v=VHSdB&#8230;<\/a><\/p>\n<p>&nbsp;<\/p>\n","protected":false},"excerpt":{"rendered":"<p>CONGRESO CICAP 2015. Las series de ficci\u00f3n en Televisi\u00f3n e Internet. C\u00f3mo presentar un proyecto audiovisual a las productoras Mar\u00eda Cervera Dir. Internacional en Plano a Plano. &nbsp; Enlaces a los v\u00eddeos citados: V\u00cdDEO 1: https:\/\/www.youtube.com\/watch?v=ZEagN&#8230; V\u00cdDEO 2: https:\/\/www.youtube.com\/watch?v=Y9pkh&#8230; &nbsp; &nbsp; SEMINARIO DE CULTURA AUDIOVISUAL (2015-16) para Alumnos 1\u00ba CAU UMH Referentes literarios en el [&hellip;]<\/p>\n","protected":false},"author":790,"featured_media":0,"parent":281,"menu_order":50,"comment_status":"closed","ping_status":"closed","template":"","meta":{"_links_to":"","_links_to_target":""},"_links":{"self":[{"href":"https:\/\/gradocau.umh.es\/en\/wp-json\/wp\/v2\/pages\/1750"}],"collection":[{"href":"https:\/\/gradocau.umh.es\/en\/wp-json\/wp\/v2\/pages"}],"about":[{"href":"https:\/\/gradocau.umh.es\/en\/wp-json\/wp\/v2\/types\/page"}],"author":[{"embeddable":true,"href":"https:\/\/gradocau.umh.es\/en\/wp-json\/wp\/v2\/users\/790"}],"replies":[{"embeddable":true,"href":"https:\/\/gradocau.umh.es\/en\/wp-json\/wp\/v2\/comments?post=1750"}],"version-history":[{"count":0,"href":"https:\/\/gradocau.umh.es\/en\/wp-json\/wp\/v2\/pages\/1750\/revisions"}],"up":[{"embeddable":true,"href":"https:\/\/gradocau.umh.es\/en\/wp-json\/wp\/v2\/pages\/281"}],"wp:attachment":[{"href":"https:\/\/gradocau.umh.es\/en\/wp-json\/wp\/v2\/media?parent=1750"}],"curies":[{"name":"wp","href":"https:\/\/api.w.org\/{rel}","templated":true}]}}