{"id":1708,"date":"2016-05-08T10:55:53","date_gmt":"2016-05-08T10:55:53","guid":{"rendered":"http:\/\/gradocau.umh.es\/?page_id=1708"},"modified":"2021-01-19T09:18:24","modified_gmt":"2021-01-19T09:18:24","slug":"informacion-alumnos-cau","status":"publish","type":"page","link":"https:\/\/gradocau.umh.es\/en\/estudiantado\/informacion-alumnos-cau\/","title":{"rendered":"Informaci\u00f3n General"},"content":{"rendered":"<h3><strong>INFORMACI\u00d3N ESPEC\u00cdFICA PARA\u00a0ESTUDIANTES DE COMUNICACI\u00d3N AUDIOVISUAL<\/strong><\/h3>\n<p>En este espacio puedes\u00a0encontrar respuestas a \u201ceso\u201d que t\u00fa quieres saber, incorporando v\u00ednculos e informaci\u00f3n sobre algunos de los aspectos que m\u00e1s te\u00a0preocupen.\u00a0Aqu\u00ed tienes enlaces a documentaci\u00f3n relevante que puedes necesitar durante el curso:<\/p>\n<p>&nbsp;<\/p>\n<h4>EX\u00c1MENES Y HORARIOS DE CLASE<\/h4>\n<hr \/>\n<ul>\n<li>HORARIOS CLASES\u00a0CAU Curso 2020-2021:\u00a0<a href=\"http:\/\/gradocau.umh.es\/files\/2021\/01\/CAU_HORARIOS-2020-21_BLOG_bis_19-01-21.pdf\" target=\"_blank\">HORARIOS GRADO CAU 2020-2021<\/a><\/li>\n<li>CALENDARIO EX\u00c1MENES CAU Curso 2020-2021:\u00a0\u00a0<a href=\"http:\/\/gradocau.umh.es\/files\/2020\/09\/EXAMENES_CAU_2020-21.pdf\" target=\"_blank\">Calendario ex\u00e1menes CAU 2020-2021<\/a><\/li>\n<\/ul>\n<p>&nbsp;<\/p>\n<h5><\/h5>\n<h4>GRUPOS DE CLASE PARA LAS PR\u00c1CTICAS<\/h4>\n<hr \/>\n<ul>\n<li><strong>Grupos pr\u00e1cticos 1\u00ba CAU<\/strong>: Se definir\u00e1n la semana de inicio de clases del 2\u00ba cuatrimestre.<\/li>\n<li><strong>Grupos pr\u00e1cticos 2\u00ba CAU<\/strong>:\u00a0Se mantienen los grupos del curso anterior. Cualquier duda, consultar\u00a0a Vicente J. P\u00e9rez.<\/li>\n<li><strong>Grupos pr\u00e1cticos 3\u00ba CAU<\/strong>:\u00a0Se mantienen los grupos del curso anterior. Cualquier duda, consultar\u00a0a Elpidio del Campo.<\/li>\n<li><strong>Grupos pr\u00e1cticos 4\u00ba CAU<\/strong>:\u00a0Se mantienen los grupos del curso anterior. Cualquier duda, consultar\u00a0a Mario P. Mart\u00ednez.<\/li>\n<\/ul>\n<p>&nbsp;<\/p>\n<h5><\/h5>\n<h4><strong><strong>ACTIVIDADES\u00a0DE LA TITULACI\u00d3N<\/strong><\/strong><\/h4>\n<hr \/>\n<p>Entra <a href=\"http:\/\/gradocau.umh.es\/info\/actividades-y-proyectos-cau\/\" target=\"_blank\">aqu\u00ed para ver las actividades y proyectos de CAU<\/a><\/p>\n<p>&nbsp;<\/p>\n<h4><strong>CALENDARIO ACAD\u00c9MICO<\/strong><\/h4>\n<hr \/>\n<p>Si lo que quieres saber es cu\u00e1ndo puedes hacer la pre-inscripci\u00f3n, la matr\u00edcula, qu\u00e9 plazos hay para reconocimiento de cr\u00e9ditos, cu\u00e1ndo empiezan las clases. etc., tienes que acudir al <a href=\"http:\/\/www.umh.es\/contenido\/Estudiantes\/:calendario\/datos_es.html\" target=\"_blank\">calendario acad\u00e9mico curso 2020-21<\/a>.<\/p>\n","protected":false},"excerpt":{"rendered":"<p>INFORMACI\u00d3N ESPEC\u00cdFICA PARA\u00a0ESTUDIANTES DE COMUNICACI\u00d3N AUDIOVISUAL En este espacio puedes\u00a0encontrar respuestas a \u201ceso\u201d que t\u00fa quieres saber, incorporando v\u00ednculos e informaci\u00f3n sobre algunos de los aspectos que m\u00e1s te\u00a0preocupen.\u00a0Aqu\u00ed tienes enlaces a documentaci\u00f3n relevante que puedes necesitar durante el curso: &nbsp; EX\u00c1MENES Y HORARIOS DE CLASE HORARIOS CLASES\u00a0CAU Curso 2020-2021:\u00a0HORARIOS GRADO CAU 2020-2021 CALENDARIO EX\u00c1MENES [&hellip;]<\/p>\n","protected":false},"author":790,"featured_media":0,"parent":281,"menu_order":0,"comment_status":"closed","ping_status":"closed","template":"","meta":{"_links_to":"","_links_to_target":""},"_links":{"self":[{"href":"https:\/\/gradocau.umh.es\/en\/wp-json\/wp\/v2\/pages\/1708"}],"collection":[{"href":"https:\/\/gradocau.umh.es\/en\/wp-json\/wp\/v2\/pages"}],"about":[{"href":"https:\/\/gradocau.umh.es\/en\/wp-json\/wp\/v2\/types\/page"}],"author":[{"embeddable":true,"href":"https:\/\/gradocau.umh.es\/en\/wp-json\/wp\/v2\/users\/790"}],"replies":[{"embeddable":true,"href":"https:\/\/gradocau.umh.es\/en\/wp-json\/wp\/v2\/comments?post=1708"}],"version-history":[{"count":0,"href":"https:\/\/gradocau.umh.es\/en\/wp-json\/wp\/v2\/pages\/1708\/revisions"}],"up":[{"embeddable":true,"href":"https:\/\/gradocau.umh.es\/en\/wp-json\/wp\/v2\/pages\/281"}],"wp:attachment":[{"href":"https:\/\/gradocau.umh.es\/en\/wp-json\/wp\/v2\/media?parent=1708"}],"curies":[{"name":"wp","href":"https:\/\/api.w.org\/{rel}","templated":true}]}}