{"id":747,"date":"2015-09-19T12:38:07","date_gmt":"2015-09-19T12:38:07","guid":{"rendered":"http:\/\/gradocau.umh.es\/?page_id=747"},"modified":"2022-09-02T10:37:40","modified_gmt":"2022-09-02T10:37:40","slug":"movilidad","status":"publish","type":"page","link":"https:\/\/gradocau.umh.es\/ca\/estudiantado\/movilidad\/","title":{"rendered":"Movilidad"},"content":{"rendered":"<p><\/p>\n<h2><strong>Programas SICUE \/ ERASMUS+ \/ DESTINO<\/strong><\/h2>\n<p>&nbsp;<\/p>\n<p><strong><a title=\"FAQS\" href=\"http:\/\/gradocau.umh.es\/movilidad\/preguntas-frecuentes-faqs\/\" target=\"_blank\" rel=\"noopener\"><img loading=\"lazy\" class=\"alignnone size-full wp-image-7998\" src=\"http:\/\/gradocau.umh.es\/files\/2015\/09\/FAQS_boton.jpg\" alt=\"FAQS_boton\" width=\"300\" height=\"\" \/><\/a>\u00a0 \u00a0\u00a0<a href=\"http:\/\/gradocau.umh.es\/movilidad\/procedimiento-preparacion-learning-agreement-acuerdo-academico\/\"><img loading=\"lazy\" class=\"alignnone size-full wp-image-8001\" src=\"http:\/\/gradocau.umh.es\/files\/2015\/09\/LEARNING_boton.jpg\" alt=\"LEARNING_boton\" width=\"300\" height=\"\" \/><\/a><\/strong><br \/>\n&nbsp;<\/p>\n<h4><strong>&#8230; QU\u00c9 TENGO QUE HACER PARA IRME A ESTUDIAR FUERA<\/strong><\/h4>\n<p>Acude a al Oficina de Relaciones Internacionales (ORI) y, en la unidad de movilidad, te explicar\u00e1n los diferentes programas nacionales e internacionales as\u00ed como el procedimiento a seguir y plazos para poder realizar las solicitudes, acuerdos, etc.\u00a0<a href=\"http:\/\/internacional.umh.es\/\" target=\"_blank\" rel=\"noopener\">http:\/\/internacional.umh.es\/<\/a><\/p>\n<p>&nbsp;<\/p>\n<h4><strong>PROGRAMAS DE MOVILIDAD DE ESTUDIANTES (Vicerrectorado de Relaciones Internacionales)<\/strong><\/h4>\n<p>Toda la informaci\u00f3n est\u00e1 disponible en\u00a0<a href=\"http:\/\/internacional.umh.es\/movilidad\/estudiantes\/\" target=\"_blank\" rel=\"noopener\">http:\/\/internacional.umh.es\/movilidad\/estudiantes\/<\/a><\/p>\n<p>Permiten estudiar un cuatrimestre o un curso acad\u00e9mico completo en otra universidad sin realizar traslado de expediente. Hay 3 modalidades de movilidad:<\/p>\n<p>&nbsp;<\/p>\n<h5><strong>A)\u00a0Movilidad NACIONAL:\u00a0<\/strong><a href=\"http:\/\/internacional.umh.es\/movilidad\/estudiantes\/sicue\/\" target=\"_blank\" rel=\"noopener\"><span style=\"text-decoration: underline\">Programa SICUE<\/span><\/a><\/h5>\n<p>Plazas disponibles para CAU 2020-21:<\/p>\n<table style=\"height: 400px\" width=\"600\">\n<tbody>\n<tr>\n<td width=\"500&quot;\"><strong>UNIVERSIDAD<\/strong><\/td>\n<td style=\"text-align: center\" width=\"80\"><strong>PLAZAS OFERTADAS<\/strong><\/td>\n<td style=\"text-align: center\" width=\"80\"><strong>MESES<\/strong><\/td>\n<td style=\"text-align: center\" width=\"200\"><strong>GRADO DESTINO<\/strong><\/td>\n<\/tr>\n<tr>\n<td width=\"214\">Universidad Cat\u00f3lica San Antonio de Murcia<\/td>\n<td style=\"text-align: center\" width=\"80\">2<\/td>\n<td style=\"text-align: center\" width=\"80\">9<\/td>\n<td style=\"text-align: center\" width=\"200\">C. Audiovisual<\/td>\n<\/tr>\n<tr>\n<td width=\"214\">Universidad Complutense de Madrid<\/td>\n<td style=\"text-align: center\" width=\"80\">2<\/td>\n<td style=\"text-align: center\" width=\"80\">9<\/td>\n<td style=\"text-align: center\" width=\"200\">C. Audiovisual<\/td>\n<\/tr>\n<tr>\n<td width=\"214\">Universidad de Burgos<\/td>\n<td style=\"text-align: center\" width=\"80\">2<\/td>\n<td style=\"text-align: center\" width=\"80\">9<\/td>\n<td style=\"text-align: center\" width=\"200\">C. Audiovisual<\/td>\n<\/tr>\n<tr>\n<td width=\"214\">Universidad de Castilla la Mancha<\/td>\n<td style=\"text-align: center\" width=\"80\">2<\/td>\n<td style=\"text-align: center\" width=\"80\">9<\/td>\n<td style=\"text-align: center\" width=\"200\">C. Audiovisual<\/td>\n<\/tr>\n<tr>\n<td width=\"214\">Universidad de Granada<\/td>\n<td style=\"text-align: center\" width=\"80\">2<\/td>\n<td style=\"text-align: center\" width=\"80\">9<\/td>\n<td style=\"text-align: center\" width=\"200\">C. Audiovisual<\/td>\n<\/tr>\n<tr>\n<td width=\"214\">Universidad de La Coru\u00f1a<\/td>\n<td style=\"text-align: center\" width=\"80\">2<\/td>\n<td style=\"text-align: center\" width=\"80\">9<\/td>\n<td style=\"text-align: center\" width=\"200\">C. Audiovisual<\/td>\n<\/tr>\n<tr>\n<td width=\"214\">Universidad de La Laguna<\/td>\n<td style=\"text-align: center\" width=\"80\">1<\/td>\n<td style=\"text-align: center\" width=\"80\">9<\/td>\n<td style=\"text-align: center\" width=\"200\">Periodismo<\/td>\n<\/tr>\n<tr>\n<td width=\"214\">Universidad de L\u00e9rida<\/td>\n<td style=\"text-align: center\" width=\"80\">2<\/td>\n<td style=\"text-align: center\" width=\"80\">9<\/td>\n<td style=\"text-align: center\" width=\"200\">C. Audiovisual<\/td>\n<\/tr>\n<tr>\n<td width=\"214\">Universidad de M\u00e1laga<\/td>\n<td style=\"text-align: center\" width=\"80\">2<\/td>\n<td style=\"text-align: center\" width=\"80\">9<\/td>\n<td style=\"text-align: center\" width=\"200\">C. Audiovisual<\/td>\n<\/tr>\n<tr>\n<td width=\"214\">Universidad de Murcia<\/td>\n<td style=\"text-align: center\" width=\"80\">2<\/td>\n<td style=\"text-align: center\" width=\"80\">9<\/td>\n<td style=\"text-align: center\" width=\"200\">C. Audiovisual<\/td>\n<\/tr>\n<tr>\n<td width=\"214\">Universidad de Navarra<\/td>\n<td style=\"text-align: center\" width=\"80\">1<\/td>\n<td style=\"text-align: center\" width=\"80\">9<\/td>\n<td style=\"text-align: center\" width=\"200\">C. Audiovisual<\/td>\n<\/tr>\n<tr>\n<td width=\"214\">Universidad de Salamanca<\/td>\n<td style=\"text-align: center\" width=\"80\">2<\/td>\n<td style=\"text-align: center\" width=\"80\">9<\/td>\n<td style=\"text-align: center\" width=\"200\">C. Audiovisual<\/td>\n<\/tr>\n<tr>\n<td width=\"214\">Universidad de Santiago de Compostela<\/td>\n<td style=\"text-align: center\" width=\"80\">2<\/td>\n<td style=\"text-align: center\" width=\"80\">9<\/td>\n<td style=\"text-align: center\" width=\"200\">C. Audiovisual<\/td>\n<\/tr>\n<tr>\n<td width=\"214\">Universidad de Sevilla<\/td>\n<td style=\"text-align: center\" width=\"80\">2\/2<\/td>\n<td style=\"text-align: center\" width=\"80\">9\/5<\/td>\n<td style=\"text-align: center\" width=\"200\">C. Audiovisual<\/td>\n<\/tr>\n<tr>\n<td width=\"214\">Universidad Jaume I<\/td>\n<td style=\"text-align: center\" width=\"80\">2<\/td>\n<td style=\"text-align: center\" width=\"80\">9<\/td>\n<td style=\"text-align: center\" width=\"200\">C. Audiovisual<\/td>\n<\/tr>\n<tr>\n<td width=\"214\">Universidad Rey Juan Carlos<\/td>\n<td style=\"text-align: center\" width=\"80\">2<\/td>\n<td style=\"text-align: center\" width=\"80\">9<\/td>\n<td style=\"text-align: center\" width=\"200\">C. Audiovisual<\/td>\n<\/tr>\n<\/tbody>\n<\/table>\n<p>&nbsp;<\/p>\n<h5><strong>B)\u00a0Movilidad INTERNACIONAL:\u00a0<\/strong><a href=\"http:\/\/internacional.umh.es\/movilidad\/estudiantes\/erasmus\/\" target=\"_blank\" rel=\"noopener\">Programa ERASMUS<\/a> +:<a href=\"http:\/\/internacional.umh.es\/movilidad\/estudiantes\/erasmus\/erasmus-estudios\/\" target=\"_blank\" rel=\"noopener\">\u00a0Estudios<\/a> o <a href=\"http:\/\/internacional.umh.es\/movilidad\/estudiantes\/erasmus\/erasmuspracticas\/\" target=\"_blank\" rel=\"noopener\">pr\u00e1cticas<\/a><\/h5>\n<p>Plazas disponibles para CAU 2019-20:<\/p>\n<table style=\"height: 512px\" width=\"784\">\n<tbody>\n<tr>\n<td width=\"214\"><strong>NOMBRE INGLES<\/strong><\/td>\n<td width=\"222\"><strong>NOMBRE ORIGINAL<\/strong><\/td>\n<td width=\"108\"><strong>PLAZAS OFERTADAS<\/strong><\/td>\n<td width=\"46\"><strong>MESES<\/strong><\/td>\n<td width=\"103\"><strong>CICLO ESTUDIOS<\/strong><\/td>\n<td width=\"179\"><strong>AREA<\/strong><\/td>\n<td width=\"179\"><strong>IDIOMAS<\/strong><\/td>\n<td width=\"179\"><strong>INFORMACI\u00d3N ADICIONAL<\/strong><\/td>\n<\/tr>\n<tr>\n<td width=\"214\">University of Bonn<\/td>\n<td width=\"222\">Rheinische-Friedrich Wilhelms Universit\u00e4t Bonn<\/td>\n<td width=\"108\">3<\/td>\n<td width=\"46\">9<\/td>\n<td width=\"103\">1\u00ba,2\u00ba<\/td>\n<td width=\"179\">Communication and Information Sciences<\/td>\n<td width=\"179\">Conocimientos de alem\u00e1n nivel A2 y obligatorio tener un B1 de ingl\u00e9s<\/td>\n<td width=\"179\"><\/td>\n<\/tr>\n<tr>\n<td width=\"214\">University of Trier<\/td>\n<td width=\"222\">Universit\u00e4t Trier<\/td>\n<td width=\"108\">2<\/td>\n<td width=\"46\">9<\/td>\n<td width=\"103\">FS<\/td>\n<td width=\"179\">Audiovisual techniques and media production<\/td>\n<td width=\"179\">Conocimientos de alem\u00e1n nivel B1<\/td>\n<td width=\"179\"><\/td>\n<\/tr>\n<tr>\n<td width=\"214\">EFAP Images &amp; M\u00e9dias<\/td>\n<td width=\"222\">EFAP Ecole des Metiers de la Communication<\/td>\n<td width=\"108\">2<\/td>\n<td width=\"46\">9<\/td>\n<td width=\"103\">1\u00ba,2\u00ba<\/td>\n<td width=\"179\">Photography, Cinematography<\/td>\n<td width=\"179\">Conocimientos de franc\u00e9s\/ingl\u00e9s nivel B2<\/td>\n<td width=\"179\">IMPORTANTE: Solamente se pueden cursar asignaturas en esta universidad para reconocer COMPETENCIAS TRANSVERSALES Y PROFESIONALES. (Optatividad)<\/td>\n<\/tr>\n<tr>\n<td width=\"214\">Universit\u00e9 de Franch\u00e9 \u2013 Comt\u00e9<\/td>\n<td width=\"222\">Universit\u00e9 de Franch\u00e9 \u2013 Comt\u00e9<\/td>\n<td width=\"108\">3<\/td>\n<td width=\"46\">6<\/td>\n<td width=\"103\">1\u00ba<\/td>\n<td width=\"179\">Audiovisual techniques and media production<\/td>\n<td width=\"179\">Conocimientos de franc\u00e9s nivel B2<\/td>\n<td width=\"179\"><\/td>\n<\/tr>\n<tr>\n<td width=\"214\">Libera Universit\u00e0 Maria SS. Assunta (LUMSA)<\/td>\n<td width=\"222\">Libera Universit\u00e0 Maria SS. Assunta (LUMSA)<\/td>\n<td width=\"108\">2<\/td>\n<td width=\"46\">9<\/td>\n<td width=\"103\">1\u00ba,2\u00ba<\/td>\n<td width=\"179\">Communication Techniques and Media Production<\/td>\n<td width=\"179\">Conocimientos de italiano nivel B1<\/td>\n<td width=\"179\"><\/td>\n<\/tr>\n<tr>\n<td width=\"214\">FAMU Film and TV School of Academy of Performing Arts in Prague<\/td>\n<td width=\"222\">Filmov\u00e1 a televizn\u00ed fakulta Akademie m\u00fazick\u00fdch um\u011bn\u00ed v Praze)<\/td>\n<td width=\"108\">2<\/td>\n<td width=\"46\">9<\/td>\n<td width=\"103\">1\u00ba,2\u00ba<\/td>\n<td width=\"179\">Photography, Cinematography \/ Communication and Information Sciences<\/td>\n<td width=\"179\">Conocimientos de ingl\u00e9s nivel B1<\/td>\n<td width=\"179\">IMPORTANTE: Solamente se pueden cursar asignaturas en esta universidad para reconocer COMPETENCIAS TRANSVERSALES Y PROFESIONALES. (Optatividad). Esta Universidad hace una selecci\u00f3n entre todas las solicitudes Erasmus que recibe de toda Europa, por lo tanto el estudiante en esta plaza est\u00e1 condicionado a la aceptaci\u00f3n por la universidad de destino.<\/td>\n<\/tr>\n<tr>\n<td width=\"214\">Plymouth College of Art<\/td>\n<td width=\"222\">Plymouth College of Art<\/td>\n<td width=\"108\">2<\/td>\n<td width=\"46\">9<\/td>\n<td width=\"103\">1\u00ba<\/td>\n<td width=\"179\">Film<\/td>\n<td width=\"179\">Conocimientos de ingl\u00e9s nivel B2<\/td>\n<td width=\"179\"><\/td>\n<\/tr>\n<\/tbody>\n<\/table>\n<p>&nbsp;<\/p>\n<p><a href=\"http:\/\/internacional.umh.es\/movilidad\/estudiantes\/destino\/\" target=\"_blank\" rel=\"noopener\"><span style=\"text-decoration: underline\">Programa DESTINO<\/span><\/a><\/p>\n<p>Para las\u00a0Becas Destino se\u00a0ofrece un listado con todos los convenios firmados entre la UMH y universidades iberoamericanas o del resto del mundo. El alumnado interesado\u00a0comprueba si se oferta una titulaci\u00f3n equivalente a la suya para poder elegir las universidades cuando solicita la Beca.<br \/>\nPuedes ver el listado:\u00a0<a href=\"http:\/\/internacional.umh.es\/\" target=\"_blank\" rel=\"noopener\">http:\/\/internacional.umh.es\/<\/a><\/p>\n<p>&nbsp;<\/p>\n<hr \/>\n<p>&nbsp;<\/p>\n<p><strong>PROGRAMA BUDDY<\/strong><\/p>\n<p>El programa BUDDY, desarrollado por el Servicio de Relaciones Internacionales, se cre\u00f3 con el fin de ayudar a los estudiantes de intercambio a integrarse social y acad\u00e9micamente en la Universidad Miguel Hern\u00e1ndez.<br \/>\nConsiste en apadrinar estudiantes de intercambio que vengan a la UMH durante el pr\u00f3ximo curso. El objetivo es que estos estudiantes extranjeros se incorporen con facilidad a la vida UMH. A cambio, el estudiante UMH puede beneficiarse de conocer gente de otros pa\u00edses, cultura, idioma, etc.<br \/>\nSus objetivos son:<br \/>\n1. Integrar a los estudiantes de intercambio en la universidad.<br \/>\n2. Ayudar a los alumnos de intercambio a adaptarse a la vida acad\u00e9mica y social espa\u00f1ola.<br \/>\n3. Practicar un idioma extranjero por parte de ambos.<br \/>\n4. Conocer nuevas personas, sus idiomas, sus costumbres, su cultura.<br \/>\nEl estudiante UMH que se inscriba deber\u00e1:<br \/>\n1. Ayudar al estudiante de intercambio en la medida de sus posibilidades.<br \/>\n2. Recibir a su compa\u00f1ero extranjero y ense\u00f1arle a desplazarse por el Campus.<br \/>\n3. Ayudar en la b\u00fasqueda de alojamiento (programa NIDO).<br \/>\n4. Integrarle en el ambiente juvenil y universitario de la ciudad.<br \/>\n5. Introducirle en la cultura y en la sociedad espa\u00f1ola hasta conseguir que sea uno m\u00e1s de ella.<br \/>\nA cambio, esta labor de apadrinamiento dar\u00e1 ventajas a la hora de participar en el Programa ERASMUS+ de movilidad internacional.<br \/>\nSi est\u00e1s interesado en inscribirte y participar, consulta el enlace que aparece a continuaci\u00f3n.<\/p>\n<p>Direcci\u00f3n Web: <a href=\"http:\/\/internacional.umh.es\/movilidad\/estudiantes\/programa-buddy\/\" target=\"_blank\" rel=\"noopener\">http:\/\/internacional.umh.es\/movilidad\/estudiantes\/programa-buddy\/<\/a><\/p>\n<p>&nbsp;<\/p>","protected":false},"excerpt":{"rendered":"<p>Programas SICUE \/ ERASMUS+ \/ DESTINO &nbsp; \u00a0 \u00a0\u00a0 &nbsp; &#8230; QU\u00c9 TENGO QUE HACER PARA IRME A ESTUDIAR FUERA Acude a al Oficina de Relaciones Internacionales (ORI) y, en la unidad de movilidad, te explicar\u00e1n los diferentes programas nacionales e internacionales as\u00ed como el procedimiento a seguir y plazos para poder realizar las solicitudes, [&hellip;]<\/p>\n","protected":false},"author":662,"featured_media":0,"parent":281,"menu_order":11,"comment_status":"closed","ping_status":"closed","template":"","meta":{"_links_to":"","_links_to_target":""},"_links":{"self":[{"href":"https:\/\/gradocau.umh.es\/ca\/wp-json\/wp\/v2\/pages\/747"}],"collection":[{"href":"https:\/\/gradocau.umh.es\/ca\/wp-json\/wp\/v2\/pages"}],"about":[{"href":"https:\/\/gradocau.umh.es\/ca\/wp-json\/wp\/v2\/types\/page"}],"author":[{"embeddable":true,"href":"https:\/\/gradocau.umh.es\/ca\/wp-json\/wp\/v2\/users\/662"}],"replies":[{"embeddable":true,"href":"https:\/\/gradocau.umh.es\/ca\/wp-json\/wp\/v2\/comments?post=747"}],"version-history":[{"count":0,"href":"https:\/\/gradocau.umh.es\/ca\/wp-json\/wp\/v2\/pages\/747\/revisions"}],"up":[{"embeddable":true,"href":"https:\/\/gradocau.umh.es\/ca\/wp-json\/wp\/v2\/pages\/281"}],"wp:attachment":[{"href":"https:\/\/gradocau.umh.es\/ca\/wp-json\/wp\/v2\/media?parent=747"}],"curies":[{"name":"wp","href":"https:\/\/api.w.org\/{rel}","templated":true}]}}