{"id":6431,"date":"2021-09-16T09:12:16","date_gmt":"2021-09-16T09:12:16","guid":{"rendered":"http:\/\/gradocau.umh.es\/?page_id=6431"},"modified":"2025-09-09T18:41:47","modified_gmt":"2025-09-09T18:41:47","slug":"prestamos","status":"publish","type":"page","link":"https:\/\/gradocau.umh.es\/ca\/prestamos\/","title":{"rendered":"PR\u00c9STAMOS"},"content":{"rendered":"<p><strong>Para solicitar pr\u00e9stamos de material o reserva de espacios para pr\u00e1cticas libres, debes entrar en la APP de pr\u00e9stamos en el siguiente enlace:\u00a0<\/strong><a title=\"Plataforma de Pr\u00e9stamo FCCSSJJ Elche\" href=\"https:\/\/prestamos-fccssjjelx.umh.es\/\" target=\"_blank\" rel=\"noopener\">https:\/\/prestamos-fccssjjelx.umh.es\/<\/a><\/p>\n<p>Entra en la Plataforma logue\u00e1ndote con tu cuenta umh.es, de la misma forma que accedes a tu perfil UMH donde se muestran las asignaturas que cursas y otros servicios.<\/p>\n<hr \/>\n<hr \/>\n<h3><strong>Instrucciones para formalizar un pr\u00e9stamo de material o una reserva de espacio<\/strong><\/h3>\n<p>Una vez que est\u00e1s en la pantalla de inicio, entra en <strong>MATERIALES CURSO<\/strong> para ver el listado de materiales que puedes solicitar. En el men\u00fa tambi\u00e9n puedes acceder a:<\/p>\n<ul>\n<li><strong>Reservas de usuario.<\/strong> Aparece el hist\u00f3rico de cada estudiante.<\/li>\n<li><strong>Horarios.<\/strong> Puedes consultar los horarios de recogida y devoluci\u00f3n de los materiales y los horarios de pr\u00e1cticas libres en plat\u00f3s.<\/li>\n<li><strong>Instrucciones y Normativa.<\/strong> Instrucciones de utilizaci\u00f3n de la plataforma y Normativa vigente.<\/li>\n<li><strong>Cesta.<\/strong> Puedes consultar la reserva de material que est\u00e9s realizando antes de confirmarla.<\/li>\n<\/ul>\n<h3>Realizar una\u00a0solicitud de pr\u00e9stamo o reserva<\/h3>\n<ol>\n<li>Elige el material o espacio que quieres solicitar y presiona el bot\u00f3n <strong>RESERVAR<\/strong>.<\/li>\n<li>Aparecer\u00e1 una ventana con la ficha del\u00a0material y un calendario. <strong>Elige la fecha de recogida y devoluci\u00f3n<\/strong> (m\u00e1ximo 3 d\u00edas y fines de semana de viernes a lunes, siendo cancelada cualquier solicitud si se incumple este punto). <strong>Indica el horario de recogida y devoluci\u00f3n<\/strong> (consulta en la pesta\u00f1a\u00a0<strong>HORARIOS<\/strong>). <span style=\"color: #ff0000\"><strong>Ten en cuenta que las solicitudes se deben tramitar con entre una semana y 48 horas de antelaci\u00f3n, en d\u00edas lectivos, para facilitar la gesti\u00f3n (no se admitir\u00e1n solicitudes fuera de ese periodo)<\/strong>.<\/span> Una vez completados los campos pulsa\u00a0los botones\u00a0<strong>A\u00d1ADIR A LA RESERVA<\/strong> en dos ventanas.<\/li>\n<li>Aparecer\u00e1 el resumen de reserva en el que deber\u00e9is cumplimentar todos los campos (solo se hace una vez por solicitud):\n<ul>\n<li>Nombre, Apellidos (aparecen por defecto)<\/li>\n<li>Mail\u00a0(aparece por defecto)<\/li>\n<li>Tel\u00e9fono de contacto\u00a0(aparece por defecto)<\/li>\n<li>Nombre y DNI de integrantes del grupo <strong>OBLIGATORIO<\/strong> (aconsejamos que prepar\u00e9is un archivo de texto para copiar y pegar, ya que este proceso lo repetir\u00e9is\u00a0durante el curso).<\/li>\n<li>Aceptar T\u00e9rminos y Condiciones (os lleva a la Normativa).<\/li>\n<li>Nombre del profesor<\/li>\n<li>Mail del profesor<\/li>\n<li>Titulaci\u00f3n (elegir del listado)<\/li>\n<li>Asignatura<\/li>\n<li>Pr\u00e1ctica (nombre de la pr\u00e1ctica)<\/li>\n<\/ul>\n<\/li>\n<li>Una vez completados los campos, y si no necesitas reservar nada m\u00e1s, puedes presionar el bot\u00f3n <strong>CONFIRMAR<\/strong>.<\/li>\n<li>Si quieres a\u00f1adir m\u00e1s materiales a tu reserva, vuelve a\u00a0<strong>MATERIALES CURSO<\/strong> y elige lo que necesites. Estos materiales ya aparecer\u00e1n con la fecha de recogida y devoluci\u00f3n del primer material o aula. Puedes consultar tu reserva en la pesta\u00f1a <strong>CESTA<\/strong>.<\/li>\n<li>Una vez que compruebes que todos los materiales est\u00e1n en el resumen de reserva o <strong>CESTA<\/strong>, puedes presionar el bot\u00f3n <strong>CONFIRMAR<\/strong>.<\/li>\n<li><span style=\"text-decoration: underline;color: #ff0000\"><strong>IMPORTANTE: Recibir\u00e1s un correo en el que se detalla tu solicitud. Deber\u00e1s remitirlo a tu profesor para que autorice la reserva (a la direcci\u00f3n de correo que has a\u00f1adido al formulario). ESTE PASO NO SE REALIZA DE FORMA AUTOM\u00c1TICA, ES EL SOLICITANTE QUIEN DEBE REALIZARLO.<\/strong><\/span><\/li>\n<li><span style=\"text-decoration: underline;color: #ff0000\"><strong>IMPORTANTE: El profesor te responder\u00e1 a ti y a los t\u00e9cnicos confirmando o denegando la reserva.<\/strong><\/span><\/li>\n<li><span style=\"text-decoration: underline;color: #ff0000\"><strong>IMPORTANTE: Si est\u00e1 autorizada, recibir\u00e1s un correo de confirmaci\u00f3n por parte de los t\u00e9cnicos.\u00a0Es obligatorio devolver los materiales en la fecha que se autoriz\u00f3. No hacerlo supondr\u00e1 sanciones.<\/strong><\/span><\/li>\n<\/ol>\n<hr \/>\n<hr \/>\n<h3>IMPORTANTE &#8211; Autorizaci\u00f3n del Pr\u00e9stamo o Reserva<\/h3>\n<div class=\"ss-section-description ss-no-ignore-whitespace\">Los\/las \u00fanicos\/as profesores\/as que tienen permiso para autorizar solicitudes de reserva de espacios son los\/las profesores\/as que impartan docencia en los grados de Periodismo, Comunicaci\u00f3n Audiovisual y Comunicaci\u00f3n Audiovisual y Periodismo con pr\u00e1cticas que requieran uso de material.<\/div>\n<div class=\"ss-section-description ss-no-ignore-whitespace\">Estrictamente solo puede ser el\/la profesor\/a de la asignatura para la que se solicita el pr\u00e9stamo.<\/p>\n<hr \/>\n<\/div>\n<div class=\"ss-section-description ss-no-ignore-whitespace\">\n<h3>Profesor\/a o Pr\u00e9stamos\u00a0y Reservas especiales a estudiantes<\/h3>\n<p class=\"ss-section-description ss-no-ignore-whitespace\">La solicitud de material de un profesor\/a o de un pr\u00e9stamo especial\u00a0debe ser autorizada (mediante correo electr\u00f3nico) por\u00a0el responsable designado a tal efecto por la Facultad de Ciencias Sociales y Jur\u00eddicas de Elche,\u00a0el Coordinador de Proyecci\u00f3n de CAU Vicente J. P\u00e9rez (coord.proycomadv@umh.es).<\/p>\n<p class=\"ss-section-description ss-no-ignore-whitespace\">En cualquier caso, siempre que exista una actividad, asignatura o TFG implicado, el\/la profesor responsable tambi\u00e9n deber\u00e1 autorizar el pr\u00e9stamo.<\/p>\n<div class=\"ss-section-description ss-no-ignore-whitespace\">\n<p>Excepcionalmente se permitir\u00e1 la reserva especial de espacios a personas autorizadas expl\u00edcitamente por la direcci\u00f3n de Facultad de Ciencias Sociales y Jur\u00eddicas de Elche; pero deben igualmente\u00a0realizar una solicitud previa de pr\u00e9stamos o reserva especiales. Tambi\u00e9n se incluyen en esta opci\u00f3n aquellas solicitudes de reserva que recogen las necesidades no ordinarias sino especiales y que contemplan situaciones como pueden ser: invitaci\u00f3n de personal externo UMH, uso de mascotas, uso de <em>atrezzo<\/em> especial que se va a introducir en el espacio, etc. Igualmente debe ser autorizada por el Coordinador de Proyecci\u00f3n de CAU\u00a0Vicente J. P\u00e9rez (coord.proycomadv@umh.es).<\/p>\n<p>Cualquier solicitud en fechas vacacionales solo puede ser autorizada por el responsable de\u00a0los pr\u00e9stamos especiales.<\/p>\n<hr \/>\n<h3>Cancelaci\u00f3n de solicitudes<\/h3>\n<p>Para cancelar una solicitud\u00a0entra en <strong>RESERVAS DE USUARIO<\/strong>, selecciona la reserva que quieras modificar o cancelar y completa los campos.<\/p>\n<\/div>\n<\/div>\n<hr \/>\n<hr \/>\n<h3>Normativa<\/h3>\n<p>En el siguiente enlace puedes descargar la normativa vigente de pr\u00e9stamos de materiales y reserva de espacios de la Facultad de Ciencias Sociales y Jur\u00eddicas de Elche:\u00a0<a href=\"https:\/\/prestamos-fccssjjelx.umh.es\/files\/2021\/07\/REGLAM-PREESTAMOS-Y-RESERVAS-AUDIOVISUALES-2020-FCCSSJJ.pdf\" target=\"_blank\" rel=\"noopener noreferrer\">Normativa de Pr\u00e9stamos y Reservas 2020 (PDF)\u00a0(Abre en pesta\u00f1a nueva)<\/a><\/p>\n<hr \/>\n<hr \/>\n<h3>Horarios<\/h3>\n<p>Los horarios para recogida y devoluci\u00f3n de los materiales son los siguientes (recogida y devoluci\u00f3n en Laboratorio 2 de Atzavares):<\/p>\n<table class=\"default\" border=\"1\" cellpadding=\"1\">\n<tbody>\n<tr>\n<th>Ma\u00f1ana<\/th>\n<th>Tarde<\/th>\n<\/tr>\n<tr>\n<td>8:45h &#8211; 9:00h<\/td>\n<td>14:30 &#8211; 14:45h<\/td>\n<\/tr>\n<\/tbody>\n<\/table>\n<p>&nbsp;<\/p>\n<p>Consulta\u00a0los horarios de pr\u00e1cticas libres de las aulas Plat\u00f3 y Realizaci\u00f3n y Montaje:<\/p>\n<p><a href=\"https:\/\/prestamos-fccssjjelx.umh.es\/horarios\/\" target=\"_blank\" rel=\"noopener\">Horarios de Pr\u00e1cticas libres Curso 2021_22<\/a>\u00a0(PDF) (Abre en pesta\u00f1a nueva)<\/p>\n<hr \/>\n<hr \/>\n<h3>Incidencias<\/h3>\n<p>Si se produjera alguna incidencia en el proceso de reserva en la Plataforma, enviad un correo detallando la misma a <a href=\"mailto:guillermo.lopeza@umh.es\" target=\"_blank\" rel=\"noopener noreferrer\">guillermo.lopeza@umh.es<\/a> e <a href=\"mailto:ivaz@umh.es\" target=\"_blank\" rel=\"noopener noreferrer\">ivaz@umh.es<\/a> con copia a <a href=\"mailto:coord.proycomadv@umh.es\" target=\"_blank\" rel=\"noopener noreferrer\">coord.proycomadv@umh.es<\/a><\/p>\n<hr \/>\n<hr \/>\n<h3>Instrucciones en formato PDF<\/h3>\n<p><a href=\"http:\/\/gradocau.umh.es\/files\/2021\/12\/MANUAL-UTILIZACI\u00d3N-PLATAFORMA-DE-PR\u00c9STAMOS-Y-RESERVAS-FCCSSJJ-ELCHE-2021_V4.pdf\" target=\"_blank\" rel=\"noopener\">MANUAL UTILIZACI\u00d3N PLATAFORMA DE PR\u00c9STAMOS Y RESERVAS FCCSSJJ ELCHE 2021<\/a>\u00a0(PDF) (Abre\u00a0en pesta\u00f1a nueva)<\/p>\n<hr \/>\n<hr \/>\n<h3>Identidad\u00a0gr\u00e1fica UMH y Facultad de Ciencias Sociales y Jur\u00eddicas de Elche<\/h3>\n<p>En este apartado facilitamos las versiones de la\u00a0<strong>identidad gr\u00e1fica de la UMH y de la\u00a0Facultad de Ciencias Sociales y Jur\u00eddicas de Elche<\/strong>, que\u00a0<strong>deben figurar<\/strong>\u00a0tanto en las portadas de los<strong>\u00a0Trabajos de Fin de Grado<\/strong>\u00a0como en\u00a0<strong>trabajos audiovisuales realizados con recursos\u00a0de la Facultad<\/strong>.<\/p>\n<p>Con respecto a esto,\u00a0se puntualiza lo\u00a0siguiente:<\/p>\n<p>Todos los trabajos realizados con materiales audiovisuales de la Facultad de Ciencias Sociales y Jur\u00eddicas de Elche y dentro sus\u00a0espacios deber\u00e1n incluir, en los cr\u00e9ditos, el logotipo de la Facultad\u00a0y la leyenda\u00a0<strong>Con la colaboraci\u00f3n del Grado en Comunicaci\u00f3n Audiovisual de la Universidad Miguel Hern\u00e1ndez de Elche<\/strong>.<\/p>\n<p>Enlace a la p\u00e1gina de la Oficina de Comunicaci\u00f3n para descarga de las versiones de la identidad gr\u00e1fica de la UMH:<\/p>\n<p><a href=\"https:\/\/comunicacion.umh.es\/publicidad\/logotipos\/\" target=\"_blank\" rel=\"noopener\">https:\/\/comunicacion.umh.es\/publicidad\/logotipos\/<\/a>\u00a0(Abre en pesta\u00f1a nueva)<\/p>\n<p><a href=\"https:\/\/comunicacion.umh.es\/publicidad\/logotipos\/\" target=\"_blank\" rel=\"noopener\"><img loading=\"lazy\" class=\"  wp-image-5113 alignnone\" src=\"http:\/\/gradocau.umh.es\/files\/2020\/06\/logo-principal-umh-1024x388.png\" alt=\"logo principal umh\" width=\"345\" height=\"126\" \/><\/a><\/p>\n<p>Versiones para descarga del logotipo de la\u00a0Facultad de Ciencias Sociales y Jur\u00eddicas de Elche (abren en pesta\u00f1a nueva):<\/p>\n<p><a href=\"http:\/\/gradocau.umh.es\/files\/2020\/06\/LOGO-CCCSSYJJ_positivo_color.png\" target=\"_blank\" rel=\"noopener\"><img loading=\"lazy\" class=\"alignleft wp-image-5109 size-medium\" src=\"http:\/\/gradocau.umh.es\/files\/2020\/06\/LOGO-CCCSSYJJ_positivo_color-300x149.png\" alt=\"Logotipo Facultad de Ciencias Sociales y Jur\u00eddicas de Elche\" width=\"300\" height=\"149\" srcset=\"https:\/\/gradocau.umh.es\/files\/2020\/06\/LOGO-CCCSSYJJ_positivo_color-300x149.png 300w, https:\/\/gradocau.umh.es\/files\/2020\/06\/LOGO-CCCSSYJJ_positivo_color-1024x510.png 1024w\" sizes=\"(max-width: 300px) 100vw, 300px\" \/><img loading=\"lazy\" class=\"alignleft wp-image-5110 size-medium\" src=\"http:\/\/gradocau.umh.es\/files\/2020\/06\/LOGO-CCCSSYJJ_positivo_bn-300x150.png\" alt=\"LOGO CCCSSYJJ_positivo_bn\" width=\"300\" height=\"150\" srcset=\"https:\/\/gradocau.umh.es\/files\/2020\/06\/LOGO-CCCSSYJJ_positivo_bn-300x150.png 300w, https:\/\/gradocau.umh.es\/files\/2020\/06\/LOGO-CCCSSYJJ_positivo_bn-1024x511.png 1024w\" sizes=\"(max-width: 300px) 100vw, 300px\" \/><\/a><img loading=\"lazy\" class=\"alignleft wp-image-5111 size-medium\" src=\"http:\/\/gradocau.umh.es\/files\/2020\/06\/LOGO-CCCSSYJJ_negativo-300x149.png\" alt=\"LOGO CCCSSYJJ_negativo\" width=\"300\" height=\"149\" srcset=\"https:\/\/gradocau.umh.es\/files\/2020\/06\/LOGO-CCCSSYJJ_negativo-300x149.png 300w, https:\/\/gradocau.umh.es\/files\/2020\/06\/LOGO-CCCSSYJJ_negativo-1024x509.png 1024w\" sizes=\"(max-width: 300px) 100vw, 300px\" \/><\/p>","protected":false},"excerpt":{"rendered":"<p>Para solicitar pr\u00e9stamos de material o reserva de espacios para pr\u00e1cticas libres, debes entrar en la APP de pr\u00e9stamos en el siguiente enlace:\u00a0https:\/\/prestamos-fccssjjelx.umh.es\/ Entra en la Plataforma logue\u00e1ndote con tu cuenta umh.es, de la misma forma que accedes a tu perfil UMH donde se muestran las asignaturas que cursas y otros servicios. Instrucciones para formalizar [&hellip;]<\/p>\n","protected":false},"author":1724,"featured_media":0,"parent":0,"menu_order":5,"comment_status":"closed","ping_status":"closed","template":"","meta":{"_links_to":"","_links_to_target":""},"_links":{"self":[{"href":"https:\/\/gradocau.umh.es\/ca\/wp-json\/wp\/v2\/pages\/6431"}],"collection":[{"href":"https:\/\/gradocau.umh.es\/ca\/wp-json\/wp\/v2\/pages"}],"about":[{"href":"https:\/\/gradocau.umh.es\/ca\/wp-json\/wp\/v2\/types\/page"}],"author":[{"embeddable":true,"href":"https:\/\/gradocau.umh.es\/ca\/wp-json\/wp\/v2\/users\/1724"}],"replies":[{"embeddable":true,"href":"https:\/\/gradocau.umh.es\/ca\/wp-json\/wp\/v2\/comments?post=6431"}],"version-history":[{"count":0,"href":"https:\/\/gradocau.umh.es\/ca\/wp-json\/wp\/v2\/pages\/6431\/revisions"}],"wp:attachment":[{"href":"https:\/\/gradocau.umh.es\/ca\/wp-json\/wp\/v2\/media?parent=6431"}],"curies":[{"name":"wp","href":"https:\/\/api.w.org\/{rel}","templated":true}]}}