{"id":6157,"date":"2021-03-15T09:10:57","date_gmt":"2021-03-15T09:10:57","guid":{"rendered":"http:\/\/gradocau.umh.es\/?page_id=6157"},"modified":"2021-06-15T09:15:54","modified_gmt":"2021-06-15T09:15:54","slug":"preguntas-frecuentes-faqs","status":"publish","type":"page","link":"https:\/\/gradocau.umh.es\/ca\/estudiantado\/movilidad\/preguntas-frecuentes-faqs\/","title":{"rendered":"PREGUNTAS FRECUENTES (FAQS)"},"content":{"rendered":"<p><strong>\u00bfPuedo realizar el TFG en la Universidad de destino?<\/strong><br \/>\n<\/br><br \/>\nS\u00ed, si la univeridad de destino lo autoriza. Tendr\u00e1s que escribir a los\/as<br \/>\ncordinadores\/as de la Universidad en la que vas a realizar la estancia para consultarlo. No todas las universidades conveniadas en el programa SICUE admiten la realizaci\u00f3n del TFG durante la estancia.<br \/>\n<\/br><br \/>\n<strong>\u00bfC\u00f3mo puedo formalizar el TFG de movilidad?<\/strong><br \/>\n<\/br><br \/>\nSi la Universidad de destino ha dado su conformidad para que puedas incluir la<br \/>\nasignatura de TFG. Tendr\u00e1s que seguir el procedimiento de defensa del TFG de<br \/>\nMovilidad de la Facultad de Ciencias Sociales y Jur\u00eddicas de Elche.<br \/>\nPuedes acceder al mismo mediante el siguiente enlace:<br \/>\n<a href=\"http:\/\/fcsjelche.umh.es\/files\/2015\/12\/Procedimiento-defensa-TFG-Movilidad-CC-SS-%20y-JJ-Elche-V5.pdf\">http:\/\/fcsjelche.umh.es\/files\/2015\/12\/Procedimiento-defensa-TFG-Movilidad-CC-SS-<\/a><br \/>\n<a href=\"http:\/\/fcsjelche.umh.es\/files\/2015\/12\/Procedimiento-defensa-TFG-Movilidad-CC-SS-%20y-JJ-Elche-V5.pdf\">y-JJ-Elche-V5.pdf<\/a><br \/>\n<\/br><br \/>\n<strong>\u00bfCu\u00e1ntos cr\u00e9ditos puedo cursar en la Universidad de destino?<\/strong><br \/>\n<\/br><br \/>\nPara movilidades Erasmus: 24 cr\u00e9ditos m\u00ednimos en la Universidad de destino por semestre, 30 cr\u00e9ditos m\u00e1ximo.<\/p>\n<p>Para movilidad SICUE: 30 cr\u00e9ditos m\u00e1ximo por semestre. En el caso de Doble Grado, el estudiantado deber\u00e1 consultar a la universidad de destino si puede matricularse en m\u00e1s asignaturas para completar los 72 cr\u00e9ditos anuales por curso.<br \/>\n<\/br><br \/>\n<b>\u00bfPuedo solicitar el reconocimiento de cr\u00e9ditos de competencias transversales al cursar asignaturas optativas en la Universidad de Destino?<\/b><\/p>\n<p><span style=\"font-weight: 400;\">S\u00ed puedes incluir asignaturas optativas que oferta la Universidad de Destino, o incluso asignaturas por competencias transversales como cursos de idiomas del pa\u00eds de destino en el acuerdo acad\u00e9mico y las puedes convalidar por competencias transversales.\u00a0<\/span><\/p>\n<p><span style=\"font-weight: 400;\">Puedes consultar toda la informaci\u00f3n sobre convalidaci\u00f3n de competencias transversales en la p\u00e1gina web del Servicio el siguiente enlace:<\/span><\/p>\n<p><a href=\"https:\/\/sites.google.com\/goumh.umh.es\/competenciastransversales\/p%C3%A1gina-principal\"><span style=\"font-weight: 400;\">https:\/\/sites.google.com\/goumh.umh.es\/competenciastransversales\/p%C3%A1gina-principal<\/span><\/a><\/p>\n<p><b>\u00bfC\u00f3mo puedo conocer la oferta de asignaturas de la Universidad de destino para realizar el acuerdo acad\u00e9mico?<\/b><\/p>\n<p><span style=\"font-weight: 400;\">Debes realizar una b\u00fasqueda activa desde el momento en el que se notifica la asignaci\u00f3n de las plazas para la movilidad Erasmus y SICUE. En este sentido debes hacer una b\u00fasqueda online del grado de la Universidad donde vas a realizar tu estancia, y acceder a la informaci\u00f3n del programa de asignaturas de la titulaci\u00f3n. En caso de que esta informaci\u00f3n no est\u00e9 publicada online, deber\u00e1s solicitarla al coordinador de la Universidad de Destino.<\/span><\/p>\n<p><b>\u00bfD\u00f3nde puedo obtener m\u00e1s informaci\u00f3n sobre los programas de movilidad?<\/b><\/p>\n<p><span style=\"font-weight: 400;\">La ORI organiza seminarios y charlas informativas todos los cursos y es importante que asistas o en su lugar que consultes los videos de los seminarios.\u00a0<\/span><\/p>\n<p><a href=\"https:\/\/internacional.umh.es\/movilidad\/estudiantes\/erasmus\/\"><span style=\"font-weight: 400;\">https:\/\/internacional.umh.es\/movilidad\/estudiantes\/erasmus\/<\/span><\/a><\/p>\n<p><a href=\"https:\/\/internacional.umh.es\/movilidad\/estudiantes\/sicue\/\"><span style=\"font-weight: 400;\">https:\/\/internacional.umh.es\/movilidad\/estudiantes\/sicue\/<\/span><\/a><\/p>\n<p><a href=\"https:\/\/internacional.umh.es\/movilidad\/estudiantes\/destino\/\"><span style=\"font-weight: 400;\">https:\/\/internacional.umh.es\/movilidad\/estudiantes\/destino\/<\/span><\/a><\/p>\n<p>&nbsp;<\/p>\n","protected":false},"excerpt":{"rendered":"<p>\u00bfPuedo realizar el TFG en la Universidad de destino? S\u00ed, si la univeridad de destino lo autoriza. Tendr\u00e1s que escribir a los\/as cordinadores\/as de la Universidad en la que vas a realizar la estancia para consultarlo. No todas las universidades conveniadas en el programa SICUE admiten la realizaci\u00f3n del TFG durante la estancia. \u00bfC\u00f3mo puedo [&hellip;]<\/p>\n","protected":false},"author":2745,"featured_media":0,"parent":747,"menu_order":0,"comment_status":"closed","ping_status":"open","template":"","meta":{"_links_to":"","_links_to_target":""},"_links":{"self":[{"href":"https:\/\/gradocau.umh.es\/ca\/wp-json\/wp\/v2\/pages\/6157"}],"collection":[{"href":"https:\/\/gradocau.umh.es\/ca\/wp-json\/wp\/v2\/pages"}],"about":[{"href":"https:\/\/gradocau.umh.es\/ca\/wp-json\/wp\/v2\/types\/page"}],"author":[{"embeddable":true,"href":"https:\/\/gradocau.umh.es\/ca\/wp-json\/wp\/v2\/users\/2745"}],"replies":[{"embeddable":true,"href":"https:\/\/gradocau.umh.es\/ca\/wp-json\/wp\/v2\/comments?post=6157"}],"version-history":[{"count":0,"href":"https:\/\/gradocau.umh.es\/ca\/wp-json\/wp\/v2\/pages\/6157\/revisions"}],"up":[{"embeddable":true,"href":"https:\/\/gradocau.umh.es\/ca\/wp-json\/wp\/v2\/pages\/747"}],"wp:attachment":[{"href":"https:\/\/gradocau.umh.es\/ca\/wp-json\/wp\/v2\/media?parent=6157"}],"curies":[{"name":"wp","href":"https:\/\/api.w.org\/{rel}","templated":true}]}}