{"id":5563,"date":"2020-10-27T15:21:13","date_gmt":"2020-10-27T15:21:13","guid":{"rendered":"http:\/\/gradocau.umh.es\/?page_id=5563"},"modified":"2021-10-28T14:00:48","modified_gmt":"2021-10-28T14:00:48","slug":"materiales-tfg","status":"publish","type":"page","link":"https:\/\/gradocau.umh.es\/ca\/tfg-2\/materiales-tfg\/","title":{"rendered":"Materiales del TFG"},"content":{"rendered":"<p>En esta secci\u00f3n encontrar\u00e1s diversos materiales relacionados con el TFG y enlaces de inter\u00e9s:<\/p>\n<h3>Gu\u00eda elaboraci\u00f3n del TFG en\u00a0CAU<\/h3>\n<p><a href=\"http:\/\/gradocau.umh.es\/files\/2020\/10\/Guia-elaboracion-TFG_CAU.pdf\">Guia-elaboracion-TFG_CAU<\/a><\/p>\n<p>&nbsp;<\/p>\n<h3>Directrices de la Facultad de Ciencias Sociales y Jur\u00eddicas de Elche<\/h3>\n<p><a href=\"https:\/\/fcsjelche.umh.es\/files\/2019\/02\/NUEVAS-DIRECTRICES-FSCJE-TFG-1.pdf\">Directrices espec\u00edficas de los Trabajos Fin de Grado de la Facultad de Ciencias Sociales y Jur\u00eddicas de Elche<\/a><\/p>\n<p>&nbsp;<\/p>\n<h3>Procedimiento para la realizaci\u00f3n del TFG en estancias de movilidad e internacional<\/h3>\n<p><a title=\"Procedimiento TFG movilidad e internacional\" href=\"http:\/\/fcsjelche.umh.es\/files\/2015\/12\/Procedimiento-defensa-TFG-Movilidad-CC-SS-y-JJ-Elche-V5.pdf\" target=\"_blank\">Procedimiento y anexos<\/a><\/p>\n<p>&nbsp;<\/p>\n<h3>Documentos para la gesti\u00f3n del TFG<\/h3>\n<p><a title=\"Anexo IV. Solicitud de defensa\" href=\"https:\/\/fcsjelche.umh.es\/files\/2020\/07\/ANEXO-IV-SOLICITUD-DEFENSA-TFG.pdf\" target=\"_blank\">Anexo IV. Solicitud de defensa<\/a><\/p>\n<p><a title=\"Modelo de autorizaci\u00f3n dep\u00f3sito TFG Biblioteca\" href=\"https:\/\/fcsjelche.umh.es\/files\/2019\/04\/BIBLIOTECA-MODELO-DE-AUTORIZACI%C3%93N-PARA-EL-DEP%C3%93SITO-DE-TRABAJOS-ACAD%C3%89MICOS-UMH.pdf\" target=\"_blank\">Modelo de autorizaci\u00f3n dep\u00f3sito de TFG (Biblioteca)<\/a><\/p>\n<p>&nbsp;<\/p>\n<h3>Gu\u00edas de ayuda para el estudiantado<\/h3>\n<p><a href=\"http:\/\/gradocau.umh.es\/files\/2020\/10\/GTFT-Propuestas-de-TFG-modelo-A-Perfil-Estudiante-1.pdf\" target=\"_blank\">Gu\u00eda de aplicativo estudiante modalidad A <\/a><\/p>\n<p>La modalidad\u00a0A es la de asignaci\u00f3n de tutor o tutora por acuerdo estudiante-profesor\/a.<\/p>\n<p><a title=\"Gu\u00eda de aplicaci\u00f3n estudiante modelo B\" href=\"https:\/\/fcsjelche.umh.es\/files\/2019\/04\/GU%C3%8DA-APLICACI%C3%93N-TFG_Estudiante-MODELO-B.pdf\" target=\"_blank\">Gu\u00eda de aplicaci\u00f3n estudiante modalidad B<\/a><\/p>\n<p>La modalidad\u00a0B es la de asignaci\u00f3n de tutor o tutora por l\u00ednea.<\/p>\n<p><a title=\"Gu\u00eda aplicaci\u00f3n estudiante evaluaci\u00f3n\" href=\"https:\/\/fcsjelche.umh.es\/files\/2019\/04\/GU%C3%8DA-SOLICITUD-EVALUACI%C3%93N-TFG_Estudiante.pdf\" target=\"_blank\">Gu\u00eda de\u00a0aplicaci\u00f3n estudiante evaluaci\u00f3n<\/a><\/p>\n<p>&nbsp;<\/p>\n<h3>Gu\u00edas de ayuda para el profesorado<\/h3>\n<p>&nbsp;<\/p>\n<p><a href=\"http:\/\/gradocau.umh.es\/files\/2020\/10\/GTFT-Propuestas-de-TFG-modelo-A-Perfil-Tutor-responsable-1.pdf\" target=\"_blank\">Gu\u00eda de aplicativo profesorado modalidad A <\/a><\/p>\n<p>La modalidad\u00a0A\u00a0es la de asignaci\u00f3n de tutor o tutora por acuerdo estudiante-profesor\/a.<\/p>\n<p><a title=\"Gu\u00eda aplicaci\u00f3n tutor modelo A y B\" href=\"https:\/\/fcsjelche.umh.es\/files\/2019\/04\/GU%C3%8DA-APLICACI%C3%93N-TFG_Tutor-MODELO-A-Y-B.pdf\" target=\"_blank\">Gu\u00eda de aplicaci\u00f3n tutor modelo A y B<\/a><\/p>\n<p><a title=\"Gu\u00eda aplicaci\u00f3n evaluaci\u00f3n TFG\" href=\"https:\/\/fcsjelche.umh.es\/files\/2019\/04\/GU%C3%8DA-APLICACI%C3%93N-TUTOR-EVALUACION-TFG.pdf\" target=\"_blank\">Gu\u00eda de aplicaci\u00f3n evaluaci\u00f3n de TFG<\/a><\/p>\n<p><a title=\"Anexo informe tutor  y Acta de la sesi\u00f3n evaluativa final del TFG\" href=\"https:\/\/fcsjelche.umh.es\/files\/2020\/07\/TUTOR_A-ANEXO_ACTA-INDIVIDUAL-SESIO%CC%81N-EVALUATIVA-FINAL-DEL-TFG.pdf\" target=\"_blank\">Anexo informe tutor\u00a0 y Acta de la sesi\u00f3n evaluativa final del TFG<\/a><\/p>\n<p>&nbsp;<\/p>\n<h3>Seminario del TFG en Comunicaci\u00f3n Audiovisual<\/h3>\n<p><a href=\"http:\/\/gradocau.umh.es\/files\/2020\/10\/I-Seminario-TFG_CAU1.pdf\">I Seminario TFG_CAU<\/a><\/p>\n<p>&nbsp;<\/p>\n<h3><\/h3>\n<h3>Enlaces a v\u00eddeos informativos y formativos sobre el TFG en CAU<\/h3>\n<p><a title=\"Video 1\" href=\"https:\/\/youtu.be\/-i2mnWQcUBI\" target=\"_blank\">https:\/\/youtu.be\/-i2mnWQcUBI<\/a><\/p>\n<p><a title=\"Video 2\" href=\"https:\/\/youtu.be\/3kKF3w_51DI\" target=\"_blank\">https:\/\/youtu.be\/3kKF3w_51DI<\/a><\/p>\n<p><a title=\"Video 3\" href=\"https:\/\/youtu.be\/qY2UYS22BHc\">https:\/\/youtu.be\/qY2UYS22BHc<\/a><\/p>\n<p><a title=\"Video 4\" href=\"https:\/\/youtu.be\/02RS2valbA0\" target=\"_blank\">https:\/\/youtu.be\/02RS2valbA0<\/a><\/p>\n<p><a title=\"Video 5\" href=\"https:\/\/youtu.be\/25znbuqmcmY\" target=\"_blank\">https:\/\/youtu.be\/25znbuqmcmY<\/a><\/p>\n<p><a title=\"Video 6\" href=\"https:\/\/youtu.be\/diSeu6yd1po\" target=\"_blank\">https:\/\/youtu.be\/diSeu6yd1po<\/a><\/p>\n<p><a title=\"Video 6\" href=\"https:\/\/youtu.be\/aClHlmJR9Ro\" target=\"_blank\">https:\/\/youtu.be\/aClHlmJR9Ro<\/a><\/p>\n<p><a title=\"Video 7\" href=\"https:\/\/youtu.be\/usOy6eX1YPE\" target=\"_blank\">https:\/\/youtu.be\/usOy6eX1YPE<\/a><\/p>\n<p><a title=\"CHARLA GENERAL TFG\" href=\"http:\/\/gradocau.umh.es\/files\/2013\/07\/1-Charla-general-TFG1.pdf\" target=\"_blank\">1 Charla general TFG<\/a><\/p>\n<p><a title=\"ESTRUCTURA Y NORMAS DE ESTILO\" href=\"http:\/\/gradocau.umh.es\/files\/2013\/07\/2-Estructura-y-normas-de-estilo2.pdf\" target=\"_blank\">2 Estructura y normas de estilo<\/a><\/p>\n<h3>Enlaces de inter\u00e9s<\/h3>\n<p><a title=\"Facultad de Ciencias Sociales y Jur\u00eddicas de Elche\" href=\"https:\/\/fcsjelche.umh.es\/estudiantes\/trabajo-de-fin-de-grado\/\" target=\"_blank\">Facultad de Ciencias Sociales y Jur\u00eddicas de Elche<\/a><\/p>\n<p><a title=\"Repositorio de TFG de la Biblioteca\" href=\"http:\/\/dspace.umh.es\/handle\/11000\/6\" target=\"_blank\">Repositorio de TFG de la biblioteca<\/a><\/p>\n<p>&nbsp;<\/p>\n","protected":false},"excerpt":{"rendered":"<p>En esta secci\u00f3n encontrar\u00e1s diversos materiales relacionados con el TFG y enlaces de inter\u00e9s: Gu\u00eda elaboraci\u00f3n del TFG en\u00a0CAU Guia-elaboracion-TFG_CAU &nbsp; Directrices de la Facultad de Ciencias Sociales y Jur\u00eddicas de Elche Directrices espec\u00edficas de los Trabajos Fin de Grado de la Facultad de Ciencias Sociales y Jur\u00eddicas de Elche &nbsp; Procedimiento para la realizaci\u00f3n [&hellip;]<\/p>\n","protected":false},"author":1578,"featured_media":0,"parent":5447,"menu_order":3,"comment_status":"closed","ping_status":"open","template":"","meta":{"_links_to":"","_links_to_target":""},"_links":{"self":[{"href":"https:\/\/gradocau.umh.es\/ca\/wp-json\/wp\/v2\/pages\/5563"}],"collection":[{"href":"https:\/\/gradocau.umh.es\/ca\/wp-json\/wp\/v2\/pages"}],"about":[{"href":"https:\/\/gradocau.umh.es\/ca\/wp-json\/wp\/v2\/types\/page"}],"author":[{"embeddable":true,"href":"https:\/\/gradocau.umh.es\/ca\/wp-json\/wp\/v2\/users\/1578"}],"replies":[{"embeddable":true,"href":"https:\/\/gradocau.umh.es\/ca\/wp-json\/wp\/v2\/comments?post=5563"}],"version-history":[{"count":0,"href":"https:\/\/gradocau.umh.es\/ca\/wp-json\/wp\/v2\/pages\/5563\/revisions"}],"up":[{"embeddable":true,"href":"https:\/\/gradocau.umh.es\/ca\/wp-json\/wp\/v2\/pages\/5447"}],"wp:attachment":[{"href":"https:\/\/gradocau.umh.es\/ca\/wp-json\/wp\/v2\/media?parent=5563"}],"curies":[{"name":"wp","href":"https:\/\/api.w.org\/{rel}","templated":true}]}}