{"id":5447,"date":"2020-10-21T14:17:29","date_gmt":"2020-10-21T14:17:29","guid":{"rendered":"http:\/\/gradocau.umh.es\/?page_id=5447"},"modified":"2022-09-02T10:38:58","modified_gmt":"2022-09-02T10:38:58","slug":"tfg-2","status":"publish","type":"page","link":"https:\/\/gradocau.umh.es\/ca\/tfg-2\/","title":{"rendered":"TFG"},"content":{"rendered":"<p><\/p>\n<h3>Informaci\u00f3n general<\/h3>\n<p>El trabajo Final de Grado\u00a0permitir\u00e1 al estudiante mostrar de forma integrada los contenidos formativos recibidos y las competencias adquiridas asociadas al t\u00edtulo de Grado de Comunicaci\u00f3n Audiovisual. Este trabajo\u00a0deber\u00e1 realizarse bajo la orientaci\u00f3n de uno o varios tutores, de manera aut\u00f3noma y personal, pudiendo\u00a0ser parte independiente de un trabajo conjunto entre estudiantes de una misma titulaci\u00f3n o de diferentes titulaciones.<\/p>\n<p>Para poder efectuar la matr\u00edcula del TFG y elegir o que sea asignado un tutor o una tutora, ser\u00e1 condici\u00f3n necesaria haber obtenido\u00a0m\u00e1s de 180 cr\u00e9ditos (esos 180 cr\u00e9ditos deben ser de asignaturas b\u00e1sicas y obligatorias) y haber aprobado 1\u00ba y 2\u00ba curso.<\/p>\n<p><b>Puedes encontrar toda la informaci\u00f3n sobre gesti\u00f3n, calendario y materiales y enlaces de inter\u00e9s del Trabajo Fin de Grado en Comunicaci\u00f3n Audiovisual accediendo en los siguientes enlaces:<\/b><\/p>\n<p>&nbsp;<\/p>\n<p><a title=\"Gesti\u00f3n del Trabajo de Fin de Grado\" href=\"http:\/\/gradocau.umh.es\/tfg-2020-2021\/gestion-tfg\/\"><img loading=\"lazy\" class=\"alignnone size-medium wp-image-5605\" src=\"http:\/\/gradocau.umh.es\/files\/2020\/10\/01bt-300x77.png\" alt=\"01bt\" width=\"300\" height=\"77\" srcset=\"https:\/\/gradocau.umh.es\/files\/2020\/10\/01bt-300x77.png 300w, https:\/\/gradocau.umh.es\/files\/2020\/10\/01bt.png 625w\" sizes=\"(max-width: 300px) 100vw, 300px\" \/><\/a><\/p>\n<p><a title=\"Calendario del Trabajo de Fin de Grado\" href=\"http:\/\/gradocau.umh.es\/tfg-2020-2021\/calendario-tfg\/\"><img loading=\"lazy\" class=\"alignnone size-medium wp-image-5606\" src=\"http:\/\/gradocau.umh.es\/files\/2020\/10\/02bt-300x77.png\" alt=\"02bt\" width=\"300\" height=\"77\" srcset=\"https:\/\/gradocau.umh.es\/files\/2020\/10\/02bt-300x77.png 300w, https:\/\/gradocau.umh.es\/files\/2020\/10\/02bt.png 625w\" sizes=\"(max-width: 300px) 100vw, 300px\" \/><\/a><\/p>\n<p><a title=\"Materiales y enlaces de inter\u00e9s del Trabajo de Fin de Grado\" href=\"http:\/\/gradocau.umh.es\/tfg-2020-2021\/materiales-tfg\/\"><img loading=\"lazy\" class=\"alignnone size-medium wp-image-5607\" src=\"http:\/\/gradocau.umh.es\/files\/2020\/10\/03bt-300x77.png\" alt=\"03bt\" width=\"300\" height=\"77\" srcset=\"https:\/\/gradocau.umh.es\/files\/2020\/10\/03bt-300x77.png 300w, https:\/\/gradocau.umh.es\/files\/2020\/10\/03bt.png 625w\" sizes=\"(max-width: 300px) 100vw, 300px\" \/><\/a><\/p>","protected":false},"excerpt":{"rendered":"<p>Informaci\u00f3n general El trabajo Final de Grado\u00a0permitir\u00e1 al estudiante mostrar de forma integrada los contenidos formativos recibidos y las competencias adquiridas asociadas al t\u00edtulo de Grado de Comunicaci\u00f3n Audiovisual. Este trabajo\u00a0deber\u00e1 realizarse bajo la orientaci\u00f3n de uno o varios tutores, de manera aut\u00f3noma y personal, pudiendo\u00a0ser parte independiente de un trabajo conjunto entre estudiantes de [&hellip;]<\/p>\n","protected":false},"author":1578,"featured_media":0,"parent":0,"menu_order":4,"comment_status":"closed","ping_status":"closed","template":"","meta":{"_links_to":"","_links_to_target":""},"_links":{"self":[{"href":"https:\/\/gradocau.umh.es\/ca\/wp-json\/wp\/v2\/pages\/5447"}],"collection":[{"href":"https:\/\/gradocau.umh.es\/ca\/wp-json\/wp\/v2\/pages"}],"about":[{"href":"https:\/\/gradocau.umh.es\/ca\/wp-json\/wp\/v2\/types\/page"}],"author":[{"embeddable":true,"href":"https:\/\/gradocau.umh.es\/ca\/wp-json\/wp\/v2\/users\/1578"}],"replies":[{"embeddable":true,"href":"https:\/\/gradocau.umh.es\/ca\/wp-json\/wp\/v2\/comments?post=5447"}],"version-history":[{"count":0,"href":"https:\/\/gradocau.umh.es\/ca\/wp-json\/wp\/v2\/pages\/5447\/revisions"}],"wp:attachment":[{"href":"https:\/\/gradocau.umh.es\/ca\/wp-json\/wp\/v2\/media?parent=5447"}],"curies":[{"name":"wp","href":"https:\/\/api.w.org\/{rel}","templated":true}]}}