{"id":5096,"date":"2020-06-13T05:25:50","date_gmt":"2020-06-13T05:25:50","guid":{"rendered":"http:\/\/gradocau.umh.es\/?page_id=5096"},"modified":"2020-10-13T08:02:31","modified_gmt":"2020-10-13T08:02:31","slug":"identidad-grafica-fccssyjj","status":"publish","type":"page","link":"https:\/\/gradocau.umh.es\/ca\/estudiantado\/identidad-grafica-fccssyjj\/","title":{"rendered":"Identidad Gr\u00e1fica"},"content":{"rendered":"<p>En este apartado facilitamos las versiones de la <strong>identidad gr\u00e1fica de la UMH y de la\u00a0Facultad de Ciencias Sociales y Jur\u00eddicas de Elche<\/strong>, que <strong>deben figurar<\/strong> tanto en las portadas de los<strong> Trabajos de Fin de Grado<\/strong> como en <strong>trabajos audiovisuales realizados con recursos\u00a0de la Facultad<\/strong>.<\/p>\n<p>Con respecto a esto,\u00a0se puntualiza lo\u00a0siguiente:<\/p>\n<p>Todos los trabajos realizados con materiales audiovisuales de la Facultad de Ciencias Sociales y Jur\u00eddicas de Elche y dentro sus\u00a0espacios deber\u00e1n incluir, en los cr\u00e9ditos, el logotipo de la Facultad\u00a0y la leyenda <strong>Con la colaboraci\u00f3n del Grado en Comunicaci\u00f3n Audiovisual de la Universidad Miguel Hern\u00e1ndez de Elche<\/strong>.<\/p>\n<p>Enlace a la p\u00e1gina de la Oficina de Comunicaci\u00f3n para descarga de las versiones de la identidad gr\u00e1fica de la UMH:<\/p>\n<p><a href=\"https:\/\/comunicacion.umh.es\/publicidad\/logotipos\/\" target=\"_blank\"><img loading=\"lazy\" class=\"  wp-image-5113 alignnone\" src=\"http:\/\/gradocau.umh.es\/files\/2020\/06\/logo-principal-umh-1024x388.png\" alt=\"logo principal umh\" width=\"345\" height=\"126\" \/><\/a><\/p>\n<p><a href=\"https:\/\/comunicacion.umh.es\/publicidad\/logotipos\/\" target=\"_blank\">https:\/\/comunicacion.umh.es\/publicidad\/logotipos\/<\/a><\/p>\n<p>&nbsp;<\/p>\n<p>Versiones para descarga del logotipo de la\u00a0Facultad de Ciencias Sociales y Jur\u00eddicas de Elche:<\/p>\n<p><a href=\"http:\/\/gradocau.umh.es\/files\/2020\/06\/LOGO-CCCSSYJJ_positivo_color.pdf\" target=\"_blank\"><img loading=\"lazy\" class=\"alignleft wp-image-5109\" src=\"http:\/\/gradocau.umh.es\/files\/2020\/06\/LOGO-CCCSSYJJ_positivo_color-1024x510.png\" alt=\"LOGO CCCSSYJJ_positivo_color\" width=\"231\" height=\"115\" srcset=\"https:\/\/gradocau.umh.es\/files\/2020\/06\/LOGO-CCCSSYJJ_positivo_color-1024x510.png 1024w, https:\/\/gradocau.umh.es\/files\/2020\/06\/LOGO-CCCSSYJJ_positivo_color-300x149.png 300w\" sizes=\"(max-width: 231px) 100vw, 231px\" \/><\/a> <a href=\"http:\/\/gradocau.umh.es\/files\/2020\/06\/LOGO-CCCSSYJJ_positivo_bn.pdf\" target=\"_blank\"><img loading=\"lazy\" class=\"alignleft  wp-image-5110\" src=\"http:\/\/gradocau.umh.es\/files\/2020\/06\/LOGO-CCCSSYJJ_positivo_bn-1024x511.png\" alt=\"LOGO CCCSSYJJ_positivo_bn\" width=\"241\" height=\"120\" srcset=\"https:\/\/gradocau.umh.es\/files\/2020\/06\/LOGO-CCCSSYJJ_positivo_bn-1024x511.png 1024w, https:\/\/gradocau.umh.es\/files\/2020\/06\/LOGO-CCCSSYJJ_positivo_bn-300x150.png 300w\" sizes=\"(max-width: 241px) 100vw, 241px\" \/><\/a> <a href=\"http:\/\/gradocau.umh.es\/files\/2020\/06\/LOGO-CCCSSYJJ_negativo.pdf\" target=\"_blank\"><img loading=\"lazy\" class=\"alignleft  wp-image-5111\" src=\"http:\/\/gradocau.umh.es\/files\/2020\/06\/LOGO-CCCSSYJJ_negativo-1024x509.png\" alt=\"LOGO CCCSSYJJ_negativo\" width=\"243\" height=\"121\" srcset=\"https:\/\/gradocau.umh.es\/files\/2020\/06\/LOGO-CCCSSYJJ_negativo-1024x509.png 1024w, https:\/\/gradocau.umh.es\/files\/2020\/06\/LOGO-CCCSSYJJ_negativo-300x149.png 300w\" sizes=\"(max-width: 243px) 100vw, 243px\" \/><\/a><\/p>\n","protected":false},"excerpt":{"rendered":"<p>En este apartado facilitamos las versiones de la identidad gr\u00e1fica de la UMH y de la\u00a0Facultad de Ciencias Sociales y Jur\u00eddicas de Elche, que deben figurar tanto en las portadas de los Trabajos de Fin de Grado como en trabajos audiovisuales realizados con recursos\u00a0de la Facultad. Con respecto a esto,\u00a0se puntualiza lo\u00a0siguiente: Todos los trabajos [&hellip;]<\/p>\n","protected":false},"author":1724,"featured_media":0,"parent":281,"menu_order":69,"comment_status":"closed","ping_status":"closed","template":"","meta":{"_links_to":"","_links_to_target":""},"_links":{"self":[{"href":"https:\/\/gradocau.umh.es\/ca\/wp-json\/wp\/v2\/pages\/5096"}],"collection":[{"href":"https:\/\/gradocau.umh.es\/ca\/wp-json\/wp\/v2\/pages"}],"about":[{"href":"https:\/\/gradocau.umh.es\/ca\/wp-json\/wp\/v2\/types\/page"}],"author":[{"embeddable":true,"href":"https:\/\/gradocau.umh.es\/ca\/wp-json\/wp\/v2\/users\/1724"}],"replies":[{"embeddable":true,"href":"https:\/\/gradocau.umh.es\/ca\/wp-json\/wp\/v2\/comments?post=5096"}],"version-history":[{"count":0,"href":"https:\/\/gradocau.umh.es\/ca\/wp-json\/wp\/v2\/pages\/5096\/revisions"}],"up":[{"embeddable":true,"href":"https:\/\/gradocau.umh.es\/ca\/wp-json\/wp\/v2\/pages\/281"}],"wp:attachment":[{"href":"https:\/\/gradocau.umh.es\/ca\/wp-json\/wp\/v2\/media?parent=5096"}],"curies":[{"name":"wp","href":"https:\/\/api.w.org\/{rel}","templated":true}]}}