{"id":4875,"date":"2020-03-24T10:15:30","date_gmt":"2020-03-24T10:15:30","guid":{"rendered":"http:\/\/gradocau.umh.es\/?page_id=4875"},"modified":"2020-09-18T06:10:51","modified_gmt":"2020-09-18T06:10:51","slug":"international-student-film-project-isfp","status":"publish","type":"page","link":"https:\/\/gradocau.umh.es\/ca\/estudiantado\/actividades-y-proyectos-cau\/international-student-film-project-isfp\/","title":{"rendered":"International Student Film Project"},"content":{"rendered":"<div class=\"col-lg-12\">El Departamento de Ciencias Sociales y Humanas de la Universidad Miguel Hern\u00e1ndez apuesta por una perspectiva de formaci\u00f3n y reconocimiento profesional a nivel internacional. Esta acci\u00f3n se adapta a las exigencias del \u00e1mbito profesional de la comunicaci\u00f3n y el cine y fomenta las relaciones de trabajo entre estudiantes de distintos pa\u00edses para los Grados en Comunicaci\u00f3n Audiovisual y Doble Grado en Comunicaci\u00f3n Audiovisual y Periodismo de la Universidad Miguel Hern\u00e1ndez.<\/div>\n<h4 class=\"col-lg-12\"><\/h4>\n<div class=\"col-lg-12\"><strong>ISFP es un proyecto itinerante que consiste en el rodaje de un cortometraje realizado en grupo por estudiantes de tres universidades de pa\u00edses diferentes.<\/strong> Los rodajes se llevan a cabo cada a\u00f1o en una universidad diferente. Estos rodajes se complementan con talleres especializados impartidos por referentes del \u00e1mbito cinematogr\u00e1fico o televisivo del pa\u00eds\u00a0anfitri\u00f3n, as\u00ed como otras actividades culturales y formativas vinculadas al \u00e1mbito de la comunicaci\u00f3n. El idioma de trabajo ser\u00e1 el ingl\u00e9s para la edici\u00f3n de 2020.<\/div>\n<p>&nbsp;<\/p>\n<h4>Objetivos de la actividad:<\/h4>\n<p><strong>Intercambiar<\/strong> rutinas de trabajo y compartir experiencias, difundir y promocionar trabajos m\u00e1s all\u00e1 de nuestras fronteras, y fomentar el intercambio cultural y ling\u00fc\u00edstico de todos los participantes: Reino Unido, M\u00e9xico y Espa\u00f1a.<\/p>\n<p><strong>Mejorar<\/strong> la visibilidad y proyecci\u00f3n internacional de las universidades implicadas y los estudios de Comunicaci\u00f3n Audiovisual, Cinematogr\u00e1ficos y Periodismo.<\/p>\n<p><strong>Lograr presencialidad<\/strong> en redes acad\u00e9micas y profesionales internacionales contactando estudiantes, profesores y profesionales de diferentes pa\u00edses para desarrollar proyectos internaciones conjuntos en los que participen los tres niveles.<\/p>\n<p><strong>Aumentar<\/strong> la formaci\u00f3n pr\u00e1ctica a cargo de profesionales reconocidos aportando la experiencia laboral y el prestigio del \u00e1mbito televisivo y cinematogr\u00e1fico.<\/p>\n<p>&nbsp;<\/p>\n<h4><strong>\u00bfQui\u00e9n puede participar?<\/strong><\/h4>\n<p>Estudiantes de los Grados en Comunicaci\u00f3n Audiovisual, Periodismo y Doble Grado en Comunicaci\u00f3n Audiovisual y Periodismo de la UMH. Tendr\u00e1n preferencias y por este orden los estudiantes de tercero, cuarto y segundo. Los estudiantes de Periodismo s\u00f3lo pueden optar a los roles relacionados con la cobertura de medios, campa\u00f1a publicitaria, promoci\u00f3n y difusi\u00f3n del trabajo audiovisual.<\/p>\n<p>Para los estudiantes de la UMH, la participaci\u00f3n en este proyecto puede reconocerse como Trabajo final de Grado en Comunicaci\u00f3n Audiovisual si se siguen las pautas marcadas en la l\u00ednea del TFG correspondiente. La convocatoria se publica anualmente a principios de a\u00f1o. Se anima a los estudiantes a acogerse a las becas previstas de la Oficina de Relaciones Internacionales para contar con una bolsa de viaje. La universidad de destino corre con los gastos de alojamiento o similar equiparable.<\/p>\n<p>&nbsp;<\/p>\n<h4><strong>Reconocimiento acad\u00e9mico y curricular:<\/strong><\/h4>\n<p>El estudiante contar\u00e1 con experiencia en la realizaci\u00f3n de un cortometraje que servir\u00e1 para su porfolio personal y proyecci\u00f3n de futuro profesional. El estudiante figurar\u00e1 en los cr\u00e9ditos en los roles desarrollados. Certificado de estancia de un mes en el pa\u00eds de destino y estancia, siempre que se trata de una edici\u00f3n que tenga lugar en uno de los pa\u00edses participantes. Si se realiza en la UMH, certificado de participaci\u00f3n en el proyecto.<\/p>\n<p>&nbsp;<\/p>\n<h4><strong>Para m\u00e1s informaci\u00f3n:<\/strong><\/h4>\n<p>M\u00e1s informaci\u00f3n, contacta con Montse Jurado <a href=\"mailto:mjurado@umh.es\">mjurado@umh.es<\/a> o Francisco Mart\u00ednez <a href=\"mailto:francisco.martinezc@umh.es\">francisco.martinezc@umh.es<\/a><\/p>\n<p>Web:\u00a0<a href=\"http:\/\/isfp.edu.umh.es\/\" target=\"_blank\">ISFP<\/a><\/p>\n","protected":false},"excerpt":{"rendered":"<p>El Departamento de Ciencias Sociales y Humanas de la Universidad Miguel Hern\u00e1ndez apuesta por una perspectiva de formaci\u00f3n y reconocimiento profesional a nivel internacional. Esta acci\u00f3n se adapta a las exigencias del \u00e1mbito profesional de la comunicaci\u00f3n y el cine y fomenta las relaciones de trabajo entre estudiantes de distintos pa\u00edses para los Grados en [&hellip;]<\/p>\n","protected":false},"author":1724,"featured_media":0,"parent":4112,"menu_order":11,"comment_status":"closed","ping_status":"closed","template":"","meta":{"_links_to":"","_links_to_target":""},"_links":{"self":[{"href":"https:\/\/gradocau.umh.es\/ca\/wp-json\/wp\/v2\/pages\/4875"}],"collection":[{"href":"https:\/\/gradocau.umh.es\/ca\/wp-json\/wp\/v2\/pages"}],"about":[{"href":"https:\/\/gradocau.umh.es\/ca\/wp-json\/wp\/v2\/types\/page"}],"author":[{"embeddable":true,"href":"https:\/\/gradocau.umh.es\/ca\/wp-json\/wp\/v2\/users\/1724"}],"replies":[{"embeddable":true,"href":"https:\/\/gradocau.umh.es\/ca\/wp-json\/wp\/v2\/comments?post=4875"}],"version-history":[{"count":0,"href":"https:\/\/gradocau.umh.es\/ca\/wp-json\/wp\/v2\/pages\/4875\/revisions"}],"up":[{"embeddable":true,"href":"https:\/\/gradocau.umh.es\/ca\/wp-json\/wp\/v2\/pages\/4112"}],"wp:attachment":[{"href":"https:\/\/gradocau.umh.es\/ca\/wp-json\/wp\/v2\/media?parent=4875"}],"curies":[{"name":"wp","href":"https:\/\/api.w.org\/{rel}","templated":true}]}}