{"id":4416,"date":"2019-10-31T10:05:51","date_gmt":"2019-10-31T10:05:51","guid":{"rendered":"http:\/\/gradocau.umh.es\/?page_id=4416"},"modified":"2020-09-18T06:10:26","modified_gmt":"2020-09-18T06:10:26","slug":"seminario-internacional-de-posproduccion-y-arte-digital","status":"publish","type":"page","link":"https:\/\/gradocau.umh.es\/ca\/estudiantado\/actividades-y-proyectos-cau\/seminario-internacional-de-posproduccion-y-arte-digital\/","title":{"rendered":"Seminario Internacional de Posproducci\u00f3n y Arte Digital"},"content":{"rendered":"<div class=\"col-lg-12\">\n<p class=\"no-pad\"><a href=\"http:\/\/gradocau.umh.es\/files\/2019\/10\/Captura-de-pantalla-2019-10-31-a-las-11.04.36.png\"><img loading=\"lazy\" class=\"  wp-image-4417 alignnone\" src=\"http:\/\/gradocau.umh.es\/files\/2019\/10\/Captura-de-pantalla-2019-10-31-a-las-11.04.36.png\" alt=\"Captura de pantalla 2019-10-31 a las 11.04.36\" width=\"300\" height=\"116\" srcset=\"https:\/\/gradocau.umh.es\/files\/2019\/10\/Captura-de-pantalla-2019-10-31-a-las-11.04.36.png 968w, https:\/\/gradocau.umh.es\/files\/2019\/10\/Captura-de-pantalla-2019-10-31-a-las-11.04.36-300x116.png 300w\" sizes=\"(max-width: 300px) 100vw, 300px\" \/><\/a><\/p>\n<p>El <strong>Seminario Internacional de Posproducci\u00f3n y Arte Digital<\/strong> pretende acercar el fascinante mundo de la posproducci\u00f3n audiovisual para cine y publicidad a trav\u00e9s de las <strong>ponencias y charlas de algunos de los mejores profesionales y expertos del sector<\/strong>, junto a la realizaci\u00f3n de <strong>workshops y talleres<\/strong>, en los que el alumnado pueda poner en pr\u00e1ctica y experimentar con los distintos programas y t\u00e9cnicas de edici\u00f3n avanzada de v\u00eddeo, efectos visuales, motion graphics, retoque de color, animaci\u00f3n o modelado 3d, entre otros muchos.<\/p>\n<p>&nbsp;<\/p>\n<\/div>\n<h4>Objetivos de la actividad:<\/h4>\n<p>Acercar el mundo profesional de la\u00a0posproducci\u00f3n audiovisual y el arte digital\u00a0al \u00e1mbito acad\u00e9mico, permitiendo a los estudiantes la posibilidad de conocer de primera mano la trayectoria y los trabajos de algunos de los grandes profesionales internacionales de los campos del cine, la publicidad y la animaci\u00f3n o el videoclip, a trav\u00e9s de sus propios autores, para posibilitar la resoluci\u00f3n de dudas, consultas y curiosidades.<\/p>\n<p>&nbsp;<\/p>\n<h4>Reconocimiento de cr\u00e9ditos:<\/h4>\n<p>Los alumnos que asistan a las ponencias y realicen el workshop obtendr\u00e1n un certificado de asistencia de 20 h que podr\u00e1 convalidarse por <strong>0.8 cr\u00e9dito de competencias transversales y profesionales<\/strong> a los estudiantes de t\u00edtulos de Grado y <strong>2 cr\u00e9ditos de libre elecci\u00f3n<\/strong> a los estudiantes de Diplomaturas, Licenciaturas, Ingenier\u00edas e Ingenier\u00edas T\u00e9cnicas de la UMH.<\/p>\n<p>&nbsp;<\/p>\n<h4>Responsables de la actividad:<\/h4>\n<p>Guillermo L\u00f3pez Aliaga y Mario-Paul Mart\u00ednez Fabre,\u00a0profesores del \u00e1rea de Est\u00e9tica y Teor\u00eda de las Artes e investigadores del Grupo de Investigaci\u00f3n Massiva.<\/p>\n<p>&nbsp;<\/p>\n<h4>Para m\u00e1s informaci\u00f3n:<\/h4>\n<p>P\u00e1gina web:\u00a0<a href=\"https:\/\/posproduccionyartedigital.edu.umh.es\" target=\"_blank\">https:\/\/posproduccionyartedigital.edu.umh.es<\/a><\/p>\n<p>&nbsp;<\/p>\n<p>&nbsp;<\/p>\n<p>&nbsp;<\/p>\n<p>&nbsp;<\/p>\n<p>&nbsp;<\/p>\n<p>&nbsp;<\/p>\n","protected":false},"excerpt":{"rendered":"<p>El Seminario Internacional de Posproducci\u00f3n y Arte Digital pretende acercar el fascinante mundo de la posproducci\u00f3n audiovisual para cine y publicidad a trav\u00e9s de las ponencias y charlas de algunos de los mejores profesionales y expertos del sector, junto a la realizaci\u00f3n de workshops y talleres, en los que el alumnado pueda poner en pr\u00e1ctica [&hellip;]<\/p>\n","protected":false},"author":1724,"featured_media":0,"parent":4112,"menu_order":10,"comment_status":"closed","ping_status":"closed","template":"","meta":{"_links_to":"","_links_to_target":""},"_links":{"self":[{"href":"https:\/\/gradocau.umh.es\/ca\/wp-json\/wp\/v2\/pages\/4416"}],"collection":[{"href":"https:\/\/gradocau.umh.es\/ca\/wp-json\/wp\/v2\/pages"}],"about":[{"href":"https:\/\/gradocau.umh.es\/ca\/wp-json\/wp\/v2\/types\/page"}],"author":[{"embeddable":true,"href":"https:\/\/gradocau.umh.es\/ca\/wp-json\/wp\/v2\/users\/1724"}],"replies":[{"embeddable":true,"href":"https:\/\/gradocau.umh.es\/ca\/wp-json\/wp\/v2\/comments?post=4416"}],"version-history":[{"count":0,"href":"https:\/\/gradocau.umh.es\/ca\/wp-json\/wp\/v2\/pages\/4416\/revisions"}],"up":[{"embeddable":true,"href":"https:\/\/gradocau.umh.es\/ca\/wp-json\/wp\/v2\/pages\/4112"}],"wp:attachment":[{"href":"https:\/\/gradocau.umh.es\/ca\/wp-json\/wp\/v2\/media?parent=4416"}],"curies":[{"name":"wp","href":"https:\/\/api.w.org\/{rel}","templated":true}]}}