{"id":4335,"date":"2019-10-22T09:05:09","date_gmt":"2019-10-22T09:05:09","guid":{"rendered":"http:\/\/gradocau.umh.es\/?page_id=4335"},"modified":"2021-09-13T08:03:35","modified_gmt":"2021-09-13T08:03:35","slug":"proyecto-cortometraje-transversal","status":"publish","type":"page","link":"https:\/\/gradocau.umh.es\/ca\/estudiantado\/actividades-y-proyectos-cau\/proyecto-cortometraje-transversal\/","title":{"rendered":"Cortometraje Transversal"},"content":{"rendered":"<p class=\"col-lg-12\">El\u00a0<strong>Cortometraje transversal<\/strong>\u00a0es un proyecto de innovaci\u00f3n docente destinado a\u00a0unificar, en un solo proyecto audiovisual, las competencias te\u00f3rico-pr\u00e1cticas que el estudiantado debe adquirir en\u00a0varias asignaturas del <strong>2\u00ba curso<\/strong> del\u00a0<strong>Grado en\u00a0Comunicaci\u00f3n Audiovisual<\/strong> y del <strong>Doble Grado en\u00a0Comunicaci\u00f3n Audiovisual y Periodismo<\/strong>. La actividad se desarrolla en los dos cuatrimestres del curso, comenzando por la realizaci\u00f3n del guion literario y culminando con el rodaje de la pieza audiovisual y su fase de montaje y posproducci\u00f3n. Las asignaturas y docentes implicados en la actividad son los siguientes:<\/p>\n<p style=\"padding-left: 30px;\"><b><span lang=\"ES-TRAD\">Guion I literario<\/span><\/b><span lang=\"ES-TRAD\">: Montse Jurado \/ Javier Coloma<\/span><br \/>\n<b><span lang=\"ES-TRAD\">Guion I t\u00e9cnico<\/span><\/b><span lang=\"ES-TRAD\">:\u00a0Roc\u00edo Cifuentes \/ Jaume Quiles \/ Sami Natsheh<\/span><br \/>\n<b><span lang=\"ES-TRAD\">Teor\u00eda y Pr\u00e1ctica de la Edici\u00f3n y el Montaje<\/span><\/b><span lang=\"ES-TRAD\">: Mario-Paul Mart\u00ednez \/ Guillermo L\u00f3pez \/ Fran Mateu<\/span><br \/>\n<b><span lang=\"ES-TRAD\">Tecnolog\u00eda de los Medios Audiovisuales II<\/span><\/b><span lang=\"ES-TRAD\">:\u00a0Bego\u00f1a Ivars \/ Roberto Oliver S\u00e1nchez<\/span><br \/>\n<b><span lang=\"ES-TRAD\">Direcci\u00f3n de Fotograf\u00eda<\/span><\/b><span lang=\"ES-TRAD\">: Vicente J. P\u00e9rez \/ Paco Cu\u00e9llar<\/span><br \/>\n<b><span lang=\"ES-TRAD\">Sonido en las Producciones Audiovisuales<\/span><\/b><span lang=\"ES-TRAD\">: Paco Mart\u00ednez \/ Sergio Javaloy<\/span><\/p>\n<p><strong>Objetivos de la actividad:<\/strong><br \/>\n&#8211; Unificar\u00a0en un solo proyecto audiovisual las competencias\u00a0te\u00f3rico-pr\u00e1cticas del alumnado de segundo curso.<br \/>\n&#8211; Aplicar los conocimientos adquiridos en cada una de las asignaturas participantes.<br \/>\n&#8211; Promover el trabajo en grupo, conociendo todos los roles y las tareas de un equipo de rodaje.<br \/>\n&#8211; Establecer estrategias de proyecto dentro de los grupos de trabajo.<\/p>\n<p style=\"padding-left: 30px;\"><strong><span lang=\"EN-US\">Normas para la realizaci\u00f3n del cortometraje para el curso 2019-20<\/span>:\u00a0<\/strong><br \/>\n1- Los grupos de trabajo estar\u00e1n formados por <strong>7 u 8 estudiantes<\/strong>*.<br \/>\n2- La duraci\u00f3n del cortometraje no puede ser <strong>menor de 5 minutos ni superior a 6<\/strong> (cr\u00e9ditos incluidos). <em>Ejercicio de s\u00edntesis.<\/em><br \/>\n3- Como m\u00e1ximo, pueden incluirse en el guion <strong>3 personajes principales<\/strong> y <strong>3 secundarios<\/strong>, sin contar la figuraci\u00f3n. <em>Ejercicio de s\u00edntesis.<\/em><br \/>\n4- Las historias se pueden realizar en <strong>3 localizaciones como m\u00e1ximo,<\/strong> tanto en interior como en exterior. Se recomienda que una de las secuencias transcurra en el <strong>Aula Plat\u00f3<\/strong>, para aprovechar as\u00ed los recursos del mismo.<br \/>\n5- La realizaci\u00f3n del cortometraje equivale a un <strong>25% de la nota<\/strong>**.<\/p>\n<p style=\"padding-left: 30px;\">*Los\/las estudiantes ERASMUS\/DESTINO\/SICUE que se incorporen en el 2\u00ba cuatrimestre, se integrar\u00e1n en grupos ya formados.<br \/>\n**A excepci\u00f3n de las asignaturas de Teor\u00eda y Pr\u00e1ctica de la Edici\u00f3n y el Montaje de CAU y CAUP.<\/p>\n<ul>\n<li><strong>Coordinador del proyecto:\u00a0Le\u00f3nidas Spinelli<\/strong><\/li>\n<li>Coordinador en CAU: Sami Natsheh<\/li>\n<li>Coordinador en CAUP: Francisco Cu\u00e9llar<\/li>\n<\/ul>\n<p><strong>\u00a0<\/strong><\/p>\n","protected":false},"excerpt":{"rendered":"<p>El\u00a0Cortometraje transversal\u00a0es un proyecto de innovaci\u00f3n docente destinado a\u00a0unificar, en un solo proyecto audiovisual, las competencias te\u00f3rico-pr\u00e1cticas que el estudiantado debe adquirir en\u00a0varias asignaturas del 2\u00ba curso del\u00a0Grado en\u00a0Comunicaci\u00f3n Audiovisual y del Doble Grado en\u00a0Comunicaci\u00f3n Audiovisual y Periodismo. La actividad se desarrolla en los dos cuatrimestres del curso, comenzando por la realizaci\u00f3n del guion literario [&hellip;]<\/p>\n","protected":false},"author":1724,"featured_media":0,"parent":4112,"menu_order":2,"comment_status":"closed","ping_status":"closed","template":"","meta":{"_links_to":"","_links_to_target":""},"_links":{"self":[{"href":"https:\/\/gradocau.umh.es\/ca\/wp-json\/wp\/v2\/pages\/4335"}],"collection":[{"href":"https:\/\/gradocau.umh.es\/ca\/wp-json\/wp\/v2\/pages"}],"about":[{"href":"https:\/\/gradocau.umh.es\/ca\/wp-json\/wp\/v2\/types\/page"}],"author":[{"embeddable":true,"href":"https:\/\/gradocau.umh.es\/ca\/wp-json\/wp\/v2\/users\/1724"}],"replies":[{"embeddable":true,"href":"https:\/\/gradocau.umh.es\/ca\/wp-json\/wp\/v2\/comments?post=4335"}],"version-history":[{"count":0,"href":"https:\/\/gradocau.umh.es\/ca\/wp-json\/wp\/v2\/pages\/4335\/revisions"}],"up":[{"embeddable":true,"href":"https:\/\/gradocau.umh.es\/ca\/wp-json\/wp\/v2\/pages\/4112"}],"wp:attachment":[{"href":"https:\/\/gradocau.umh.es\/ca\/wp-json\/wp\/v2\/media?parent=4335"}],"curies":[{"name":"wp","href":"https:\/\/api.w.org\/{rel}","templated":true}]}}