{"id":4206,"date":"2019-10-11T07:07:32","date_gmt":"2019-10-11T07:07:32","guid":{"rendered":"http:\/\/gradocau.umh.es\/?page_id=4206"},"modified":"2019-11-18T09:40:46","modified_gmt":"2019-11-18T09:40:46","slug":"comunic_a","status":"publish","type":"page","link":"https:\/\/gradocau.umh.es\/ca\/estudiantado\/actividades-y-proyectos-cau\/comunic_a\/","title":{"rendered":"COMUNIC_A"},"content":{"rendered":"<div class=\"col-lg-12\">\n<p class=\"no-pad\"><a href=\"http:\/\/gradocau.umh.es\/files\/2019\/10\/logo_comunica1.png\"><img loading=\"lazy\" class=\"  wp-image-4212 alignnone\" src=\"http:\/\/gradocau.umh.es\/files\/2019\/10\/logo_comunica1-300x113.png\" alt=\"logo_comunica\" width=\"255\" height=\"96\" srcset=\"https:\/\/gradocau.umh.es\/files\/2019\/10\/logo_comunica1-300x113.png 300w, https:\/\/gradocau.umh.es\/files\/2019\/10\/logo_comunica1.png 894w\" sizes=\"(max-width: 255px) 100vw, 255px\" \/><\/a><\/p>\n<p>La <strong>Plataforma COMUNIC_A<\/strong> es un proyecto de innovaci\u00f3n docente destinado a complementar la formaci\u00f3n acad\u00e9mica de los y las estudiantes del Grado en Comunicaci\u00f3n Audiovisual, mediante la realizaci\u00f3n de proyectos del \u00e1rea del dise\u00f1o y del campo audiovisual en colaboraci\u00f3n con la Asociaci\u00f3n de Empresas de Publicidad de la Provincia de Alicante, 361\u00ba y sus asociados.<\/p>\n<p>&nbsp;<\/p>\n<\/div>\n<h4 class=\"col-lg-12\">COMUNIC_A\u00a0funciona entre dos acciones complementarias:<\/h4>\n<div class=\"col-lg-12\">\n<p><strong>Programa de Pr\u00e1cticas.<\/strong> La plataforma promover\u00e1, durante el curso 2019-20, el desarrollo de pr\u00e1cticas acad\u00e9micas en las empresas asociadas a 361\u00ba en las que participar\u00e1n los y las estudiantes del Grado en Comunicaci\u00f3n Audiovisual conjuntamente con profesionales del \u00e1mbito de la publicidad. Los trabajos ser\u00e1n tutorizados por profesores y profesoras del Grado en Comunicaci\u00f3n Audiovisual y las pr\u00e1cticas ser\u00e1n acreditadas por el Observatorio Ocupacional de la UMH. Adem\u00e1s, <b>el mejor de estos trabajos ser\u00e1 premiado con el premio ALCe\u00a0COMUNIC_A y exhibido en la Gala de los Premios de Publicidad de la Provincia de Alicante ALCe<\/b>, organizada por la Asociaci\u00f3n 361\u00ba<\/p>\n<p class=\"no-pad\"><strong>Las Jornadas COMUNIC_A.<\/strong> Donde se presentar\u00e1n una serie de ponencias, charlas y debates sobre el contexto audiovisual y la publicidad organizados por el Grupo de Investigaci\u00f3n Massiva, el \u00c1rea de Est\u00e9tica y Teor\u00eda de las Artes del Departamento de Arte de la UMH y la Asociaci\u00f3n 361\u00ba.<\/p>\n<\/div>\n<p>&nbsp;<\/p>\n<h4>Objetivos de la actividad:<\/h4>\n<p><strong>Experiencia profesional:<\/strong>\u00a0Proporcionar al alumnado de la Universidad Miguel Hern\u00e1ndez una experiencia directa con el \u00e1mbito profesional de la provincia.<\/p>\n<p><strong>Sinergias:<\/strong> Crear sinergias entre profesionales y alumnado, con la finalidad de complementar la formaci\u00f3n acad\u00e9mica del estudiante en el aula y crear contactos que repercutan en colaboraciones y contrataciones.<\/p>\n<p><strong>Contacto:<\/strong> A trav\u00e9s de las Jornadas COMUNIC_A se pretende unir el mundo profesional y el acad\u00e9mico, de forma que la comunidad universitaria conozca el \u00e1mbito de la publicidad y sus profesionales en la provincia de Alicante.<\/p>\n<p><strong>Difusi\u00f3n:<\/strong>\u00a0Proporcionar difusi\u00f3n a la UMH como instituci\u00f3n de referencia en el \u00e1mbito audiovisual y como generadora de contenidos, sociales, culturales y educativos.<\/p>\n<p><strong>Motivaci\u00f3n:<\/strong>\u00a0Generar motivaci\u00f3n positiva al alumnado mediante un proyecto en el que pueden vislumbrar salidas profesionales y d\u00f3nde se puede valorar su esfuerzo de cara a proyectos futuros.<\/p>\n<p>&nbsp;<\/p>\n<h4>Reconocimiento de cr\u00e9ditos:<\/h4>\n<p>Los alumnos y alumnas que completen las pr\u00e1cticas podr\u00e1n convalidar estas horas de trabajo por cr\u00e9ditos repartidos en un total de 62,5 horas distribuidas en 2,5 horas de ense\u00f1anza presencial en m\u00f3dulos de tutorizaci\u00f3n, 20 horas de trabajo aut\u00f3nomo y 40 horas de trabajo compartido, certificadas por un t\u00edtulo correspondiente equivalente a <b>2,5 cr\u00e9ditos ECTS<\/b>.<\/p>\n<p>&nbsp;<\/p>\n<h4>Responsables de la actividad:<\/h4>\n<p>Mario-Paul Mart\u00ednez Fabre y Vicente J. P\u00e9rez Valero, profesores del \u00e1rea de Est\u00e9tica y Teor\u00eda de las Artes e investigadores del Grupo de Investigaci\u00f3n Massiva.<\/p>\n<p>Tutores: Francisco Mart\u00ednez Cano, Fernando Fern\u00e1ndez Torres, Guillermo L\u00f3pez Aliaga.<\/p>\n<p>&nbsp;<\/p>\n<h4>Para m\u00e1s informaci\u00f3n:<\/h4>\n<p>P\u00e1gina web:\u00a0<a href=\"http:\/\/www.plataformacomunicaumh.es\" target=\"_blank\">http:\/\/www.plataformacomunicaumh.es<\/a><\/p>\n<p>Noticias COMUNIC_A:\u00a0<a href=\"http:\/\/www.plataformacomunicaumh.es\/medios.html\" target=\"_blank\">http:\/\/www.plataformacomunicaumh.es\/medios.html<\/a><\/p>\n<p>&nbsp;<\/p>\n<p><a href=\"http:\/\/gradocau.umh.es\/files\/2019\/10\/62517032_2331422513562928_3425231157225062400_o.jpg\" target=\"_blank\"><img loading=\"lazy\" class=\"alignleft  wp-image-4221\" src=\"http:\/\/gradocau.umh.es\/files\/2019\/10\/62517032_2331422513562928_3425231157225062400_o-300x219.jpg\" alt=\"62517032_2331422513562928_3425231157225062400_o\" width=\"336\" height=\"239\" \/><\/a><\/p>\n<p><a href=\"http:\/\/gradocau.umh.es\/files\/2019\/10\/MG_0521.jpg\" target=\"_blank\"><img loading=\"lazy\" class=\"alignleft  wp-image-4224\" src=\"http:\/\/gradocau.umh.es\/files\/2019\/10\/MG_0521-300x200.jpg\" alt=\"_MG_0521\" width=\"374\" height=\"239\" \/><\/a><\/p>\n<p><a href=\"http:\/\/gradocau.umh.es\/files\/2019\/10\/Jurado.jpg\"><img loading=\"lazy\" class=\"alignleft  wp-image-4223\" src=\"http:\/\/gradocau.umh.es\/files\/2019\/10\/Jurado-1024x683.jpg\" alt=\"Jurado\" width=\"359\" height=\"239\" srcset=\"https:\/\/gradocau.umh.es\/files\/2019\/10\/Jurado-1024x683.jpg 1024w, https:\/\/gradocau.umh.es\/files\/2019\/10\/Jurado-300x200.jpg 300w\" sizes=\"(max-width: 359px) 100vw, 359px\" \/><\/a><a href=\"http:\/\/gradocau.umh.es\/files\/2019\/10\/SPOT-ROSAS.png\"><img loading=\"lazy\" class=\"alignleft  wp-image-4222\" src=\"http:\/\/gradocau.umh.es\/files\/2019\/10\/SPOT-ROSAS-1024x573.png\" alt=\"SPOT ROSAS\" width=\"425\" height=\"239\" srcset=\"https:\/\/gradocau.umh.es\/files\/2019\/10\/SPOT-ROSAS-1024x573.png 1024w, https:\/\/gradocau.umh.es\/files\/2019\/10\/SPOT-ROSAS-300x168.png 300w\" sizes=\"(max-width: 425px) 100vw, 425px\" \/><\/a><\/p>\n<p>&nbsp;<\/p>\n<p>&nbsp;<\/p>\n<p>&nbsp;<\/p>\n<p>&nbsp;<\/p>\n<p>&nbsp;<\/p>\n<p>&nbsp;<\/p>\n<p>&nbsp;<\/p>\n<p>&nbsp;<\/p>\n<p>&nbsp;<\/p>\n<p>&nbsp;<\/p>\n<p>&nbsp;<\/p>\n<p>&nbsp;<\/p>\n<p>&nbsp;<\/p>\n","protected":false},"excerpt":{"rendered":"<p>La Plataforma COMUNIC_A es un proyecto de innovaci\u00f3n docente destinado a complementar la formaci\u00f3n acad\u00e9mica de los y las estudiantes del Grado en Comunicaci\u00f3n Audiovisual, mediante la realizaci\u00f3n de proyectos del \u00e1rea del dise\u00f1o y del campo audiovisual en colaboraci\u00f3n con la Asociaci\u00f3n de Empresas de Publicidad de la Provincia de Alicante, 361\u00ba y sus [&hellip;]<\/p>\n","protected":false},"author":1724,"featured_media":0,"parent":4112,"menu_order":9,"comment_status":"closed","ping_status":"closed","template":"","meta":{"_links_to":"","_links_to_target":""},"_links":{"self":[{"href":"https:\/\/gradocau.umh.es\/ca\/wp-json\/wp\/v2\/pages\/4206"}],"collection":[{"href":"https:\/\/gradocau.umh.es\/ca\/wp-json\/wp\/v2\/pages"}],"about":[{"href":"https:\/\/gradocau.umh.es\/ca\/wp-json\/wp\/v2\/types\/page"}],"author":[{"embeddable":true,"href":"https:\/\/gradocau.umh.es\/ca\/wp-json\/wp\/v2\/users\/1724"}],"replies":[{"embeddable":true,"href":"https:\/\/gradocau.umh.es\/ca\/wp-json\/wp\/v2\/comments?post=4206"}],"version-history":[{"count":0,"href":"https:\/\/gradocau.umh.es\/ca\/wp-json\/wp\/v2\/pages\/4206\/revisions"}],"up":[{"embeddable":true,"href":"https:\/\/gradocau.umh.es\/ca\/wp-json\/wp\/v2\/pages\/4112"}],"wp:attachment":[{"href":"https:\/\/gradocau.umh.es\/ca\/wp-json\/wp\/v2\/media?parent=4206"}],"curies":[{"name":"wp","href":"https:\/\/api.w.org\/{rel}","templated":true}]}}