{"id":4176,"date":"2019-10-10T06:20:03","date_gmt":"2019-10-10T06:20:03","guid":{"rendered":"http:\/\/gradocau.umh.es\/?page_id=4176"},"modified":"2020-09-18T06:09:51","modified_gmt":"2020-09-18T06:09:51","slug":"escuela-de-cine-umh","status":"publish","type":"page","link":"https:\/\/gradocau.umh.es\/ca\/estudiantado\/actividades-y-proyectos-cau\/escuela-de-cine-umh\/","title":{"rendered":"Escuela de Cine UMH"},"content":{"rendered":"<p><a href=\"http:\/\/gradocau.umh.es\/files\/2019\/10\/ESCUELA-DE-CINE_1.png\" target=\"_blank\"><img loading=\"lazy\" class=\"  wp-image-4182 alignnone\" src=\"http:\/\/gradocau.umh.es\/files\/2019\/10\/ESCUELA-DE-CINE_1-300x197.png\" alt=\"ESCUELA DE CINE_1\" width=\"184\" height=\"121\" srcset=\"https:\/\/gradocau.umh.es\/files\/2019\/10\/ESCUELA-DE-CINE_1-300x197.png 300w, https:\/\/gradocau.umh.es\/files\/2019\/10\/ESCUELA-DE-CINE_1-1024x673.png 1024w, https:\/\/gradocau.umh.es\/files\/2019\/10\/ESCUELA-DE-CINE_1.png 1772w\" sizes=\"(max-width: 184px) 100vw, 184px\" \/><\/a><\/p>\n<p>La\u00a0Escuela de Cine UMH\u00a0es un programa formativo destinado a complementar la formaci\u00f3n acad\u00e9mica de los estudiantes de los grados en Comunicaci\u00f3n Audiovisual y Bellas Artes mediante la realizaci\u00f3n de proyectos audiovisuales en el campo de la ficci\u00f3n, en los que se trabaja mano a mano con docentes del grado y profesionales del medio audiovisual.<\/p>\n<p>Creado en el a\u00f1o 2015, este programa formativo de car\u00e1cter aplicado, pionero en nuestro pa\u00eds, surge con la finalidad de potenciar la formaci\u00f3n de nuestro alumnado en el campo espec\u00edfico de las artes cinematogr\u00e1ficas. A trav\u00e9s de un aprendizaje eminentemente pr\u00e1ctico, mediante la realizaci\u00f3n de proyectos audiovisuales en el \u00e1mbito cinematogr\u00e1fico, en los que se trabaje mano a mano con personal docente e investigador de los propios grados y con profesionales de la industria, los estudiantes podr\u00e1n aprender de primera mano y profundizar en determinadas \u00e1reas o campos profesionales espec\u00edficos del campo del cine.<\/p>\n<p>El proyecto integra a cuatro grandes colectivos:\u00a0<strong>Estudiantes, Alumnis, Docentes y Profesionales<\/strong><\/p>\n<p>&nbsp;<\/p>\n<h4>Objetivos de la actividad:<\/h4>\n<p><strong>Fomento audiovisual<\/strong>: Estimular e incentivar la producci\u00f3n de proyectos audiovisual entre la comunidad universitaria de la Universidad Miguel Hern\u00e1ndez y fomentar la creatividad y el talento del alumnado.<\/p>\n<p><strong>Sinergias:<\/strong> Crear sinergias entre docentes, profesionales y alumnado, con la finalidad de complementar la formaci\u00f3n acad\u00e9mica del estudiante en el aula.<\/p>\n<p><strong>Networking:<\/strong> Establecer relaciones entre los estudiantes y los profesionales del medio que puedan contribuir a su correcta inserci\u00f3n en el mercado laboral.<\/p>\n<p><strong>Difusi\u00f3n:<\/strong> Difundir proyectos que contribuyan a posicionar a la UMH como instituci\u00f3n de referencia en el \u00e1mbito audiovisual y aumentar su presencia en el \u00e1mbito de las producciones audiovisuales.<\/p>\n<p>&nbsp;<\/p>\n<h4>Reconocimiento de cr\u00e9ditos:<\/h4>\n<p><strong>La actividad est\u00e1 reconocida con 2,5 cr\u00e9ditos ECTS<\/strong>\u00a0en un total de 62,5 h que se reparten en 25 h de ense\u00f1anza presencial en m\u00f3dulos dirigidos, 30 h horas de trabajo aut\u00f3nomo y 7,5 h de trabajo compartido.<\/p>\n<p>&nbsp;<\/p>\n<h4>Responsables de la actividad:<\/h4>\n<p>Guillermo L\u00f3pez Aliaga y Mario-Paul Mart\u00ednez Fabre, profesores del \u00e1rea de Est\u00e9tica y Teor\u00eda de las Artes e investigadores del Grupo de Investigaci\u00f3n Massiva.<\/p>\n<p>Docentes participantes:\u00a0Vicente J. P\u00e9rez Valero, Carmen G. Muriana, Alvarito Sentamans, Fran Mateu.<\/p>\n<p>&nbsp;<\/p>\n<h4>Para m\u00e1s informaci\u00f3n:<\/h4>\n<p>P\u00e1gina web:\u00a0<a href=\"http:\/\/www.escueladecineumh.es\" target=\"_blank\">www.escueladecineumh.es<\/a><\/p>\n<p>Blog formativo:\u00a0<a href=\"http:\/\/escueladecine.edu.umh.es\" target=\"_blank\">escueladecine.edu.umh.es<\/a><\/p>\n<p>V\u00eddeo-presentaci\u00f3n:\u00a0<a href=\"https:\/\/drive.google.com\/file\/d\/1jIpRPPHRW-3tixzMt7YIG_M89ykIU6-P\/view?usp=sharing\" target=\"_blank\">https:\/\/drive.google.com\/file\/d\/1jIpRPPHRW-3tixzMt7YIG_M89ykIU6-P\/view?usp=sharing<\/a><\/p>\n<p>&nbsp;<\/p>\n<p><a href=\"http:\/\/gradocau.umh.es\/files\/2019\/10\/2.jpg\"><img loading=\"lazy\" class=\"alignleft  wp-image-4185\" src=\"http:\/\/gradocau.umh.es\/files\/2019\/10\/2-300x200.jpg\" alt=\"2\" width=\"414\" height=\"276\" srcset=\"https:\/\/gradocau.umh.es\/files\/2019\/10\/2-300x200.jpg 300w, https:\/\/gradocau.umh.es\/files\/2019\/10\/2-1024x683.jpg 1024w\" sizes=\"(max-width: 414px) 100vw, 414px\" \/><\/a><\/p>\n<p><a href=\"http:\/\/gradocau.umh.es\/files\/2019\/10\/4.jpg\"><img loading=\"lazy\" class=\"alignleft  wp-image-4187\" src=\"http:\/\/gradocau.umh.es\/files\/2019\/10\/4-300x200.jpg\" alt=\"4\" width=\"415\" height=\"276\" srcset=\"https:\/\/gradocau.umh.es\/files\/2019\/10\/4-300x200.jpg 300w, https:\/\/gradocau.umh.es\/files\/2019\/10\/4-1024x683.jpg 1024w, https:\/\/gradocau.umh.es\/files\/2019\/10\/4.jpg 2048w\" sizes=\"(max-width: 415px) 100vw, 415px\" \/><\/a><\/p>\n<p>&nbsp;<\/p>\n<p>&nbsp;<\/p>\n<p><a href=\"http:\/\/gradocau.umh.es\/files\/2019\/10\/1.jpg\"><img loading=\"lazy\" class=\"  wp-image-4184 alignnone\" src=\"http:\/\/gradocau.umh.es\/files\/2019\/10\/1-300x187.jpg\" alt=\"1\" width=\"414\" height=\"257\" \/><\/a><\/p>\n","protected":false},"excerpt":{"rendered":"<p>La\u00a0Escuela de Cine UMH\u00a0es un programa formativo destinado a complementar la formaci\u00f3n acad\u00e9mica de los estudiantes de los grados en Comunicaci\u00f3n Audiovisual y Bellas Artes mediante la realizaci\u00f3n de proyectos audiovisuales en el campo de la ficci\u00f3n, en los que se trabaja mano a mano con docentes del grado y profesionales del medio audiovisual. Creado [&hellip;]<\/p>\n","protected":false},"author":1724,"featured_media":0,"parent":4112,"menu_order":7,"comment_status":"closed","ping_status":"closed","template":"","meta":{"_links_to":"","_links_to_target":""},"_links":{"self":[{"href":"https:\/\/gradocau.umh.es\/ca\/wp-json\/wp\/v2\/pages\/4176"}],"collection":[{"href":"https:\/\/gradocau.umh.es\/ca\/wp-json\/wp\/v2\/pages"}],"about":[{"href":"https:\/\/gradocau.umh.es\/ca\/wp-json\/wp\/v2\/types\/page"}],"author":[{"embeddable":true,"href":"https:\/\/gradocau.umh.es\/ca\/wp-json\/wp\/v2\/users\/1724"}],"replies":[{"embeddable":true,"href":"https:\/\/gradocau.umh.es\/ca\/wp-json\/wp\/v2\/comments?post=4176"}],"version-history":[{"count":0,"href":"https:\/\/gradocau.umh.es\/ca\/wp-json\/wp\/v2\/pages\/4176\/revisions"}],"up":[{"embeddable":true,"href":"https:\/\/gradocau.umh.es\/ca\/wp-json\/wp\/v2\/pages\/4112"}],"wp:attachment":[{"href":"https:\/\/gradocau.umh.es\/ca\/wp-json\/wp\/v2\/media?parent=4176"}],"curies":[{"name":"wp","href":"https:\/\/api.w.org\/{rel}","templated":true}]}}