{"id":4156,"date":"2019-10-10T05:52:15","date_gmt":"2019-10-10T05:52:15","guid":{"rendered":"http:\/\/gradocau.umh.es\/?page_id=4156"},"modified":"2020-09-18T06:09:07","modified_gmt":"2020-09-18T06:09:07","slug":"4156-2","status":"publish","type":"page","link":"https:\/\/gradocau.umh.es\/ca\/estudiantado\/actividades-y-proyectos-cau\/4156-2\/","title":{"rendered":"Seminario de Creatividad y Lenguaje Audiovisual"},"content":{"rendered":"<p>Este Seminario est\u00e1 dirigido especialmente a <strong>estudiantes de 2\u00ba curso del Grado en Comunicaci\u00f3n Audiovisual<\/strong> y, en general, a estudiantes de otras titulaciones como Bellas Artes y Periodismo, as\u00ed como a profesores, investigadores y profesionales del \u00e1mbito de la comunicaci\u00f3n audiovisual.<\/p>\n<p>El Seminario se enmarca dentro de\u00a0las asignaturas de Teor\u00eda y Pr\u00e1ctica de la Edici\u00f3n y el Montaje y Expresi\u00f3n Gr\u00e1fica del 2\u00ba\u00a0curso del grado en Comunicaci\u00f3n Audiovisual y est\u00e1 destinado al alumnado de este grupo de cara a ampliar su formaci\u00f3n.<\/p>\n<p>Desde su primera edici\u00f3n, celebrada el curso 2014-2015, este seminario ha contado con la participaci\u00f3n de profesionales como <strong>Rafa G. S\u00e1nchez, Sim\u00f3n Domich y Juanpe Gimeno<\/strong> y su proyecto \u201cHydro The Film\u201d, el cineasta alicantino <strong>David Valero<\/strong>, el guionista y realizador <strong>Alberto Gonz\u00e1lez V\u00e1zquez<\/strong>, conocido popularmente como \u201cQuerido Antonio\u201d, el realizador y creativo de la productora 3 tristes teasers, especializado en el campo de las\u00a0<em>fashion films<\/em>\u00a0y en el de la expresi\u00f3n gr\u00e1fica<strong> V\u00edctor Claramunt<\/strong>, el ilustrador y autor de c\u00f3mic y novela gr\u00e1fica <strong>Carles Esquembre<\/strong>, los cineastas <strong>Ad\u00e1n Aliaga<\/strong> y <strong>Guillermo Alcal\u00e1-Santaella<\/strong> o el creador de las famosas vi\u00f1etas \u201cMierdecitas\u201d, <strong>H\u00e9ctor Bomet\u00f3n<\/strong>.<\/p>\n<p>&nbsp;<\/p>\n<h4>Objetivos de la actividad:<\/h4>\n<p>Pretende acercar el mundo profesional de la producci\u00f3n art\u00edstica audiovisual y la creatividad al \u00e1mbito acad\u00e9mico, permitiendo a los estudiantes la posibilidad de conocer de primera mano la trayectoria y los trabajos de algunos de los grandes profesionales de los campos del cine, la publicidad, la animaci\u00f3n o el videoclip, a trav\u00e9s de sus propios autores, para posibilitar la resoluci\u00f3n de dudas, consultas y curiosidades.<\/p>\n<p>&nbsp;<\/p>\n<h4>Responsables de la actividad:<\/h4>\n<p>Guillermo L\u00f3pez Aliaga y Fernando Fern\u00e1ndez Torres, profesores del \u00e1rea de Est\u00e9tica y Teor\u00eda de las Artes e investigadores del Grupo de Investigaci\u00f3n Massiva.<\/p>\n<p>&nbsp;<\/p>\n<p><a href=\"http:\/\/gradocau.umh.es\/files\/2019\/10\/10-12-18-seminario-creatividad-y-lenguaje-audiovisual-comprimida.jpg\" target=\"_blank\"><img loading=\"lazy\" class=\"alignleft  wp-image-4159\" src=\"http:\/\/gradocau.umh.es\/files\/2019\/10\/10-12-18-seminario-creatividad-y-lenguaje-audiovisual-comprimida-212x300.jpg\" alt=\"10-12-18-seminario-creatividad-y-lenguaje-audiovisual-comprimida\" width=\"262\" height=\"371\" srcset=\"https:\/\/gradocau.umh.es\/files\/2019\/10\/10-12-18-seminario-creatividad-y-lenguaje-audiovisual-comprimida-212x300.jpg 212w, https:\/\/gradocau.umh.es\/files\/2019\/10\/10-12-18-seminario-creatividad-y-lenguaje-audiovisual-comprimida-724x1024.jpg 724w\" sizes=\"(max-width: 262px) 100vw, 262px\" \/><\/a><\/p>\n<p><a href=\"http:\/\/gradocau.umh.es\/files\/2019\/10\/dic-216_1.jpg\" target=\"_blank\"><img loading=\"lazy\" class=\"  wp-image-4160 alignnone\" src=\"http:\/\/gradocau.umh.es\/files\/2019\/10\/dic-216_1-300x225.jpg\" alt=\"dic-216_1\" width=\"278\" height=\"208\" srcset=\"https:\/\/gradocau.umh.es\/files\/2019\/10\/dic-216_1-300x225.jpg 300w, https:\/\/gradocau.umh.es\/files\/2019\/10\/dic-216_1-1024x768.jpg 1024w, https:\/\/gradocau.umh.es\/files\/2019\/10\/dic-216_1.jpg 2016w\" sizes=\"(max-width: 278px) 100vw, 278px\" \/><\/a>\u00a0<a href=\"http:\/\/gradocau.umh.es\/files\/2019\/10\/24313277_1702845663110806_2936242016213938503_o.jpg\" target=\"_blank\"><img loading=\"lazy\" class=\"alignleft  wp-image-4163\" src=\"http:\/\/gradocau.umh.es\/files\/2019\/10\/24313277_1702845663110806_2936242016213938503_o-300x180.jpg\" alt=\"24313277_1702845663110806_2936242016213938503_o\" width=\"348\" height=\"209\" srcset=\"https:\/\/gradocau.umh.es\/files\/2019\/10\/24313277_1702845663110806_2936242016213938503_o-300x180.jpg 300w, https:\/\/gradocau.umh.es\/files\/2019\/10\/24313277_1702845663110806_2936242016213938503_o-1024x614.jpg 1024w, https:\/\/gradocau.umh.es\/files\/2019\/10\/24313277_1702845663110806_2936242016213938503_o.jpg 2048w\" sizes=\"(max-width: 348px) 100vw, 348px\" \/><\/a><\/p>\n<p>&nbsp;<\/p>\n<p>&nbsp;<\/p>\n<p>&nbsp;<\/p>\n","protected":false},"excerpt":{"rendered":"<p>Este Seminario est\u00e1 dirigido especialmente a estudiantes de 2\u00ba curso del Grado en Comunicaci\u00f3n Audiovisual y, en general, a estudiantes de otras titulaciones como Bellas Artes y Periodismo, as\u00ed como a profesores, investigadores y profesionales del \u00e1mbito de la comunicaci\u00f3n audiovisual. El Seminario se enmarca dentro de\u00a0las asignaturas de Teor\u00eda y Pr\u00e1ctica de la Edici\u00f3n [&hellip;]<\/p>\n","protected":false},"author":1724,"featured_media":0,"parent":4112,"menu_order":4,"comment_status":"closed","ping_status":"closed","template":"","meta":{"_links_to":"","_links_to_target":""},"_links":{"self":[{"href":"https:\/\/gradocau.umh.es\/ca\/wp-json\/wp\/v2\/pages\/4156"}],"collection":[{"href":"https:\/\/gradocau.umh.es\/ca\/wp-json\/wp\/v2\/pages"}],"about":[{"href":"https:\/\/gradocau.umh.es\/ca\/wp-json\/wp\/v2\/types\/page"}],"author":[{"embeddable":true,"href":"https:\/\/gradocau.umh.es\/ca\/wp-json\/wp\/v2\/users\/1724"}],"replies":[{"embeddable":true,"href":"https:\/\/gradocau.umh.es\/ca\/wp-json\/wp\/v2\/comments?post=4156"}],"version-history":[{"count":0,"href":"https:\/\/gradocau.umh.es\/ca\/wp-json\/wp\/v2\/pages\/4156\/revisions"}],"up":[{"embeddable":true,"href":"https:\/\/gradocau.umh.es\/ca\/wp-json\/wp\/v2\/pages\/4112"}],"wp:attachment":[{"href":"https:\/\/gradocau.umh.es\/ca\/wp-json\/wp\/v2\/media?parent=4156"}],"curies":[{"name":"wp","href":"https:\/\/api.w.org\/{rel}","templated":true}]}}