{"id":4058,"date":"2019-09-27T04:59:27","date_gmt":"2019-09-27T04:59:27","guid":{"rendered":"http:\/\/gradocau.umh.es\/?page_id=4058"},"modified":"2025-10-17T15:15:32","modified_gmt":"2025-10-17T15:15:32","slug":"presentacion","status":"publish","type":"page","link":"https:\/\/gradocau.umh.es\/ca\/presentacion\/","title":{"rendered":"Presentaci\u00f3n"},"content":{"rendered":"<p><\/p>\n<p>El Grado en <strong>Comunicaci\u00f3n Audiovisual de la UMH<\/strong> ofrece un plan formativo din\u00e1mico que recoge un conjunto de ense\u00f1anzas y contenidos especializados, orientados a la pr\u00e1ctica y al desarrollo profesional del futuro experto en el \u00e1mbito audiovisual, cinematogr\u00e1fico y multimedia.<\/p>\n<p>El conjunto de materias ofertadas en este Grado busca profundizar en cada \u00e1rea de la producci\u00f3n y realizaci\u00f3n audiovisual y multimedia, integrando los diferentes aspectos t\u00e9cnicos, narrativos, creativos y organizativos mediante la creaci\u00f3n de nuevos productos audiovisuales.<\/p>\n<p>La formaci\u00f3n pr\u00e1ctica de los estudiantes se despliega en unas instalaciones con equipos de inform\u00e1tica, plat\u00f3 de televisi\u00f3n y estudios de radio y un equipo docente altamente cualificado tanto acad\u00e9mica como profesionalmente.<\/p>\n<p>Las salidas profesionales del Grado son: realizador, productor, director, montador, operador de c\u00e1mara, sonidista,\u00a0guionista, director de fotograf\u00eda, fot\u00f3grafo profesional, t\u00e9cnico\u00a0en efectos especiales, dise\u00f1ador gr\u00e1fico, animador, t\u00e9cnico\u00a0en videojuegos\u00a0o\u00a0director de casting, pudiendo tambi\u00e9n desempe\u00f1ar labores t\u00e9cnicas en departamentos de prensa, de comunicaci\u00f3n social o bien ejercer la direcci\u00f3n de empresas de comunicaci\u00f3n.<\/p>\n<p>En CAU UMH apostamos por la <strong>movilidad nacional e internacional<\/strong>. Cada a\u00f1o se ofrecen cerca de 80 plazas entre destinos nacionales e internacionales. Entre las universidades extranjeras con las que tenemos convenio se encuentran instituciones de Reino Unido, Alemania, Francia, Croacia, Italia, Letonia, Polonia, Turqu\u00eda, Portugal, M\u00e9xico, Per\u00fa o Estados Unidos.<\/p>\n<p>En coordinaci\u00f3n con el\u00a0<strong>Observatorio Ocupacional<\/strong>, se ofertan m\u00e1s de 200 <strong>pr\u00e1cticas profesionales con empresas del sector <\/strong>de la comunicaci\u00f3n y en los medios de la propia universidad y su entorno: radio, televisi\u00f3n, cine, redes sociales y canales de divulgaci\u00f3n cient\u00edfica.<\/p>\n<p>Los estudiantes, adem\u00e1s, encontrar\u00e1n una amplia oferta de actividades complementarias en el \u00e1mbito de la Comunicaci\u00f3n Audiovisual y de la producci\u00f3n cinematogr\u00e1fica.<\/p>\n<ul>\n<li><strong>Seminario 5 y acci\u00f3n<\/strong>: Taller para la realizaci\u00f3n del primer cortometraje de ficci\u00f3n en primer curso.<\/li>\n<li><strong>Ciclo\u00a0B\u00e1sicos Cine<\/strong>: encuentro de estudiantes en base al formato cine f\u00f3rum.<\/li>\n<li><strong>Jornadas de Empleo<\/strong>: seminario para alumnos con graduados de CAU UMH, profesionales y expertos sobre los perfiles profesionales m\u00e1s demandados en el sector.<\/li>\n<li><strong>CreaTV<\/strong>: Los estudiantes de segundo curso desarrollan pr\u00e1cticas profesionales como parte de sus asignaturas y con instituciones educativas no universitarias.<\/li>\n<li><strong>Cortometraje Transversal:<\/strong> proyectos de cortometrajes que se integran de manera transversal en las asignaturas de segundo curso.<\/li>\n<li><strong>Seminario de Creatividad y Lenguaje Audiovisual:<\/strong> ponencias de profesionales de reconocido prestigio en el mundo de la creatividad, el dise\u00f1o y la producci\u00f3n audiovisual, para estudiantes de segundo curso.<\/li>\n<li><strong>Seminario Internacional de Posproducci\u00f3n y Arte Digital<\/strong>: encuentro con profesionales y artistas del mundo de la producci\u00f3n y el Arte Digital.<\/li>\n<li><strong>Una UMH fuera de serie: <\/strong>seminario orientado a la producci\u00f3n de webseries.<\/li>\n<li><strong>COMUNIC_A:<\/strong> realizaci\u00f3n de proyectos en campo audiovisual en colaboraci\u00f3n con la Asociaci\u00f3n de Empresas de Publicidad de la Provincia de Alicante, 361\u00ba y sus asociados.<\/li>\n<li><strong>Escuela de Cine UMH<\/strong>: proyectos audiovisuales en el campo de la ficci\u00f3n, en los que se trabaja mano a mano con docentes del grado y profesionales del medio audiovisual.<\/li>\n<li><strong>Proyecto International Student Film Project<\/strong>: proyecto itinerante de coproducci\u00f3n internacional para el rodaje de un cortometraje o documental.<\/li>\n<li><strong>Proyecto Atenea<\/strong>: taller de formaci\u00f3n espec\u00edfico para potenciar a la mujer productora y\/o directora.<\/li>\n<\/ul>\n<p>Igualmente, CAU UMH se beneficia de la faceta investigadora del equipo docente gracias al trabajo de <strong><a href=\"https:\/\/www.umh.es\/contenido\/pas\/:uor_1092_107\/datos_es.html\" target=\"_blank\" rel=\"noopener\">OCAP<\/a>\u00a0<\/strong>(Observatorio de Comunicaci\u00f3n Audiovisual y Publicidad), de <a title=\"Massiva\" href=\"https:\/\/www.grupomassiva.com\" target=\"_blank\" rel=\"noopener\"><strong>MASSIVA<\/strong><\/a> (Grupo de Investigaci\u00f3n que estudia la interrelaci\u00f3n de las pr\u00e1cticas audiovisuales, pr\u00e1cticas en red y cultura de masas) y <strong><a href=\"http:\/\/gicov.edu.umh.es\/\" target=\"_blank\" rel=\"noopener\">GICOV<\/a><\/strong> (Grupo de Investigaci\u00f3n en Comunicaci\u00f3n de la Comunidad Valenciana) y a la divulgaci\u00f3n cient\u00edfica a trav\u00e9s de la revista <a href=\"http:\/\/www.mhjournal.org\/\" target=\"_blank\" rel=\"noopener\">Miguel Hern\u00e1ndez Communication Journal (MHCJ).<\/a><\/p>\n<p>&nbsp;<\/p>","protected":false},"excerpt":{"rendered":"<p>El Grado en Comunicaci\u00f3n Audiovisual de la UMH ofrece un plan formativo din\u00e1mico que recoge un conjunto de ense\u00f1anzas y contenidos especializados, orientados a la pr\u00e1ctica y al desarrollo profesional del futuro experto en el \u00e1mbito audiovisual, cinematogr\u00e1fico y multimedia. El conjunto de materias ofertadas en este Grado busca profundizar en cada \u00e1rea de la [&hellip;]<\/p>\n","protected":false},"author":1724,"featured_media":0,"parent":0,"menu_order":0,"comment_status":"closed","ping_status":"open","template":"","meta":{"_links_to":"","_links_to_target":""},"_links":{"self":[{"href":"https:\/\/gradocau.umh.es\/ca\/wp-json\/wp\/v2\/pages\/4058"}],"collection":[{"href":"https:\/\/gradocau.umh.es\/ca\/wp-json\/wp\/v2\/pages"}],"about":[{"href":"https:\/\/gradocau.umh.es\/ca\/wp-json\/wp\/v2\/types\/page"}],"author":[{"embeddable":true,"href":"https:\/\/gradocau.umh.es\/ca\/wp-json\/wp\/v2\/users\/1724"}],"replies":[{"embeddable":true,"href":"https:\/\/gradocau.umh.es\/ca\/wp-json\/wp\/v2\/comments?post=4058"}],"version-history":[{"count":0,"href":"https:\/\/gradocau.umh.es\/ca\/wp-json\/wp\/v2\/pages\/4058\/revisions"}],"wp:attachment":[{"href":"https:\/\/gradocau.umh.es\/ca\/wp-json\/wp\/v2\/media?parent=4058"}],"curies":[{"name":"wp","href":"https:\/\/api.w.org\/{rel}","templated":true}]}}