{"id":1867,"date":"2016-05-17T18:04:02","date_gmt":"2016-05-17T18:04:02","guid":{"rendered":"http:\/\/gradocau.umh.es\/?page_id=1867"},"modified":"2016-10-13T14:48:39","modified_gmt":"2016-10-13T14:48:39","slug":"seminario-de-posproduccion-y-arte-digital-2016","status":"publish","type":"page","link":"https:\/\/gradocau.umh.es\/ca\/estudiantado\/cicap\/seminario-de-posproduccion-y-arte-digital-2016\/","title":{"rendered":"Seminario de Posproducci\u00f3n y Arte Digital 2016"},"content":{"rendered":"<p><strong>PRIMERA EDICI\u00d3N 2016<\/strong><\/p>\n<p>El Seminario Internacional de Posproducci\u00f3n y Arte Digital pretende acercar el fascinante mundo de la posproducci\u00f3n audiovisual para cine y publicidad a trav\u00e9s de las ponencias y charlas de algunos de los mejores profesionales y expertos del sector, junto a la realizaci\u00f3n de workshops y talleres, en los que el alumnado pueda poner en pr\u00e1ctica y experimentar con los distintos programas y t\u00e9cnicas de edici\u00f3n avanzada de v\u00eddeo, efectos visuales, motion graphics, retoque de color, animaci\u00f3n o modelado 3d, entre otros muchos.<\/p>\n<p><strong>Ponencias:<\/strong> Hasta completar el aforo (Aula 3; Atzavares)<\/p>\n<p><strong>Workshop:<\/strong> 30 plazas por orden de inscripci\u00f3n.<\/p>\n<p><strong>La entrada a las ponencias ser\u00e1 gratuita.<\/strong><\/p>\n<p>Los alumnos que asistan a las ponencias y realicen el workshop obtendr\u00e1n un certificado de asistencia de 20 h que podr\u00e1 convalidarse por 0.8 cr\u00e9dito de competencias transversales y profesionales a los estudiantes de t\u00edtulos de Grado y 2 cr\u00e9ditos de libre elecci\u00f3n a los estudiantes de Diplomaturas, Licenciaturas, Ingenier\u00edas e Ingenier\u00edas T\u00e9cnicas de la UMH.<\/p>\n<p><a title=\"V\u00eddeos de Ponencias\" href=\"http:\/\/gradocau.umh.es\/cicap\/seminario-de-posproduccion-y-arte-digital-2016\/videos-de-ponencias\/\">V\u00eddeos de Ponencias<\/a><\/p>\n<p>Web del Seminario:\u00a0<a href=\"http:\/\/posproduccionyartedigital.edu.umh.es\/#s-home\" target=\"_blank\">http:\/\/posproduccionyartedigital.edu.umh.es\/<\/a><\/p>\n","protected":false},"excerpt":{"rendered":"<p>PRIMERA EDICI\u00d3N 2016 El Seminario Internacional de Posproducci\u00f3n y Arte Digital pretende acercar el fascinante mundo de la posproducci\u00f3n audiovisual para cine y publicidad a trav\u00e9s de las ponencias y charlas de algunos de los mejores profesionales y expertos del sector, junto a la realizaci\u00f3n de workshops y talleres, en los que el alumnado pueda [&hellip;]<\/p>\n","protected":false},"author":790,"featured_media":0,"parent":828,"menu_order":3,"comment_status":"closed","ping_status":"closed","template":"","meta":{"_links_to":"","_links_to_target":""},"_links":{"self":[{"href":"https:\/\/gradocau.umh.es\/ca\/wp-json\/wp\/v2\/pages\/1867"}],"collection":[{"href":"https:\/\/gradocau.umh.es\/ca\/wp-json\/wp\/v2\/pages"}],"about":[{"href":"https:\/\/gradocau.umh.es\/ca\/wp-json\/wp\/v2\/types\/page"}],"author":[{"embeddable":true,"href":"https:\/\/gradocau.umh.es\/ca\/wp-json\/wp\/v2\/users\/790"}],"replies":[{"embeddable":true,"href":"https:\/\/gradocau.umh.es\/ca\/wp-json\/wp\/v2\/comments?post=1867"}],"version-history":[{"count":0,"href":"https:\/\/gradocau.umh.es\/ca\/wp-json\/wp\/v2\/pages\/1867\/revisions"}],"up":[{"embeddable":true,"href":"https:\/\/gradocau.umh.es\/ca\/wp-json\/wp\/v2\/pages\/828"}],"wp:attachment":[{"href":"https:\/\/gradocau.umh.es\/ca\/wp-json\/wp\/v2\/media?parent=1867"}],"curies":[{"name":"wp","href":"https:\/\/api.w.org\/{rel}","templated":true}]}}