{"id":1779,"date":"2016-05-09T14:48:20","date_gmt":"2016-05-09T14:48:20","guid":{"rendered":"http:\/\/gradocau.umh.es\/?page_id=1779"},"modified":"2020-12-07T07:48:20","modified_gmt":"2020-12-07T07:48:20","slug":"observatorio-ocupacional-practicas-en-empresas","status":"publish","type":"page","link":"https:\/\/gradocau.umh.es\/ca\/estudiantado\/observatorio-ocupacional-practicas-en-empresas\/","title":{"rendered":"Observatorio Ocupacional &#8211; Pr\u00e1cticas en Empresas"},"content":{"rendered":"<p><strong>FORMALIZAR UNA PR\u00c1CTICA<\/strong><\/p>\n<p>Una vez has contactado con la empresa para acordar las condiciones de tu pr\u00e1ctica y con un profesor de tu titulaci\u00f3n para que sea tu tutor acad\u00e9mico, debes\u00a0<strong><a href=\"http:\/\/universite.umh.es\/obsocup-gestion\/paginas\/estudiantes\/practicas1a1\/inicio.asp\">generar los documentos de pr\u00e1cticas<\/a>.<\/strong><\/p>\n<p><strong>Tambi\u00e9n puedes consultar las\u00a0<a href=\"https:\/\/observatorio.umh.es\/files\/2016\/10\/01.-Formaliza-tus-pr%C3%A1cticas-estado-de-alarma-V2-mayo-2020.pdf\" target=\"_blank\">instrucciones para formalizar las pr\u00e1cticas<\/a>.<\/strong><\/p>\n<p>Recuerda que debes imprimir 3 copias de tu anexo de pr\u00e1cticas y 2 copias del convenio de colaboraci\u00f3n (en el caso de que la empresa no lo tuviera), y\u00a0remitirlas al Observatorio Ocupacional para su tramitaci\u00f3n, debidamente firmadas y selladas por la empresa y firmadas por tu parte.<\/p>\n<p><strong>IMPORTANTE:<\/strong> Debes remitir la documentaci\u00f3n (\u00fanicamente originales, no son v\u00e1lidas copias escaneadas) al Observatorio Ocupacional antes del comienzo de tus pr\u00e1cticas. La documentaci\u00f3n puede enviarse por correo interno a trav\u00e9s de\u00a0cualquier conserjer\u00eda de los campus de la UMH (Elche, Sant Joan d\u2019Alacant, Orihuela y Altea). Tambi\u00e9n se puede entregar en mano en el Observatorio Ocupacional, o enviarla por <a href=\"http:\/\/observatorio.umh.es\/contacta-con-nosotros\/contacto\/\">correo postal<\/a>, preferiblemente certificado.<\/p>\n<p>Si vas a realizar <strong>pr\u00e1cticas remuneradas<\/strong> y est\u00e1s cobrando una <strong>prestaci\u00f3n por desempleo<\/strong>, deber\u00e1s ponerte en contacto con el <strong>SEPE<\/strong> antes de iniciar las pr\u00e1cticas para regularizar tu situaci\u00f3n.<\/p>\n<p>Por otro lado debes tener en cuenta tambi\u00e9n las <strong>obligaciones fiscales y tributarias<\/strong>, de acuerdo con la legislaci\u00f3n vigente, derivadas de la realizaci\u00f3n de pr\u00e1cticas remuneradas. Para m\u00e1s informaci\u00f3n puedes consultar pinchando <a href=\"http:\/\/observatorio.umh.es\/empresas\/informacion\/informacion-fiscal-y-tributaria-solo-para-el-caso-de-practicas-remuneradas-a-estudiantes\/\" target=\"_blank\"><strong>aqu\u00ed.<\/strong><\/a><strong>\u00a0<\/strong><\/p>\n<p><strong>Toda la informaci\u00f3n en:\u00a0<a href=\"http:\/\/observatorio.umh.es\/estudiantes-bolsa-de-practicas\/practicas\/formularios-formalizacion-de-practicas\/\" target=\"_blank\">http:\/\/observatorio.umh.es\/estudiantes-bolsa-de-practicas\/practicas\/formularios-formalizacion-de-practicas\/\u00a0<\/a><\/strong><\/p>\n<p>&nbsp;<\/p>\n<p>&nbsp;<\/p>\n","protected":false},"excerpt":{"rendered":"<p>FORMALIZAR UNA PR\u00c1CTICA Una vez has contactado con la empresa para acordar las condiciones de tu pr\u00e1ctica y con un profesor de tu titulaci\u00f3n para que sea tu tutor acad\u00e9mico, debes\u00a0generar los documentos de pr\u00e1cticas. Tambi\u00e9n puedes consultar las\u00a0instrucciones para formalizar las pr\u00e1cticas. Recuerda que debes imprimir 3 copias de tu anexo de pr\u00e1cticas y [&hellip;]<\/p>\n","protected":false},"author":790,"featured_media":0,"parent":281,"menu_order":20,"comment_status":"closed","ping_status":"closed","template":"","meta":{"_links_to":"","_links_to_target":""},"_links":{"self":[{"href":"https:\/\/gradocau.umh.es\/ca\/wp-json\/wp\/v2\/pages\/1779"}],"collection":[{"href":"https:\/\/gradocau.umh.es\/ca\/wp-json\/wp\/v2\/pages"}],"about":[{"href":"https:\/\/gradocau.umh.es\/ca\/wp-json\/wp\/v2\/types\/page"}],"author":[{"embeddable":true,"href":"https:\/\/gradocau.umh.es\/ca\/wp-json\/wp\/v2\/users\/790"}],"replies":[{"embeddable":true,"href":"https:\/\/gradocau.umh.es\/ca\/wp-json\/wp\/v2\/comments?post=1779"}],"version-history":[{"count":0,"href":"https:\/\/gradocau.umh.es\/ca\/wp-json\/wp\/v2\/pages\/1779\/revisions"}],"up":[{"embeddable":true,"href":"https:\/\/gradocau.umh.es\/ca\/wp-json\/wp\/v2\/pages\/281"}],"wp:attachment":[{"href":"https:\/\/gradocau.umh.es\/ca\/wp-json\/wp\/v2\/media?parent=1779"}],"curies":[{"name":"wp","href":"https:\/\/api.w.org\/{rel}","templated":true}]}}