{"id":16,"date":"2013-02-06T17:55:57","date_gmt":"2013-02-06T17:55:57","guid":{"rendered":"http:\/\/umh0845.edu-desarrollo.umh.es\/?page_id=16"},"modified":"2023-11-23T12:02:37","modified_gmt":"2023-11-23T12:02:37","slug":"informacionacademica","status":"publish","type":"page","link":"https:\/\/gradocau.umh.es\/ca\/informacionacademica\/","title":{"rendered":"Informaci\u00f3n Acad\u00e9mica"},"content":{"rendered":"<p>En este apartado ten\u00e9is a vuestra disposici\u00f3n\u00a0toda la informaci\u00f3n acad\u00e9mica del Grado en Comunicaci\u00f3n Audiovisual:<\/p>\n<ul>\n<li>\n<h4>CALENDARIO ACAD\u00c9MICO<\/h4>\n<hr \/>\n<ul>\n<li>Si lo que quieres saber es cu\u00e1ndo puedes hacer la pre-inscripci\u00f3n, la matr\u00edcula, qu\u00e9 plazos hay para reconocimiento de cr\u00e9ditos, cu\u00e1ndo empiezan las clases. etc., tienes que acudir al\u00a0<a href=\"http:\/\/www.umh.es\/contenido\/Estudiantes\/:calendario\/datos_es.html\" target=\"_blank\" rel=\"noopener\">CALENDARIO ACAD\u00c9MICO 2021-2022<\/a><\/li>\n<\/ul>\n<p>&nbsp;<\/p>\n<h4>HORARIOS DE CLASE<\/h4>\n<hr \/>\n<ul>\n<li>Horarios de clase en el Grado en Comunicaci\u00f3n Audiovisual para el\u00a0Curso 2021-2022:\u00a0<a href=\"http:\/\/gradocau.umh.es\/files\/2021\/09\/Horarios-CAU-21_22.pdf\" target=\"_blank\" rel=\"noopener\">HORARIOS GRADO CAU 2021-2022<\/a><\/li>\n<\/ul>\n<p>&nbsp;<\/p>\n<h4>EX\u00c1MENES<\/h4>\n<hr \/>\n<ul>\n<li>Calendario de ex\u00e1menes\u00a0en el Grado en Comunicaci\u00f3n Audiovisual para el\u00a0Curso 2021-2022:\u00a0\u00a0<a href=\"http:\/\/gradocau.umh.es\/files\/2021\/09\/Ex\u00e1menes-CAU-21_22.pdf\" target=\"_blank\" rel=\"noopener\">Calendario ex\u00e1menes CAU 2021-2022<\/a><\/li>\n<\/ul>\n<\/li>\n<\/ul>\n<p>&nbsp;<\/p>\n<p><\/p>","protected":false},"excerpt":{"rendered":"<p>En este apartado ten\u00e9is a vuestra disposici\u00f3n\u00a0toda la informaci\u00f3n acad\u00e9mica del Grado en Comunicaci\u00f3n Audiovisual: CALENDARIO ACAD\u00c9MICO Si lo que quieres saber es cu\u00e1ndo puedes hacer la pre-inscripci\u00f3n, la matr\u00edcula, qu\u00e9 plazos hay para reconocimiento de cr\u00e9ditos, cu\u00e1ndo empiezan las clases. etc., tienes que acudir al\u00a0CALENDARIO ACAD\u00c9MICO 2021-2022 &nbsp; HORARIOS DE CLASE Horarios de clase [&hellip;]<\/p>\n","protected":false},"author":300,"featured_media":0,"parent":0,"menu_order":2,"comment_status":"closed","ping_status":"closed","template":"","meta":{"_links_to":"","_links_to_target":""},"_links":{"self":[{"href":"https:\/\/gradocau.umh.es\/ca\/wp-json\/wp\/v2\/pages\/16"}],"collection":[{"href":"https:\/\/gradocau.umh.es\/ca\/wp-json\/wp\/v2\/pages"}],"about":[{"href":"https:\/\/gradocau.umh.es\/ca\/wp-json\/wp\/v2\/types\/page"}],"author":[{"embeddable":true,"href":"https:\/\/gradocau.umh.es\/ca\/wp-json\/wp\/v2\/users\/300"}],"replies":[{"embeddable":true,"href":"https:\/\/gradocau.umh.es\/ca\/wp-json\/wp\/v2\/comments?post=16"}],"version-history":[{"count":0,"href":"https:\/\/gradocau.umh.es\/ca\/wp-json\/wp\/v2\/pages\/16\/revisions"}],"wp:attachment":[{"href":"https:\/\/gradocau.umh.es\/ca\/wp-json\/wp\/v2\/media?parent=16"}],"curies":[{"name":"wp","href":"https:\/\/api.w.org\/{rel}","templated":true}]}}