{"id":1440,"date":"2016-03-06T08:49:57","date_gmt":"2016-03-06T08:49:57","guid":{"rendered":"http:\/\/gradocau.umh.es\/?page_id=1440"},"modified":"2016-05-17T18:21:19","modified_gmt":"2016-05-17T18:21:19","slug":"videos","status":"publish","type":"page","link":"https:\/\/gradocau.umh.es\/ca\/estudiantado\/cicap\/cicap-2015\/videos\/","title":{"rendered":"V\u00eddeos de Ponencias y Mesas Redondas"},"content":{"rendered":"<p><strong>MI\u00c9RCOLES, 4 de NOVIEMBRE de 2015\u00a0<\/strong><\/p>\n<p><strong>Inauguraci\u00f3n oficial del Congreso <\/strong>(Sesi\u00f3n vespertina en el Aula Magna del edificio Altabix).<br \/>\nTatiana Sentamans, Vicerrectora de Cultura y Extensi\u00f3n Universitaria Universidad Miguel Hern\u00e1ndez de Elche.<br \/>\nBego\u00f1a Ivars, Coordinadora de la Titulaci\u00f3n de Comunicaci\u00f3n Audiovisual Universidad Miguel Hern\u00e1ndez de Elche.<br \/>\nCarlos Navas, co-director de CICAP 2015 <em>Las series de ficci\u00f3n en TV e Internet<\/em>.<\/p>\n<p><iframe loading=\"lazy\" src=\"https:\/\/www.youtube.com\/embed\/-5AChbY4WpM\" width=\"560\" height=\"315\" frameborder=\"0\" allowfullscreen=\"allowfullscreen\"><\/iframe><\/p>\n<p>&nbsp;<\/p>\n<p>Conferencia inaugural <em><strong>Ficci\u00f3n para la red en Europa<\/strong>.<\/em><\/p>\n<p><strong>Gustavo Palacios<\/strong>, productor, director y guionista especializado en webseries <em>Invisibles<\/em> (2008-2013), <em>Mute<\/em> (2011) (Argentina).<br \/>\nPresenta Le\u00f3nidas Spinelli Universidad Miguel Hern\u00e1ndez de Elche.<br \/>\n<iframe loading=\"lazy\" src=\"https:\/\/www.youtube.com\/embed\/1fmNiwAYCNA\" width=\"560\" height=\"315\" frameborder=\"0\" allowfullscreen=\"allowfullscreen\"><\/iframe><\/p>\n<p>&nbsp;<\/p>\n<p>Mesa redonda: <strong>Las series de Ficci\u00f3n en Espa\u00f1a: series, productoras y cadenas<\/strong>.<\/p>\n<p>Mar\u00eda\u00a0Cervera, Dir. Internacional en Plano a Plano.\u00a0<em>El Pr\u00edncipe<\/em>,\u00a0<em>All\u00ed abajo<\/em>. (Espa\u00f1a).<br \/>\nMiriam Lagoa, Movistar Series (Espa\u00f1a).<br \/>\nModera Carlos Navas, Universidad Miguel Hern\u00e1ndez de Elche (Espa\u00f1a).<\/p>\n<p><iframe loading=\"lazy\" src=\"https:\/\/www.youtube.com\/embed\/qUo9VmaSXfY\" width=\"560\" height=\"315\" frameborder=\"0\" allowfullscreen=\"allowfullscreen\"><\/iframe><\/p>\n<p>&nbsp;<\/p>\n<p>Mesa redonda: <strong>Gesti\u00f3n colectiva y negociaci\u00f3n \u00a0privada de los derechos de autor<\/strong>.<\/p>\n<p>Tom\u00e1s Ros\u00f3n, Abogado fundador Gravina Asociados, asesor legal de la asociaci\u00f3n\u00a0ALMA de guionistas\u00a0(Espa\u00f1a).<br \/>\nMeritxell Closa, Directora Jur\u00eddica de la asociaci\u00f3n DAMA Derechos de Autor de Medios Audiovisuales,\u00a0DAMA (Espa\u00f1a).<br \/>\nModera Cristina L\u00f3pez S\u00e1nchez, Universidad Miguel Hern\u00e1ndez de Elche (Espa\u00f1a).<\/p>\n<p><iframe loading=\"lazy\" src=\"https:\/\/www.youtube.com\/embed\/SEIKzjqf3LE\" width=\"560\" height=\"315\" frameborder=\"0\" allowfullscreen=\"allowfullscreen\"><\/iframe><\/p>\n<hr \/>\n<p>&nbsp;<br \/>\n<strong>MI\u00c9RCOLES, 4 de NOVIEMBRE de 2015 <\/strong><\/p>\n<p><strong>Presentaci\u00f3n del\u00a0cortometraje\u00a066,7 <\/strong>(Rafa G. S\u00e1nchez y Guillermo L\u00f3pez, 2015).\u00a0Realizado por alumnos de la titulaci\u00f3n de Comunicaci\u00f3n Audiovisual.<\/p>\n<p><iframe loading=\"lazy\" src=\"https:\/\/www.youtube.com\/embed\/yKf2rYWqWG0\" width=\"560\" height=\"315\" frameborder=\"0\" allowfullscreen=\"allowfullscreen\"><\/iframe><\/p>\n<p>Mesa redonda <strong>Las series norteamericanas.<\/strong><\/p>\n<p>Conchi Cascajosa Virino, Profesora Universidad Carlos III de Madrid. Coordinadora del libro: <em>La caja lista. Televisi\u00f3n norteamericana de culto<\/em>\u00a0(Espa\u00f1a).<br \/>\nIsabel V\u00e1zquez, Guionista, escritora y cr\u00edtica televisiva especializada en series de ficci\u00f3n\u00a0(Espa\u00f1a).<br \/>\nModera Antonio Sempere, Universidad Miguel Hern\u00e1ndez\u00a0(Espa\u00f1a).<br \/>\n<iframe loading=\"lazy\" src=\"https:\/\/www.youtube.com\/embed\/a7vMbCPJmlw\" width=\"560\" height=\"315\" frameborder=\"0\" allowfullscreen=\"allowfullscreen\"><\/iframe><\/p>\n<p>&nbsp;<\/p>\n<p>Mesa redonda <strong>Las series de televisi\u00f3n y el fen\u00f3meno fan<\/strong>.<\/p>\n<p>Mar\u00eda del Mar Grand\u00edo P\u00e9rez, Profesora de la Universidad de Murcia. Investigadora\u00a0de audiencias en TV\u00a0y de la serie\u00a0<em>Friends <\/em>en Espa\u00f1a\u00a0(Espa\u00f1a).<br \/>\nAlberto Rey, cr\u00edtico televisivo especializado en\u00a0series, autor del blog Asesino en Serie en El Mundo.<br \/>\nModera Fernando Mir\u00f3, Decano de la Facultad de Ciencias Sociales y Jur\u00eddicas de Elche de la Universidad Miguel Hern\u00e1ndez de Elche\u00a0(Espa\u00f1a).<\/p>\n<p><iframe loading=\"lazy\" src=\"https:\/\/www.youtube.com\/embed\/PWjtR46uJaM\" width=\"560\" height=\"315\" frameborder=\"0\" allowfullscreen=\"allowfullscreen\"><\/iframe><\/p>\n<p>Ponencia Final<\/p>\n<p>Una vida de serie.<strong>\u00a0Isabel V\u00e1zquez dialoga con Crist\u00f3bal Garrido, guionista<\/strong>.<strong>\u00a0<\/strong><\/p>\n<p><iframe loading=\"lazy\" src=\"https:\/\/www.youtube.com\/embed\/nCWPgRcFsyw\" width=\"560\" height=\"315\" frameborder=\"0\" allowfullscreen=\"allowfullscreen\"><\/iframe><\/p>\n<p>&nbsp;<\/p>\n","protected":false},"excerpt":{"rendered":"<p>MI\u00c9RCOLES, 4 de NOVIEMBRE de 2015\u00a0 Inauguraci\u00f3n oficial del Congreso (Sesi\u00f3n vespertina en el Aula Magna del edificio Altabix). Tatiana Sentamans, Vicerrectora de Cultura y Extensi\u00f3n Universitaria Universidad Miguel Hern\u00e1ndez de Elche. Bego\u00f1a Ivars, Coordinadora de la Titulaci\u00f3n de Comunicaci\u00f3n Audiovisual Universidad Miguel Hern\u00e1ndez de Elche. Carlos Navas, co-director de CICAP 2015 Las series de [&hellip;]<\/p>\n","protected":false},"author":790,"featured_media":0,"parent":830,"menu_order":0,"comment_status":"closed","ping_status":"closed","template":"","meta":{"_links_to":"","_links_to_target":""},"_links":{"self":[{"href":"https:\/\/gradocau.umh.es\/ca\/wp-json\/wp\/v2\/pages\/1440"}],"collection":[{"href":"https:\/\/gradocau.umh.es\/ca\/wp-json\/wp\/v2\/pages"}],"about":[{"href":"https:\/\/gradocau.umh.es\/ca\/wp-json\/wp\/v2\/types\/page"}],"author":[{"embeddable":true,"href":"https:\/\/gradocau.umh.es\/ca\/wp-json\/wp\/v2\/users\/790"}],"replies":[{"embeddable":true,"href":"https:\/\/gradocau.umh.es\/ca\/wp-json\/wp\/v2\/comments?post=1440"}],"version-history":[{"count":0,"href":"https:\/\/gradocau.umh.es\/ca\/wp-json\/wp\/v2\/pages\/1440\/revisions"}],"up":[{"embeddable":true,"href":"https:\/\/gradocau.umh.es\/ca\/wp-json\/wp\/v2\/pages\/830"}],"wp:attachment":[{"href":"https:\/\/gradocau.umh.es\/ca\/wp-json\/wp\/v2\/media?parent=1440"}],"curies":[{"name":"wp","href":"https:\/\/api.w.org\/{rel}","templated":true}]}}