{"id":121,"date":"2013-06-06T09:34:42","date_gmt":"2013-06-06T09:34:42","guid":{"rendered":"http:\/\/electronicayautomatica.edu.umh.es\/?page_id=121"},"modified":"2023-11-22T13:31:18","modified_gmt":"2023-11-22T13:31:18","slug":"localizacioncontacto","status":"publish","type":"page","link":"https:\/\/gradocau.umh.es\/ca\/presentacion\/localizacioncontacto\/","title":{"rendered":"Directorio"},"content":{"rendered":"<p><strong>Roc\u00edo Cifuentes Albeza<\/strong><br \/>\nVicedecana del Grado en Comunicaci\u00f3n Audiovisual UMH.<br \/>\nvicedec.cau@umh.es<\/p>\n<p><strong>Vicente Javier P\u00e9rez Valero<\/strong><br \/>\nCoordinador de \u00e1rea para la proyecci\u00f3n del Grado en Comunicaci\u00f3n Audiovisual\u00a0UMH.<br \/>\nvperez@umh.es<\/p>\n<p><strong>Los Grados en Comunicaci\u00f3n Audiovisual, Periodismo y Doble Grado en Comunicaci\u00f3n Audiovisual y Periodismo no<\/strong> <strong>ofrecen servicios de producci\u00f3n audiovisual a empresas ni a particulares, ni ceden a terceros, gratuitamente o previo pago, sus equipos t\u00e9cnicos o instalaciones destinadas a la docencia.<\/strong><\/p>\n<p>Para ofertas de <strong>pr\u00e1cticas remuneradas a nuestros estudiantes<\/strong>, les rogamos que se pongan en contacto con el <a href=\"https:\/\/observatorio.umh.es\/presentacion\/\" target=\"_blank\" rel=\"noopener\">Observatorio Ocupacional de la UMH<\/a>. De forma f\u00e1cil y r\u00e1pida podr\u00e1 firmar un convenio que asegure la relaci\u00f3n entre empresa y estudiante y cubra a \u00e9ste segundo debidamente.\u00a0Para <strong>ofertas laborales <\/strong>pueden dirigirse al <a href=\"https:\/\/observatorio.umh.es\/presentacion\/\" target=\"_blank\" rel=\"noopener\">Observatorio Ocupacional<\/a> y al Servicio de <a href=\"https:\/\/alumni.umh.es\/\" target=\"_blank\" rel=\"noopener\">Alumni<\/a>.<\/p>\n<p>Para propuestas de <strong>proyectos colaborativos<\/strong>, le indicamos que los plazos de aprobaci\u00f3n por parte del equipo de vicedecanos son en octubre y enero\/febrero. Para su valoraci\u00f3n requerimos que la propuesta contemple los siguientes datos: 1. Breve descripci\u00f3n del proyecto; 2. Objetivos o beneficios que cubre para el solicitante, para la Universidad, y para la titulaci\u00f3n implicada y\/o estudiantes; 3. Perfil profesional al que va dirigido; 4. Presupuesto con el que cuenta el proyecto (si procede); 5. Detalle de requerimientos que se solicitan a la titulaci\u00f3n (n\u00famero de estudiantes, profesor\/a, fechas y horas dedicaci\u00f3n, retribuci\u00f3n si procede, etc.); 6. Cronograma o fecha de ejecuci\u00f3n; 7. Datos de contacto de qui\u00e9n propone el proyecto y; 8. Otros datos de inter\u00e9s que estime.<\/p>\n<p>Las propuestas de proyectos colaborativos se realizar\u00e1n a trav\u00e9s del siguiente <a href=\"https:\/\/forms.gle\/D5Pjxpvc3pzxgu4P9\" target=\"_blank\" rel=\"noopener\">formulario<\/a>.<\/p>\n<p>Coordinadores de curso de la Titulaci\u00f3n:<br \/>\n1\u00ba CAU: Montserrat Jurado:\u00a0mjurado@umh.es<br \/>\n2\u00ba CAU: Vicente J. P\u00e9rez:\u00a0vperez@umh.es<br \/>\n3\u00ba CAU: Elpidio del Campo: edelcampo@umh.es<br \/>\n4\u00ba CAU: Mario Paul Mart\u00ednez:\u00a0mario.martinez@umh.es<\/p>\n<p>Espacios Docentes en Edificio Atzavares Campus de Elche<\/p>\n<p>&nbsp;<\/p>","protected":false},"excerpt":{"rendered":"<p>Roc\u00edo Cifuentes Albeza Vicedecana del Grado en Comunicaci\u00f3n Audiovisual UMH. vicedec.cau@umh.es Vicente Javier P\u00e9rez Valero Coordinador de \u00e1rea para la proyecci\u00f3n del Grado en Comunicaci\u00f3n Audiovisual\u00a0UMH. vperez@umh.es Los Grados en Comunicaci\u00f3n Audiovisual, Periodismo y Doble Grado en Comunicaci\u00f3n Audiovisual y Periodismo no ofrecen servicios de producci\u00f3n audiovisual a empresas ni a particulares, ni ceden a [&hellip;]<\/p>\n","protected":false},"author":662,"featured_media":0,"parent":4058,"menu_order":9,"comment_status":"closed","ping_status":"closed","template":"","meta":{"_links_to":"","_links_to_target":""},"_links":{"self":[{"href":"https:\/\/gradocau.umh.es\/ca\/wp-json\/wp\/v2\/pages\/121"}],"collection":[{"href":"https:\/\/gradocau.umh.es\/ca\/wp-json\/wp\/v2\/pages"}],"about":[{"href":"https:\/\/gradocau.umh.es\/ca\/wp-json\/wp\/v2\/types\/page"}],"author":[{"embeddable":true,"href":"https:\/\/gradocau.umh.es\/ca\/wp-json\/wp\/v2\/users\/662"}],"replies":[{"embeddable":true,"href":"https:\/\/gradocau.umh.es\/ca\/wp-json\/wp\/v2\/comments?post=121"}],"version-history":[{"count":0,"href":"https:\/\/gradocau.umh.es\/ca\/wp-json\/wp\/v2\/pages\/121\/revisions"}],"up":[{"embeddable":true,"href":"https:\/\/gradocau.umh.es\/ca\/wp-json\/wp\/v2\/pages\/4058"}],"wp:attachment":[{"href":"https:\/\/gradocau.umh.es\/ca\/wp-json\/wp\/v2\/media?parent=121"}],"curies":[{"name":"wp","href":"https:\/\/api.w.org\/{rel}","templated":true}]}}